{"id":2340,"date":"2023-06-20T14:56:13","date_gmt":"2023-06-20T14:56:13","guid":{"rendered":"https:\/\/www.erudio.si\/internationalschool\/?page_id=2340"},"modified":"2023-06-20T15:00:56","modified_gmt":"2023-06-20T15:00:56","slug":"politika-zasebnosti","status":"publish","type":"page","link":"https:\/\/www.erudio.si\/internationalschool\/politika-zasebnosti\/","title":{"rendered":"Politika zasebnosti"},"content":{"rendered":"\t\t<div data-elementor-type=\"wp-post\" data-elementor-id=\"2340\" class=\"elementor elementor-2340\">\n\t\t\t\t\t\t\t\t\t<section class=\"elementor-section elementor-top-section elementor-element elementor-element-c2a3bc8 elementor-section-boxed elementor-section-height-default elementor-section-height-default\" data-id=\"c2a3bc8\" data-element_type=\"section\" data-settings=\"{&quot;background_background&quot;:&quot;classic&quot;}\">\n\t\t\t\t\t\t\t<div class=\"elementor-background-overlay\"><\/div>\n\t\t\t\t\t\t\t<div class=\"elementor-container elementor-column-gap-no\">\n\t\t\t\t\t<div class=\"elementor-column elementor-col-100 elementor-top-column elementor-element elementor-element-26c71c5\" data-id=\"26c71c5\" data-element_type=\"column\">\n\t\t\t<div class=\"elementor-widget-wrap elementor-element-populated\">\n\t\t\t\t\t\t\t\t<div class=\"elementor-element elementor-element-f23a1e2 elementor-widget elementor-widget-heading\" data-id=\"f23a1e2\" data-element_type=\"widget\" data-widget_type=\"heading.default\">\n\t\t\t\t<div class=\"elementor-widget-container\">\n\t\t\t<style>\/*! elementor - v3.17.0 - 08-11-2023 *\/\n.elementor-heading-title{padding:0;margin:0;line-height:1}.elementor-widget-heading .elementor-heading-title[class*=elementor-size-]>a{color:inherit;font-size:inherit;line-height:inherit}.elementor-widget-heading .elementor-heading-title.elementor-size-small{font-size:15px}.elementor-widget-heading .elementor-heading-title.elementor-size-medium{font-size:19px}.elementor-widget-heading .elementor-heading-title.elementor-size-large{font-size:29px}.elementor-widget-heading .elementor-heading-title.elementor-size-xl{font-size:39px}.elementor-widget-heading .elementor-heading-title.elementor-size-xxl{font-size:59px}<\/style><h2 class=\"elementor-heading-title elementor-size-default\"><b>Politika zasebnosti ERUDIO International School<\/b><\/h2>\t\t<\/div>\n\t\t\t\t<\/div>\n\t\t\t\t\t<\/div>\n\t\t<\/div>\n\t\t\t\t\t\t\t<\/div>\n\t\t<\/section>\n\t\t\t\t<section class=\"elementor-section elementor-top-section elementor-element elementor-element-812a9ff elementor-section-boxed elementor-section-height-default elementor-section-height-default\" data-id=\"812a9ff\" data-element_type=\"section\">\n\t\t\t\t\t\t<div class=\"elementor-container elementor-column-gap-default\">\n\t\t\t\t\t<div class=\"elementor-column elementor-col-100 elementor-top-column elementor-element elementor-element-331abfa\" data-id=\"331abfa\" data-element_type=\"column\">\n\t\t\t<div class=\"elementor-widget-wrap elementor-element-populated\">\n\t\t\t\t\t\t\t\t<div class=\"elementor-element elementor-element-756b92d elementor-widget-divider--view-line elementor-widget elementor-widget-divider\" data-id=\"756b92d\" data-element_type=\"widget\" data-widget_type=\"divider.default\">\n\t\t\t\t<div class=\"elementor-widget-container\">\n\t\t\t<style>\/*! elementor - v3.17.0 - 08-11-2023 *\/\n.elementor-widget-divider{--divider-border-style:none;--divider-border-width:1px;--divider-color:#0c0d0e;--divider-icon-size:20px;--divider-element-spacing:10px;--divider-pattern-height:24px;--divider-pattern-size:20px;--divider-pattern-url:none;--divider-pattern-repeat:repeat-x}.elementor-widget-divider .elementor-divider{display:flex}.elementor-widget-divider .elementor-divider__text{font-size:15px;line-height:1;max-width:95%}.elementor-widget-divider .elementor-divider__element{margin:0 var(--divider-element-spacing);flex-shrink:0}.elementor-widget-divider .elementor-icon{font-size:var(--divider-icon-size)}.elementor-widget-divider .elementor-divider-separator{display:flex;margin:0;direction:ltr}.elementor-widget-divider--view-line_icon .elementor-divider-separator,.elementor-widget-divider--view-line_text .elementor-divider-separator{align-items:center}.elementor-widget-divider--view-line_icon .elementor-divider-separator:after,.elementor-widget-divider--view-line_icon .elementor-divider-separator:before,.elementor-widget-divider--view-line_text .elementor-divider-separator:after,.elementor-widget-divider--view-line_text .elementor-divider-separator:before{display:block;content:\"\";border-bottom:0;flex-grow:1;border-top:var(--divider-border-width) var(--divider-border-style) var(--divider-color)}.elementor-widget-divider--element-align-left .elementor-divider .elementor-divider-separator>.elementor-divider__svg:first-of-type{flex-grow:0;flex-shrink:100}.elementor-widget-divider--element-align-left .elementor-divider-separator:before{content:none}.elementor-widget-divider--element-align-left .elementor-divider__element{margin-left:0}.elementor-widget-divider--element-align-right .elementor-divider .elementor-divider-separator>.elementor-divider__svg:last-of-type{flex-grow:0;flex-shrink:100}.elementor-widget-divider--element-align-right .elementor-divider-separator:after{content:none}.elementor-widget-divider--element-align-right .elementor-divider__element{margin-right:0}.elementor-widget-divider:not(.elementor-widget-divider--view-line_text):not(.elementor-widget-divider--view-line_icon) .elementor-divider-separator{border-top:var(--divider-border-width) var(--divider-border-style) var(--divider-color)}.elementor-widget-divider--separator-type-pattern{--divider-border-style:none}.elementor-widget-divider--separator-type-pattern.elementor-widget-divider--view-line .elementor-divider-separator,.elementor-widget-divider--separator-type-pattern:not(.elementor-widget-divider--view-line) .elementor-divider-separator:after,.elementor-widget-divider--separator-type-pattern:not(.elementor-widget-divider--view-line) .elementor-divider-separator:before,.elementor-widget-divider--separator-type-pattern:not([class*=elementor-widget-divider--view]) .elementor-divider-separator{width:100%;min-height:var(--divider-pattern-height);-webkit-mask-size:var(--divider-pattern-size) 100%;mask-size:var(--divider-pattern-size) 100%;-webkit-mask-repeat:var(--divider-pattern-repeat);mask-repeat:var(--divider-pattern-repeat);background-color:var(--divider-color);-webkit-mask-image:var(--divider-pattern-url);mask-image:var(--divider-pattern-url)}.elementor-widget-divider--no-spacing{--divider-pattern-size:auto}.elementor-widget-divider--bg-round{--divider-pattern-repeat:round}.rtl .elementor-widget-divider .elementor-divider__text{direction:rtl}.e-con-inner>.elementor-widget-divider,.e-con>.elementor-widget-divider{width:var(--container-widget-width,100%);--flex-grow:var(--container-widget-flex-grow)}<\/style>\t\t<div class=\"elementor-divider\">\n\t\t\t<span class=\"elementor-divider-separator\">\n\t\t\t\t\t\t<\/span>\n\t\t<\/div>\n\t\t\t\t<\/div>\n\t\t\t\t<\/div>\n\t\t\t\t\t<\/div>\n\t\t<\/div>\n\t\t\t\t\t\t\t<\/div>\n\t\t<\/section>\n\t\t\t\t<section class=\"elementor-section elementor-top-section elementor-element elementor-element-189803a elementor-section-boxed elementor-section-height-default elementor-section-height-default\" data-id=\"189803a\" data-element_type=\"section\">\n\t\t\t\t\t\t<div class=\"elementor-container elementor-column-gap-default\">\n\t\t\t\t\t<div class=\"elementor-column elementor-col-100 elementor-top-column elementor-element elementor-element-1143af8\" data-id=\"1143af8\" data-element_type=\"column\">\n\t\t\t<div class=\"elementor-widget-wrap elementor-element-populated\">\n\t\t\t\t\t\t\t\t<div class=\"elementor-element elementor-element-f1ece18 elementor-widget elementor-widget-text-editor\" data-id=\"f1ece18\" data-element_type=\"widget\" data-widget_type=\"text-editor.default\">\n\t\t\t\t<div class=\"elementor-widget-container\">\n\t\t\t<style>\/*! elementor - v3.17.0 - 08-11-2023 *\/\n.elementor-widget-text-editor.elementor-drop-cap-view-stacked .elementor-drop-cap{background-color:#69727d;color:#fff}.elementor-widget-text-editor.elementor-drop-cap-view-framed .elementor-drop-cap{color:#69727d;border:3px solid;background-color:transparent}.elementor-widget-text-editor:not(.elementor-drop-cap-view-default) .elementor-drop-cap{margin-top:8px}.elementor-widget-text-editor:not(.elementor-drop-cap-view-default) .elementor-drop-cap-letter{width:1em;height:1em}.elementor-widget-text-editor .elementor-drop-cap{float:left;text-align:center;line-height:1;font-size:50px}.elementor-widget-text-editor .elementor-drop-cap-letter{display:inline-block}<\/style>\t\t\t\t<h3 style=\"font-style: normal;\">Politika zasebnosti ERUDIO International School<\/h3><div>S poslanim povpra\u0161evanjem, prijavo na prosto delovno mesto, izpolnjevanjem kontaktnega obrazca na spletnih straneh ali vpisom v izobra\u017eevanje omogo\u010dite podjetju ERUDIO International School, d.o.o., Litostrojska cesta 40, 1000 Ljubljana, da zbira in obdeluje posredovane osebne podatke.<br \/><span style=\"background-color: var(--ast-global-color-5); color: var(--ast-global-color-3); font-size: 1rem;\"><br \/><\/span><\/div><div><span style=\"background-color: var(--ast-global-color-5); color: var(--ast-global-color-3); font-size: 1rem;\">Posredovane osebne podatke bomo obdelovali v skladu s Splo\u0161no uredbo o varstvu osebnih podatkov in veljavnim Zakonom o varstvu osebnih podatkov.<\/span><\/div><div><span style=\"background-color: var(--ast-global-color-5); color: var(--ast-global-color-3); font-size: 1rem;\">\u00a0<\/span><\/div><div><span style=\"background-color: var(--ast-global-color-5); color: var(--ast-global-color-3); font-size: 1rem;\">Uradna oseba podjetja je Dimitrij Mikli\u010d, dosegljiv na elektronskem naslovu: internationalschool@erudio.si .<\/span><\/div><div>\u00a0<\/div><h3 style=\"font-style: normal;\">Obdelava podatkov<\/h3><div>Va\u0161e osebne podatke zbiramo le, \u010de je to nujno potrebno.<\/div><div>\u00a0<\/div><div>\u010ce \u017eelite oddati povpra\u0161evanje ali se prijaviti na izobra\u017eevanje, vas bomo prosili za ime, priimek, elektronski naslov, telefonsko \u0161tevilko. Osebne podatke potrebujemo, da vam la\u017eje podamo odgovor oz. ponudbo na va\u0161e povpra\u0161evanje oz. prijavo na prosto delovno mesto.<\/div><div>\u00a0<\/div><h3 style=\"font-style: normal;\">Namen<\/h3><div>Osebne podatke zbiramo v skladu za namenom, za katerega ste nam jih posredovali. Posredovanih osebnih podatkov ne bomo uporabili za drug namen.<\/div><div>\u00a0<\/div><h3 style=\"font-style: normal;\">Pravna podlaga<\/h3><div>Osebne podatke zbiramo na podlagi va\u0161ega soglasja oz. na podlagi pogodbe.<\/div><div>\u00a0<\/div><h3 style=\"font-style: normal;\">Uporaba osebnih podatkov<\/h3><div>Osebne podatke uporabljamo izklju\u010dno za namen, zaradi katerega ste nam podatke posredovali.<\/div><div>\u00a0<\/div><h3 style=\"font-style: normal;\">Shranjevanje podatkov<\/h3><div>Osebne podatke, ki ste nam jih posredovali hranimo do preklica. Soglasje za obdelavo osebnih podatkov lahko kadarkoli prekli\u010dete. Preklic privolitve ne vpliva na zakonitost obdelave podatkov pred preklicem.<\/div><div>\u00a0<\/div><div>Vse ostale osebne podatke v okviru pogodbenega sodelovanja hranimo v skladu z veljavno zakonodajo.<\/div><div>\u00a0<\/div><h3 style=\"font-style: normal;\">Posredovanje osebnih podatkov<\/h3><div>Osebnih podatkov ne bomo posredovali tretjim osebam in jih ne bomo javno razkrili, razen izbranim pogodbenim partnerjem, katere prav tako zavezuje Splo\u0161na uredba o varstvu osebnih podatkov. Osebnih podatkov ne bomo posredovali v tretjo dr\u017eavo ali organizacijo.<\/div><div>\u00a0<\/div><h3 style=\"font-style: normal;\">Va\u0161e pravice<\/h3><div>V skladu s Splo\u0161no uredbo o varstvu osebnih podatkov imate pravico do dostopa do podatkov, ki se nana\u0161ajo na vas, pravico do popravka podatkov, pravico do omejitve obdelave, pravico do izbrisa podatkov ter pravico do prenosljivosti podatkov.<\/div><div>\u00a0<\/div><div>Katerokoli pravico po Splo\u0161ni uredbi o varstvu osebnih podatkov lahko kadarkoli pisno uveljavljate. Pri tem navedite ime, priimek ter elektronski naslov.<\/div><div>\u00a0<\/div><div>Zahtevo lahko po\u0161ljete na elektronski naslov:\u00a0<span style=\"background-color: var(--ast-global-color-5); color: var(--ast-global-color-3); font-size: 1rem;\">internationalschool@erudio.si ali po po\u0161ti na naslov:<\/span><\/div><div><span style=\"background-color: var(--ast-global-color-5); color: var(--ast-global-color-3); font-size: 1rem;\">\u00a0<\/span><\/div><div><span style=\"background-color: var(--ast-global-color-5); color: var(--ast-global-color-3); font-size: 1rem;\">ERUDIO International School, d.o.o.<\/span><\/div><div><span style=\"background-color: var(--ast-global-color-5); color: var(--ast-global-color-3); font-size: 1rem;\">\u00a0<\/span><\/div><div><span style=\"background-color: var(--ast-global-color-5); color: var(--ast-global-color-3); font-size: 1rem;\">Litostrojska cesta 40<\/span><\/div><div><span style=\"background-color: var(--ast-global-color-5); color: var(--ast-global-color-3); font-size: 1rem;\">1000 Ljubljana<\/span><\/div><div><span style=\"background-color: var(--ast-global-color-5); color: var(--ast-global-color-3); font-size: 1rem;\">\u00a0<\/span><\/div><div><span style=\"background-color: var(--ast-global-color-5); color: var(--ast-global-color-3); font-size: 1rem;\">V primeru spora imate pravico vlo\u017eiti ugovor pri podjetju ERUDIO International School d.o.o. ter prito\u017ebo pri Informacijskem poobla\u0161\u010dencu.<\/span><\/div>\t\t\t\t\t\t<\/div>\n\t\t\t\t<\/div>\n\t\t\t\t\t<\/div>\n\t\t<\/div>\n\t\t\t\t\t\t\t<\/div>\n\t\t<\/section>\n\t\t\t\t<section class=\"elementor-section elementor-top-section elementor-element elementor-element-e803c31 elementor-section-boxed elementor-section-height-default elementor-section-height-default\" data-id=\"e803c31\" data-element_type=\"section\">\n\t\t\t\t\t\t<div class=\"elementor-container elementor-column-gap-default\">\n\t\t\t\t\t<div class=\"elementor-column elementor-col-100 elementor-top-column elementor-element elementor-element-114be2a\" data-id=\"114be2a\" data-element_type=\"column\">\n\t\t\t<div class=\"elementor-widget-wrap elementor-element-populated\">\n\t\t\t\t\t\t\t\t<div class=\"elementor-element elementor-element-40d57ac elementor-widget-divider--view-line elementor-widget elementor-widget-divider\" data-id=\"40d57ac\" data-element_type=\"widget\" data-widget_type=\"divider.default\">\n\t\t\t\t<div class=\"elementor-widget-container\">\n\t\t\t\t\t<div class=\"elementor-divider\">\n\t\t\t<span class=\"elementor-divider-separator\">\n\t\t\t\t\t\t<\/span>\n\t\t<\/div>\n\t\t\t\t<\/div>\n\t\t\t\t<\/div>\n\t\t\t\t\t<\/div>\n\t\t<\/div>\n\t\t\t\t\t\t\t<\/div>\n\t\t<\/section>\n\t\t\t\t\t\t\t<\/div>\n\t\t","protected":false},"excerpt":{"rendered":"<p>Politika zasebnosti ERUDIO International School Politika zasebnosti ERUDIO International School S poslanim povpra\u0161evanjem, prijavo na prosto delovno mesto, izpolnjevanjem kontaktnega obrazca na spletnih straneh ali vpisom v izobra\u017eevanje omogo\u010dite podjetju ERUDIO International School, d.o.o., Litostrojska cesta 40, 1000 Ljubljana, da zbira in obdeluje posredovane osebne podatke. Posredovane osebne podatke bomo obdelovali v skladu s Splo\u0161no &hellip;<\/p>\n<p class=\"read-more\"> <a class=\"ast-button\" href=\"https:\/\/www.erudio.si\/internationalschool\/politika-zasebnosti\/\"> <span class=\"screen-reader-text\">Politika zasebnosti<\/span> Read More \u00bb<\/a><\/p>\n","protected":false},"author":2,"featured_media":0,"parent":0,"menu_order":0,"comment_status":"closed","ping_status":"closed","template":"","meta":{"site-sidebar-layout":"no-sidebar","site-content-layout":"page-builder","ast-global-header-display":"","ast-main-header-display":"","ast-hfb-above-header-display":"","ast-hfb-below-header-display":"","ast-hfb-mobile-header-display":"","site-post-title":"disabled","ast-breadcrumbs-content":"","ast-featured-img":"disabled","footer-sml-layout":"","theme-transparent-header-meta":"enabled","adv-header-id-meta":"","stick-header-meta":"","header-above-stick-meta":"","header-main-stick-meta":"","header-below-stick-meta":"","footnotes":""},"class_list":["post-2340","page","type-page","status-publish","hentry"],"_links":{"self":[{"href":"https:\/\/www.erudio.si\/internationalschool\/wp-json\/wp\/v2\/pages\/2340","targetHints":{"allow":["GET"]}}],"collection":[{"href":"https:\/\/www.erudio.si\/internationalschool\/wp-json\/wp\/v2\/pages"}],"about":[{"href":"https:\/\/www.erudio.si\/internationalschool\/wp-json\/wp\/v2\/types\/page"}],"author":[{"embeddable":true,"href":"https:\/\/www.erudio.si\/internationalschool\/wp-json\/wp\/v2\/users\/2"}],"replies":[{"embeddable":true,"href":"https:\/\/www.erudio.si\/internationalschool\/wp-json\/wp\/v2\/comments?post=2340"}],"version-history":[{"count":14,"href":"https:\/\/www.erudio.si\/internationalschool\/wp-json\/wp\/v2\/pages\/2340\/revisions"}],"predecessor-version":[{"id":2354,"href":"https:\/\/www.erudio.si\/internationalschool\/wp-json\/wp\/v2\/pages\/2340\/revisions\/2354"}],"wp:attachment":[{"href":"https:\/\/www.erudio.si\/internationalschool\/wp-json\/wp\/v2\/media?parent=2340"}],"curies":[{"name":"wp","href":"https:\/\/api.w.org\/{rel}","templated":true}]}}