{"id":2549,"date":"2018-12-06T11:32:54","date_gmt":"2018-12-06T09:32:54","guid":{"rendered":"https:\/\/makeover.erudiobeauty.si\/?page_id=2549"},"modified":"2019-01-29T12:51:07","modified_gmt":"2019-01-29T10:51:07","slug":"frizerski-salon","status":"publish","type":"page","link":"https:\/\/www.erudio.si\/erudiobeauty\/frizerski-salon\/","title":{"rendered":"FRIZERSTVO"},"content":{"rendered":"\r\n<section class=\"sh-section sh-section-2ad45eb26716fc098699b69f9ecd2c1a fw-main-row sh-section-visibility-everywhere\">\r\n\t\r\n\t\r\n\t<div class=\"sh-section-container container\">\r\n\t\t<div class=\"fw-row\">\n\t\r\n<div class=\"sh-column sh-column-36b1833477789a0d603668849abc6524 fw-col-xs-12\" >\r\n\r\n\t\r\n\t<div class=\"sh-column-wrapper\">\r\n\t\t\r\n<div id=\"text-block-5ffd27013a92b91bb9e54517fd7a3532\" class=\"sh-text-block\">\r\n\t<h2>ERUDIO BEAUTY HAIR CULT FRIZERSKI SALON<\/h2><p>&nbsp;<\/p><p>Delo v frizerskem salonu je zelo raznoliko, polno novosti in novih trendov. Pomembno je, da frizer za svoje stranke vedno poskrbi z vrhunsko storitvijo, si za vsakogar vzame \u010das ter se po najbolj\u0161ih mo\u010deh potrudi uskladiti va\u0161e \u017eelje s svojim znanjem in izku\u0161njami. Frizerski salon z \u017eeljami strank svojim zaposlenim vsak dan ponuja nove izzive.<\/p><p>&nbsp;<\/p><p>Na\u0161 cilj je, da stranka odide zadovoljna ter samozavestna. Urejena pri\u010deska namre\u010d poudarja ter krasi na\u0161 videz in zna\u010daj. Z vsako stranko se temeljito pogovorimo, ji damo nasvet ter najdemo re\u0161itev, ki bo ustrezala obstoje\u010demu stanju las ter barvi.<\/p><p>&nbsp;<\/p><p>Frizerski salon Erudio Beauty Hair Cult nudi klasi\u010dne in modne tehnike stri\u017eenja las, oblikovanje in spenjanje las za vse prilo\u017enosti ter barvanje z razli\u010dnimi tehnikami, kot so balayage, ombre, sombre, prameni, klasi\u010dno barvanje narastka in cele dol\u017eine. V na\u0161i ponudbi je tudi mo\u0161ko stri\u017eenje in \u010dedalje bolj uveljavljeno oblikovanje brade in brkov ter keratinska terapija in nega las, ki poskrbi za zdrave, mo\u010dne in sijo\u010de lase.<\/p><\/div>\r\n\t<\/div>\r\n<\/div>\r\n<\/div>\n\n<div class=\"fw-row\">\n\t\r\n<div class=\"sh-column sh-column-36b1833477789a0d603668849abc6524 fw-col-xs-12\" >\r\n\r\n\t\r\n\t<div class=\"sh-column-wrapper\">\r\n\t\t\r\n<div class=\"sh-empty-space\" id=\"empty-space-a8cf4bcad275094a08e3f83fff9378f8\"><\/div>\r\n\t<\/div>\r\n<\/div>\r\n<\/div>\n\n<div class=\"fw-row\">\n\t\r\n<div class=\"sh-column sh-column-36b1833477789a0d603668849abc6524 fw-col-xs-12\" >\r\n\r\n\t\r\n\t<div class=\"sh-column-wrapper\">\r\n\t\t\r\n<div id=\"text-block-cd558514051801ce122b07060ec86903\" class=\"sh-text-block\">\r\n\t<p><button class=\"setmore setmore-iframe gumbek\" href=\"https:\/\/my.setmore.com\/bookingpage\/32094ed1-c75b-4315-95a3-1e75faaea80f?lang=slovenian\">REZERVIRAJ TERMIN<\/button><\/p><\/div>\r\n\t<\/div>\r\n<\/div>\r\n<\/div>\n\n<div class=\"fw-row\">\n\t\r\n<div class=\"sh-column sh-column-36b1833477789a0d603668849abc6524 fw-col-xs-12\" >\r\n\r\n\t\r\n\t<div class=\"sh-column-wrapper\">\r\n\t\t\r\n<div class=\"sh-empty-space\" id=\"empty-space-87563dee9f6b5f222fbf001a92b30fe0\"><\/div>\r\n\t<\/div>\r\n<\/div>\r\n<\/div>\n\n<div class=\"fw-row\">\n\t\r\n<div class=\"sh-column sh-column-36b1833477789a0d603668849abc6524 fw-col-xs-12\" >\r\n\r\n\t\r\n\t<div class=\"sh-column-wrapper\">\r\n\t\t\r\n<div id=\"divider-75a04657c977eb6b0af43b376b77a293\" class=\"sh-divider sh-divider-center sh-divider-content-none\">\r\n\t\t\t<div class=\"sh-divider-line\"><\/div>\r\n\t<\/div>\r\n\t<\/div>\r\n<\/div>\r\n<\/div>\n\n<div class=\"fw-row\">\n\t\r\n<div class=\"sh-column sh-column-36b1833477789a0d603668849abc6524 fw-col-xs-12\" >\r\n\r\n\t\r\n\t<div class=\"sh-column-wrapper\">\r\n\t\t\r\n<div class=\"sh-empty-space\" id=\"empty-space-5c736d14dd6bffc612db5fc0ae62c8b3\"><\/div>\r\n\t<\/div>\r\n<\/div>\r\n<\/div>\n\n<div class=\"fw-row\">\n\t\r\n<div class=\"sh-column sh-column-d2fde9701ddb52b7542dd366b8daaa3a fw-col-xs-12 fw-col-sm-6\" >\r\n\r\n\t\r\n\t<div class=\"sh-column-wrapper\">\r\n\t\t\r\n<div id=\"text-block-6492a5e0c8272f25dec79f0548ec73fd\" class=\"sh-text-block\">\r\n\t<p><strong><span style=\"font-size: 18px;\">OSNOVNO BARVANJE LAS<\/span><\/strong><\/p><p>Ste naveli\u010dani svoje naravne barve las, \u017eelite prekriti sive lase ali pa ste si samo za\u017eeleli spremembe? Potem lahko naravi malce prisko\u010dite na pomo\u010d. Frizerski salon Erudio Beauty Hair Cult omogo\u010da, da svojo naravno barvo las s postopkom barvanja hitro in preprosto spremenite, sive lase lahko zakrijemo, barvo las pa osve\u017eimo in popestrimo. Pri iskanju prave barvne nianse pa seveda poleg \u017eelja upo\u0161tevamo tudi naravno barvo las in barvo polti.<\/p><p>&nbsp;<\/p><p>&nbsp;<\/p><p><span style=\"font-size: 18px;\"><strong>TEHNIKA BALAYAGE<\/strong><\/span><\/p><p>Balayage je tehnika nana\u0161anja pramenov na lase. Ta tehnika daje frizerjem veliko ve\u010d prostora za ustvarjanje. Gre za tehniko, ki je zadnja leta eden izmed najbolj vro\u010dih trendov na podro\u010dju \u017eenskih pri\u010desk. S kombinacijami razli\u010dnih barv lahko ustvarimo popolnoma naraven izgled. Tehnika balayage se je prvi\u010d razvila v 70-ih letih v Franciji in je primerna za vse odtenke las, njena posebnost pa je lahko vzdr\u017eevanje, saj s to tehniko z linijami pramenov dose\u017eemo, da je narastek komaj viden oziroma se naravna barva lepo preliva v pramene.<\/p><p>&nbsp;<\/p><p>&nbsp;<\/p><p><span style=\"font-size: 18px;\"><strong>OMBRE IN SOMBRE<\/strong><\/span><\/p><p>Tehnika ombre je prevedena iz francoskega izraza, ki pomeni sen\u010denje. Ombre ustvarja mehek in gladek barvni prehod iz enega v drug ton barve lase, ki je primeren tako za temne, kot svetle lase. Barvna paleta je zelo \u0161iroka, frizer pa izbere najbolj primerno.<\/p><p>&nbsp;<\/p><p>Tehnika sombre je subtilnej\u0161a razli\u010dica ombre tehnike in vzame enako \u010dasa. Barva prehaja iz temnej\u0161e v svetlej\u0161o po\u010dasneje in je zato videti \u0161e bolj naravno ter zahteva manj vzdr\u017eevanja. Izgleda, kot bi nam sonce rahlo posvetlilo lase. Primerno je za tiste, ki bi radi malce popestrili in osve\u017eili barvo las.<\/p><p>&nbsp;<\/p><p>&nbsp;<\/p><p><span style=\"font-size: 18px;\"><strong>PRAMENI<\/strong><\/span><\/p><p>Ta tehnika barvanja las se izvaja na enak na\u010din, kot prej omenjene tehnike, s folijo, vendar pri tem na\u010dinu frizer pobarva celoten pramen las v tankih delih, povsem do lasi\u0161\u010da. Kombiniramo lahko ve\u010d razli\u010dnih barv in s tem poskrbimo, da barva zgleda bolj naravno in manj monotono. Tudi narastek je manj viden.<\/p><p>&nbsp;<\/p><p>&nbsp;<\/p><p><span style=\"font-size: 18px;\"><strong>OBLIKOVANJE IN SPENJANJE LAS<\/strong><\/span><\/p><p>Na\u0161 frizerski salon ponuja tudi oblikovanje in spenjanje las za vsako prilo\u017enost. Za spenjanje je sicer dobrodo\u0161la dol\u017eina las \u010dez ramena, vendar je v vsakem primeru vse prepu\u0161\u010deno va\u0161i domi\u0161ljiji in domi\u0161ljiji frizerja. Kar kiparju predstavlja oblikovanje skulpture, frizerju predstavlja oblikovanje pri\u010deske in spenjanje las. Lase lahko pletemo, zavijamo, mo\u017enosti so neskon\u010dne. Potrebovali bomo le nekaj gela in laka za lase. Lase je mogo\u010de speti, da so dekli\u0161ko razigrani, videti naravni ali pa razko\u0161no skodrani. Videz pa lahko popestrimo tudi s kak\u0161no kitko.<\/p><p>&nbsp;<\/p><p>&nbsp;<\/p><p><span style=\"font-size: 18px;\"><strong>ST<\/strong><strong>RI\u017dENJE LAS\u00a0 \u2013 MODNO IN KLASI\u010cNO<\/strong><\/span><\/p><p>Stri\u017eenje je del identitete in urejenosti posameznika. Pomembno je, da lase postavimo v oblikovano formo, ki bo usklajena z va\u0161im stilom in obliko obraza. V\u010dasih se ustra\u0161imo modnih smernic, saj se bojimo te\u017ekega vsakodnevnega vzdr\u017eevanja. Vendar je ravno to klju\u010dna razlika v profesionalnosti frizerja, saj bo dober frizer iz modnih smernic vzel le detajle, ki jih bo enostavno vklju\u010diti v na\u0161 vsakdan in ne bodo te\u017eki za vzdr\u017eevanje in urejanje. Dober frizer tako modne smernice vklju\u010di v vsako stri\u017eenje in oblikovanje frizure ter doka\u017ee, da je modno stri\u017eenje primerno za vseh starosti.<\/p><p>&nbsp;<\/p><p>&nbsp;<\/p><p><span style=\"font-size: 18px;\"><strong>MO\u0160KO STRI\u017dENJE<\/strong><\/span><\/p><p>Danes tudi mo\u0161ki \u017eelijo stri\u017eenje in oblikovanje las po zadnji modi in trendih. V modi so urejene frizure, veliko pa se jih odlo\u010di tudi za oblikovanje brade, kar je v ponudbi tudi v na\u0161em frizerskem salonu.<\/p><\/div>\r\n\r\n<div class=\"sh-empty-space\" id=\"empty-space-257c04adb88a22e1f2db7bcaf6d57a1f\"><\/div>\r\n\r\n<div class=\"sh-empty-space\" id=\"empty-space-703c71ca4b7dcef2fc4202d47bd82e44\"><\/div>\r\n\r\n<div class=\"sh-empty-space\" id=\"empty-space-4169b5703eade87a0e5cf9722ef034b3\"><\/div>\r\n\r\n<div id=\"text-block-e3765524bb8c02db8ea2a594c077f381\" class=\"sh-text-block\">\r\n\t<p><button class=\"setmore setmore-iframe gumbek\" href=\"https:\/\/my.setmore.com\/bookingpage\/32094ed1-c75b-4315-95a3-1e75faaea80f?lang=slovenian\">REZERVIRAJ TERMIN<\/button><\/p><\/div>\r\n\t<\/div>\r\n<\/div>\r\n\r\n<div class=\"sh-column sh-column-fbafcf1f80d6c66e088ff533ca1d6ef5 fw-col-xs-12 fw-col-sm-6\" >\r\n\r\n\t\r\n\t<div class=\"sh-column-wrapper\">\r\n\t\t\r\n<div id=\"single-image-0713033b1eff6dacdd4b9b311928d6e1\" class=\"sh-single-image\">\r\n\t\r\n\t\r\n\t\t<div class=\"sh-single-image-container\">\r\n\t\t\t\t\t\t\t\t\t\t\t\t<a href=\"\/\/www.erudio.si\/erudiobeauty\/wp-content\/uploads\/2018\/12\/frizer_6.png\" rel=\"lightbox\">\r\n\t\t\t\t\r\n\t\t\t\t\t\t\t\t\t\t\t<img class=\"sh-image-url\" src=\"https:\/\/www.erudio.si\/erudiobeauty\/wp-content\/uploads\/2018\/12\/frizer_6.png\" alt=\"frizer_6\" \/>\r\n\t\t\t\t\t\t\t\t\t\t\t\r\n\t\t\t\t\t\t\t\t\t<\/a>\r\n\t\t\t\t\t\t\t\r\n\t\t\t\t\t<\/div>\r\n\r\n\t\r\n<\/div>\r\n\r\n<div class=\"sh-empty-space\" id=\"empty-space-e72e751b54cf2c3d64968dc5e27acd7e\"><\/div>\r\n\r\n<div id=\"single-image-13ea725d7aa5fa30e49ed0e1acbcb001\" class=\"sh-single-image\">\r\n\t\r\n\t\r\n\t\t<div class=\"sh-single-image-container\">\r\n\t\t\t\t\t\t\t\t\t\t\t\t<a href=\"\/\/www.erudio.si\/erudiobeauty\/wp-content\/uploads\/2018\/12\/frizer_4.png\" rel=\"lightbox\">\r\n\t\t\t\t\r\n\t\t\t\t\t\t\t\t\t\t\t<img class=\"sh-image-url\" src=\"https:\/\/www.erudio.si\/erudiobeauty\/wp-content\/uploads\/2018\/12\/frizer_4.png\" alt=\"frizer_4\" \/>\r\n\t\t\t\t\t\t\t\t\t\t\t\r\n\t\t\t\t\t\t\t\t\t<\/a>\r\n\t\t\t\t\t\t\t\r\n\t\t\t\t\t<\/div>\r\n\r\n\t\r\n<\/div>\r\n\r\n<div class=\"sh-empty-space\" id=\"empty-space-ba49ebd3027d2e95221b9652bc2dc90d\"><\/div>\r\n\r\n<div id=\"single-image-f04b348da3b5dd20d03ab00839566205\" class=\"sh-single-image\">\r\n\t\r\n\t\r\n\t\t<div class=\"sh-single-image-container\">\r\n\t\t\t\t\t\t\t\t\t\t\t\t<a href=\"\/\/www.erudio.si\/erudiobeauty\/wp-content\/uploads\/2018\/12\/frizer_5.png\" rel=\"lightbox\">\r\n\t\t\t\t\r\n\t\t\t\t\t\t\t\t\t\t\t<img class=\"sh-image-url\" src=\"https:\/\/www.erudio.si\/erudiobeauty\/wp-content\/uploads\/2018\/12\/frizer_5.png\" alt=\"frizer_5\" \/>\r\n\t\t\t\t\t\t\t\t\t\t\t\r\n\t\t\t\t\t\t\t\t\t<\/a>\r\n\t\t\t\t\t\t\t\r\n\t\t\t\t\t<\/div>\r\n\r\n\t\r\n<\/div>\r\n\t<\/div>\r\n<\/div>\r\n<\/div>\n\n\t<\/div>\r\n<\/section>\r\n\n","protected":false},"excerpt":{"rendered":"<p>ERUDIO BEAUTY HAIR CULT FRIZERSKI SALON&nbsp;Delo v frizerskem salonu je zelo raznoliko, polno novosti in novih trendov. Pomembno je, da frizer za svoje stranke vedno poskrbi z&#8230;<\/p>\n","protected":false},"author":1,"featured_media":0,"parent":0,"menu_order":0,"comment_status":"closed","ping_status":"closed","template":"","meta":{"_monsterinsights_skip_tracking":false,"_monsterinsights_sitenote_active":false,"_monsterinsights_sitenote_note":"","_monsterinsights_sitenote_category":0},"_links":{"self":[{"href":"https:\/\/www.erudio.si\/erudiobeauty\/wp-json\/wp\/v2\/pages\/2549"}],"collection":[{"href":"https:\/\/www.erudio.si\/erudiobeauty\/wp-json\/wp\/v2\/pages"}],"about":[{"href":"https:\/\/www.erudio.si\/erudiobeauty\/wp-json\/wp\/v2\/types\/page"}],"author":[{"embeddable":true,"href":"https:\/\/www.erudio.si\/erudiobeauty\/wp-json\/wp\/v2\/users\/1"}],"replies":[{"embeddable":true,"href":"https:\/\/www.erudio.si\/erudiobeauty\/wp-json\/wp\/v2\/comments?post=2549"}],"version-history":[{"count":38,"href":"https:\/\/www.erudio.si\/erudiobeauty\/wp-json\/wp\/v2\/pages\/2549\/revisions"}],"predecessor-version":[{"id":3044,"href":"https:\/\/www.erudio.si\/erudiobeauty\/wp-json\/wp\/v2\/pages\/2549\/revisions\/3044"}],"wp:attachment":[{"href":"https:\/\/www.erudio.si\/erudiobeauty\/wp-json\/wp\/v2\/media?parent=2549"}],"curies":[{"name":"wp","href":"https:\/\/api.w.org\/{rel}","templated":true}]}}