{"id":2339,"date":"2018-12-04T17:18:47","date_gmt":"2018-12-04T15:18:47","guid":{"rendered":"https:\/\/makeover.erudiobeauty.si\/?page_id=2339"},"modified":"2018-12-19T15:56:53","modified_gmt":"2018-12-19T13:56:53","slug":"makeup","status":"publish","type":"page","link":"https:\/\/www.erudio.si\/erudiobeauty\/makeup\/","title":{"rendered":"MAKEUP"},"content":{"rendered":"\r\n<section class=\"sh-section sh-section-d807d8885e9b0c20226ea03fc2607e2f fw-main-row sh-section-visibility-everywhere\">\r\n\t\r\n\t\r\n\t<div class=\"sh-section-container container\">\r\n\t\t<div class=\"fw-row\">\n\t\r\n<div class=\"sh-column sh-column-5fe3f6b63118459b974570a943ea7c68 fw-col-xs-12\" >\r\n\r\n\t\r\n\t<div class=\"sh-column-wrapper\">\r\n\t\t\r\n<div id=\"text-block-7b7113fc28e6149cd0f13c87de172c84\" class=\"sh-text-block\">\r\n\t<div id=\"comp-jo4c3im3\" class=\"txtNew\" data-packed=\"true\"><h2 class=\"font_6\">MAKEUP<\/h2><\/div><div id=\"comp-jo4c47lv\" class=\"txtNew\" data-packed=\"true\"><p>&nbsp;<\/p><p class=\"font_8\">V dana\u0161njem svetu je na\u0161a zunanja podoba \u010dedalje bolj pomembna. Li\u010denje je tako reko\u010d sestavni del bontona urejene poslovne \u017eenske. Naloga makeup artista je, da svoje znanje zdru\u017ei z \u017eeljami posameznice ter z li\u010dili poudari njeno naravno lepoto.<\/p><p>&nbsp;<\/p><p class=\"font_8\">Ker pa se makeup od prilo\u017enosti do prilo\u017enosti razlikuje, smo v Erudio Beauty pripravljeni na vsako prilo\u017enost. Hkrati pa se vedno prilagodimo \u017eeljam stranke, da kon\u010dni izdelek tudi samozavestno nosi.<\/p><p>&nbsp;<\/p><p class=\"font_8\">Naj bo to bolj preprosto dnevno ali poslovno li\u010denje, ali pa gre za maturantski ples, poroko ter kak\u0161no drugo posebno prilo\u017enost, ki zahteva ve\u010d li\u010dil. Svojim strankam smo pripravljeni prisluhniti. S svojim znanjem in izku\u0161njami predlagamo najbolj\u0161o opcijo, ki bo odgovarjala tako strankinim \u017eeljam, kot\u00a0tudi doti\u010dni prilo\u017enosti.<\/p><\/div><\/div>\r\n\t<\/div>\r\n<\/div>\r\n<\/div>\n\n<div class=\"fw-row\">\n\t\r\n<div class=\"sh-column sh-column-5fe3f6b63118459b974570a943ea7c68 fw-col-xs-12\" >\r\n\r\n\t\r\n\t<div class=\"sh-column-wrapper\">\r\n\t\t\r\n<div class=\"sh-empty-space\" id=\"empty-space-41c1a88c220bd0ddf693041b4212bb4e\"><\/div>\r\n\t<\/div>\r\n<\/div>\r\n<\/div>\n\n<div class=\"fw-row\">\n\t\r\n<div class=\"sh-column sh-column-5fe3f6b63118459b974570a943ea7c68 fw-col-xs-12\" >\r\n\r\n\t\r\n\t<div class=\"sh-column-wrapper\">\r\n\t\t\r\n<div id=\"divider-2020e17c44cc1492216af5b9ee19f9c2\" class=\"sh-divider sh-divider-center sh-divider-content-none\">\r\n\t\t\t<div class=\"sh-divider-line\"><\/div>\r\n\t<\/div>\r\n\t<\/div>\r\n<\/div>\r\n<\/div>\n\n<div class=\"fw-row\">\n\t\r\n<div class=\"sh-column sh-column-5fe3f6b63118459b974570a943ea7c68 fw-col-xs-12\" >\r\n\r\n\t\r\n\t<div class=\"sh-column-wrapper\">\r\n\t\t\r\n<div class=\"sh-empty-space\" id=\"empty-space-c356871cb4c82bb58100711599445234\"><\/div>\r\n\t<\/div>\r\n<\/div>\r\n<\/div>\n\n<div class=\"fw-row\">\n\t\r\n<div class=\"sh-column sh-column-1e5bdf6faf65e18ea564e6f9efb1df83 fw-col-xs-12 fw-col-sm-6\" >\r\n\r\n\t\r\n\t<div class=\"sh-column-wrapper\">\r\n\t\t\r\n<div id=\"text-block-3c0f13064ddedae3d6d3435be4bdf4af\" class=\"sh-text-block\">\r\n\t<p id=\"comp-jo4c3im3\" class=\"txtNew\" data-packed=\"true\"><strong><span style=\"font-size: 18px;\">DNEVNI MAKEUP<\/span><\/strong><\/p><div id=\"comp-jo4c47lv\" class=\"txtNew\" data-packed=\"true\"><p class=\"font_8\">Ker \u017eelimo vsak dan izgledati kar najbolj sve\u017ee, zdravo in spo\u010dito. K takemu videzu lahko v veliki meri pripomoremo s pravilnim li\u010denjem.<\/p><p>&nbsp;<\/p><p class=\"font_8\">\u010cez dan se obi\u010dajno ne nali\u010dimo mo\u010dno, je pa pomembno, da izberemo pravo podlago, ustrezen korektor za prekrivanje nepravilnosti. Prav tako moramo poskrbeti, da pravilno matiramo polt in izberemo prave barve sen\u010dil, rde\u010dil in osvetljevalcev polti. Izbiramo med ne\u017enimi ali izrazitej\u0161imi barvami \u2013 odvisno od na\u0161e osebnosti.<\/p><\/div><\/div>\r\n\r\n<div class=\"sh-empty-space\" id=\"empty-space-64bbe2636cb3c90ec3be61e5a6031722\"><\/div>\r\n\r\n<div id=\"text-block-5ef87f4e28c02f81cc70deb27945a2e0\" class=\"sh-text-block\">\r\n\t<p><button class=\"setmore setmore-iframe gumbek\" href=\"https:\/\/my.setmore.com\/bookingpage\/32094ed1-c75b-4315-95a3-1e75faaea80f?lang=slovenian\">REZERVIRAJ TERMIN<\/button><\/p><\/div>\r\n\t<\/div>\r\n<\/div>\r\n\r\n<div class=\"sh-column sh-column-7f444586b258a5009ce965cd88de67fc fw-col-xs-12 fw-col-sm-6\" >\r\n\r\n\t\r\n\t<div class=\"sh-column-wrapper\">\r\n\t\t\r\n<div id=\"single-image-bbcd6613f0a4687c10e8e6e14acd3cf3\" class=\"sh-single-image\">\r\n\t\r\n\t\r\n\t\t<div class=\"sh-single-image-container\">\r\n\t\t\t\t\t\t\t\t\t\t\t\t<a href=\"\/\/www.erudio.si\/erudiobeauty\/wp-content\/uploads\/2018\/12\/Dnevni-makeup_1.png\" rel=\"lightbox\">\r\n\t\t\t\t\r\n\t\t\t\t\t\t\t\t\t\t\t<img class=\"sh-image-url\" src=\"https:\/\/www.erudio.si\/erudiobeauty\/wp-content\/uploads\/2018\/12\/Dnevni-makeup_1.png\" alt=\"Dnevni makeup_1\" \/>\r\n\t\t\t\t\t\t\t\t\t\t\t\r\n\t\t\t\t\t\t\t\t\t<\/a>\r\n\t\t\t\t\t\t\t\r\n\t\t\t\t\t<\/div>\r\n\r\n\t\r\n<\/div>\r\n\r\n<div class=\"sh-empty-space\" id=\"empty-space-4564c9f16bed1886d9f3cc46946ea9e9\"><\/div>\r\n\t<\/div>\r\n<\/div>\r\n<\/div>\n\n<div class=\"fw-row\">\n\t\r\n<div class=\"sh-column sh-column-560c6f746ebb1ae7a5eaf86c18a3dac8 fw-col-xs-12 fw-col-sm-6\" >\r\n\r\n\t\r\n\t<div class=\"sh-column-wrapper\">\r\n\t\t\r\n<div id=\"text-block-833f6f1191d5129ccfac9f00bc48333e\" class=\"sh-text-block\">\r\n\t<div id=\"comp-jo4c3im3\" class=\"txtNew\" data-packed=\"true\"><p class=\"font_8\"><strong><span style=\"font-size: 18px;\">POSLOVNI MAKEUP<\/span><\/strong><\/p><p class=\"font_8\">O li\u010denju poslovnih \u017eensk se pravzaprav govori veliko premalo. Poslovno li\u010denje in pri\u010deska sta del uniformiranosti, ki dopolnjujeta poslovni videz.<\/p><p>&nbsp;<\/p><p class=\"font_8\">Izpostavite svoje adute, vendar\u00a0ne pretiravajte.<\/p><p>&nbsp;<\/p><p class=\"font_8\">Ko gre za poslovno li\u010denje \u0161e vedno velja pravilo \u2013 manj je ve\u010d. Li\u010dila naj bodo kakovostna, saj morajo zdr\u017eati ves dan brez ve\u010djih popravkov. Suh puder v obliki kamna naj bo vedno v torbici. Alternativa suhemu pudru so listi\u010di, ki vpijajo vlago in nepotreben sijaj.<\/p><p>&nbsp;<\/p><p class=\"font_8\">Poslovno li\u010denje je torej namenjeno\u00a0vsem damam, ki \u017eelijo preko celotnega delovnega dne ostati sve\u017eega in atraktivnega videza.<\/p><\/div><\/div>\r\n\r\n<div class=\"sh-empty-space\" id=\"empty-space-d7557ea6b987e5a5ff3c65483785afda\"><\/div>\r\n\r\n<div id=\"text-block-556b5838952b9e9f3b95229777336c5d\" class=\"sh-text-block\">\r\n\t<p><button class=\"setmore setmore-iframe gumbek\" href=\"https:\/\/my.setmore.com\/bookingpage\/32094ed1-c75b-4315-95a3-1e75faaea80f?lang=slovenian\">REZERVIRAJ TERMIN<\/button><\/p><\/div>\r\n\t<\/div>\r\n<\/div>\r\n\r\n<div class=\"sh-column sh-column-2225a8c6adc262ee8ee2766f5fc2f660 fw-col-xs-12 fw-col-sm-6\" >\r\n\r\n\t\r\n\t<div class=\"sh-column-wrapper\">\r\n\t\t\r\n<div id=\"single-image-608f3ed8099f4af2ce173cf90e91c860\" class=\"sh-single-image\">\r\n\t\r\n\t\r\n\t\t<div class=\"sh-single-image-container\">\r\n\t\t\t\t\t\t\t\t\t\t\t\t<a href=\"\/\/www.erudio.si\/erudiobeauty\/wp-content\/uploads\/2018\/12\/poslovni-makeup_1.png\" rel=\"lightbox\">\r\n\t\t\t\t\r\n\t\t\t\t\t\t\t\t\t\t\t<img class=\"sh-image-url\" src=\"https:\/\/www.erudio.si\/erudiobeauty\/wp-content\/uploads\/2018\/12\/poslovni-makeup_1.png\" alt=\"poslovni makeup_1\" \/>\r\n\t\t\t\t\t\t\t\t\t\t\t\r\n\t\t\t\t\t\t\t\t\t<\/a>\r\n\t\t\t\t\t\t\t\r\n\t\t\t\t\t<\/div>\r\n\r\n\t\r\n<\/div>\r\n\r\n<div class=\"sh-empty-space\" id=\"empty-space-85ae95a09ea102b6061574cac7dcf010\"><\/div>\r\n\t<\/div>\r\n<\/div>\r\n<\/div>\n\n<div class=\"fw-row\">\n\t\r\n<div class=\"sh-column sh-column-5e9016fd34f19ea3dc8760b97f995814 fw-col-xs-12 fw-col-sm-6\" >\r\n\r\n\t\r\n\t<div class=\"sh-column-wrapper\">\r\n\t\t\r\n<div id=\"text-block-691a582a7e1c673a41e28545fa40d288\" class=\"sh-text-block\">\r\n\t<div id=\"comp-jo4c3im3\" class=\"txtNew\" data-packed=\"true\"><p class=\"font_8\"><strong><span style=\"font-size: 18px;\">VE\u010cERNI MAKEUP<\/span><\/strong><\/p><p class=\"font_8\">V ve\u010dernih urah je make up, ki ga uporabljamo \u010dez dan, obi\u010dajno prene\u017een, obrazne poteze pa so zaradi igre svetlobe manj izrazite.<\/p><p>&nbsp;<\/p><p class=\"font_8\">Zato za ve\u010derno li\u010denje na\u010deloma uporabimo mo\u010dnej\u0161o podlago, ki daje ve\u010djo prekrivnost in polt bolj\u00a0poenoti.<\/p><p>&nbsp;<\/p><p class=\"font_8\">Privo\u0161\u010dimo si ve\u010d barve,\u00a0poudarimo o\u010di in ustvarimo\u00a0zapeljive ustnice. Po navadi za poudarek izberemo o\u010di ali ustnice in s tem poskrbimo za uravnote\u017een izgled. Seveda pa je intenzivnost li\u010denja odvisna tudi od tega, kak\u0161na prilo\u017enost zaznamuje na\u0161 ve\u010der. Najbolj pa je pomembno, s kak\u0161no koli\u010dino li\u010dil se bomo najbolje po\u010dutili.<\/p><p class=\"font_8\">Tone, ki smo jih uporabili na o\u010deh ali ustnicah ponovimo tudi na nohtih. Tako lepo zaokro\u017eimo svoj videz\u00a0v celoti.<\/p><\/div><\/div>\r\n\r\n<div class=\"sh-empty-space\" id=\"empty-space-2db076ba0ad059f11ee45f84c81d747e\"><\/div>\r\n\r\n<div id=\"text-block-7d324ab9ec4b53beb55ab1c97bb1e1b7\" class=\"sh-text-block\">\r\n\t<p><button class=\"setmore setmore-iframe gumbek\" href=\"https:\/\/my.setmore.com\/bookingpage\/32094ed1-c75b-4315-95a3-1e75faaea80f?lang=slovenian\">REZERVIRAJ TERMIN<\/button><\/p><\/div>\r\n\t<\/div>\r\n<\/div>\r\n\r\n<div class=\"sh-column sh-column-7bcd32603ffc76f04fa4c08241b9e4a5 fw-col-xs-12 fw-col-sm-6\" >\r\n\r\n\t\r\n\t<div class=\"sh-column-wrapper\">\r\n\t\t\r\n<div id=\"single-image-c6839ee1c18516b48e0eb290a3bc2d10\" class=\"sh-single-image\">\r\n\t\r\n\t\r\n\t\t<div class=\"sh-single-image-container\">\r\n\t\t\t\t\t\t\t\t\t\t\t\t<a href=\"\/\/www.erudio.si\/erudiobeauty\/wp-content\/uploads\/2018\/12\/ve\u010derni-makeup_1.png\" rel=\"lightbox\">\r\n\t\t\t\t\r\n\t\t\t\t\t\t\t\t\t\t\t<img class=\"sh-image-url\" src=\"https:\/\/www.erudio.si\/erudiobeauty\/wp-content\/uploads\/2018\/12\/ve\u010derni-makeup_1.png\" alt=\"ve\u010derni makeup_1\" \/>\r\n\t\t\t\t\t\t\t\t\t\t\t\r\n\t\t\t\t\t\t\t\t\t<\/a>\r\n\t\t\t\t\t\t\t\r\n\t\t\t\t\t<\/div>\r\n\r\n\t\r\n<\/div>\r\n\r\n<div class=\"sh-empty-space\" id=\"empty-space-efc18fdd1a3981c15dd1d229c6d015ed\"><\/div>\r\n\t<\/div>\r\n<\/div>\r\n<\/div>\n\n<div class=\"fw-row\">\n\t\r\n<div class=\"sh-column sh-column-ddb9d06ab0e085d7b4692cb66f569aa7 fw-col-xs-12 fw-col-sm-6\" >\r\n\r\n\t\r\n\t<div class=\"sh-column-wrapper\">\r\n\t\t\r\n<div id=\"text-block-edb86d6f739ce75a1ed444f62b3fee11\" class=\"sh-text-block\">\r\n\t<div id=\"comp-jo4c3im3\" class=\"txtNew\" data-packed=\"true\"><p class=\"font_8\"><strong><span style=\"font-size: 18px;\">MATURANTSKI\u00a0MAKEUP<\/span><\/strong><\/p><p class=\"font_8\">Ob pripravi na maturantski ples se \u00a0najve\u010d \u010dasa nameni izbiri obleke, v kateri boste blestele, \u010devljev in razmi\u0161ljanju o najprimernej\u0161i pri\u010deski.<\/p><p>&nbsp;<\/p><p class=\"font_8\">Piko na i pa na ta sve\u010dan ve\u010der predstavlja profesionalno izveden, zapeljiv in obstojen makeup. Privo\u0161\u010dite si maturantsko li\u010denje za ta poseben dan, da boste \u017earele in izstopale iz mno\u017eice, prav ve.<\/p><p>&nbsp;<\/p><p class=\"font_8\">Va\u0161 makeup naj se ujema s celotno podobo in va\u0161im osebnim stilom ter \u017eeljami.<\/p><p>&nbsp;<\/p><p class=\"font_8\">S pravim makeup-om poskrbite, da se boste po\u010dutile lepe, posebne in da vam bo ta dan ostal v najlep\u0161em spominu za vse \u017eivljenje.<\/p><\/div><\/div>\r\n\r\n<div class=\"sh-empty-space\" id=\"empty-space-34e039278dd25993fff1ff59d908b50d\"><\/div>\r\n\r\n<div id=\"text-block-99c90d2f65e947b45df7bbb1d57791d6\" class=\"sh-text-block\">\r\n\t<p><button class=\"setmore setmore-iframe gumbek\" href=\"https:\/\/my.setmore.com\/bookingpage\/32094ed1-c75b-4315-95a3-1e75faaea80f?lang=slovenian\">REZERVIRAJ TERMIN<\/button><\/p><\/div>\r\n\t<\/div>\r\n<\/div>\r\n\r\n<div class=\"sh-column sh-column-79bc681cf9fe6c662b19dd2bc26113fa fw-col-xs-12 fw-col-sm-6\" >\r\n\r\n\t\r\n\t<div class=\"sh-column-wrapper\">\r\n\t\t\r\n<div id=\"single-image-7135fa77715351232e89a4ad826a05bc\" class=\"sh-single-image\">\r\n\t\r\n\t\r\n\t\t<div class=\"sh-single-image-container\">\r\n\t\t\t\t\t\t\t\t\t\t\t\t<a href=\"\/\/www.erudio.si\/erudiobeauty\/wp-content\/uploads\/2018\/12\/maturantski-makeup_1.png\" rel=\"lightbox\">\r\n\t\t\t\t\r\n\t\t\t\t\t\t\t\t\t\t\t<img class=\"sh-image-url\" src=\"https:\/\/www.erudio.si\/erudiobeauty\/wp-content\/uploads\/2018\/12\/maturantski-makeup_1.png\" alt=\"maturantski makeup_1\" \/>\r\n\t\t\t\t\t\t\t\t\t\t\t\r\n\t\t\t\t\t\t\t\t\t<\/a>\r\n\t\t\t\t\t\t\t\r\n\t\t\t\t\t<\/div>\r\n\r\n\t\r\n<\/div>\r\n\r\n<div class=\"sh-empty-space\" id=\"empty-space-2a04ef6a381b6a54010ae60534551ada\"><\/div>\r\n\t<\/div>\r\n<\/div>\r\n<\/div>\n\n<div class=\"fw-row\">\n\t\r\n<div class=\"sh-column sh-column-10f391ac0433dc910767e0df11eb27d8 fw-col-xs-12 fw-col-sm-6\" >\r\n\r\n\t\r\n\t<div class=\"sh-column-wrapper\">\r\n\t\t\r\n<div id=\"text-block-14fa8900057ed9e532ea365a977767a7\" class=\"sh-text-block\">\r\n\t<div id=\"comp-jo4c3im3\" class=\"txtNew\" data-packed=\"true\"><p class=\"font_8\"><strong><span style=\"font-size: 18px;\">PORO\u010cNI MAKEUP<\/span><\/strong><\/p><p class=\"font_8\">Da bo na va\u0161 poseben dan vse tako, kot mora biti,\u00a0li\u010denje prepustite strokovnjakom.<\/p><p>&nbsp;<\/p><p class=\"font_8\">Naj\u00a0ta del dneva\u00a0res poteka\u00a0brez nepotrebnega stresa. \u017de na poskusnem makeup-u bomo dorekli\u00a0vse o va\u0161ih \u017eeljah in coni udobja. Makeup artist bo nato s profesionalnimi li\u010dili in izku\u0161njami ustvaril sve\u017e, obstojen makeup, ki bo poudaril va\u0161o lepoto in spodbudil samozavest.<\/p><p>&nbsp;<\/p><p class=\"font_8\">Tako boste na svoj poro\u010dni dan brez skrbi zasijali v najlep\u0161i lu\u010di. Dan pa bo vam in va\u0161im bli\u017enjim ostal v \u010dudovitem spominu, ki bo za vedno ostal ovekove\u010den tudi na slikah, kjer boste izgledali prekrasno.<\/p><\/div><\/div>\r\n\r\n<div class=\"sh-empty-space\" id=\"empty-space-b7a3011b7b66561af04097afc1780a30\"><\/div>\r\n\r\n<div id=\"text-block-c494f62d5fcb67d68c9ff7d03087f618\" class=\"sh-text-block\">\r\n\t<p><button class=\"setmore setmore-iframe gumbek\" href=\"https:\/\/my.setmore.com\/bookingpage\/32094ed1-c75b-4315-95a3-1e75faaea80f?lang=slovenian\">REZERVIRAJ TERMIN<\/button><\/p><\/div>\r\n\t<\/div>\r\n<\/div>\r\n\r\n<div class=\"sh-column sh-column-3adad6a31e2aa7f55955e0150be79a49 fw-col-xs-12 fw-col-sm-6\" >\r\n\r\n\t\r\n\t<div class=\"sh-column-wrapper\">\r\n\t\t\r\n<div id=\"single-image-a941f93e1e5e480ac0ad0c36009b98e6\" class=\"sh-single-image\">\r\n\t\r\n\t\r\n\t\t<div class=\"sh-single-image-container\">\r\n\t\t\t\t\t\t\t\t\t\t\t\t<a href=\"\/\/www.erudio.si\/erudiobeauty\/wp-content\/uploads\/2018\/12\/poro\u010dni-makeup_1.png\" rel=\"lightbox\">\r\n\t\t\t\t\r\n\t\t\t\t\t\t\t\t\t\t\t<img class=\"sh-image-url\" src=\"https:\/\/www.erudio.si\/erudiobeauty\/wp-content\/uploads\/2018\/12\/poro\u010dni-makeup_1.png\" alt=\"poro\u010dni makeup_1\" \/>\r\n\t\t\t\t\t\t\t\t\t\t\t\r\n\t\t\t\t\t\t\t\t\t<\/a>\r\n\t\t\t\t\t\t\t\r\n\t\t\t\t\t<\/div>\r\n\r\n\t\r\n<\/div>\r\n\r\n<div class=\"sh-empty-space\" id=\"empty-space-72fe7408795bd77b741683cbfbc3f5a2\"><\/div>\r\n\t<\/div>\r\n<\/div>\r\n<\/div>\n\n\t<\/div>\r\n<\/section>\r\n\n","protected":false},"excerpt":{"rendered":"<p>MAKEUP&nbsp;V dana\u0161njem svetu je na\u0161a zunanja podoba \u010dedalje bolj pomembna. Li\u010denje je tako reko\u010d sestavni del bontona urejene poslovne \u017eenske. Naloga makeup artista je, da svoje znanje&#8230;<\/p>\n","protected":false},"author":1,"featured_media":0,"parent":0,"menu_order":0,"comment_status":"closed","ping_status":"closed","template":"","meta":{"_monsterinsights_skip_tracking":false,"_monsterinsights_sitenote_active":false,"_monsterinsights_sitenote_note":"","_monsterinsights_sitenote_category":0},"_links":{"self":[{"href":"https:\/\/www.erudio.si\/erudiobeauty\/wp-json\/wp\/v2\/pages\/2339"}],"collection":[{"href":"https:\/\/www.erudio.si\/erudiobeauty\/wp-json\/wp\/v2\/pages"}],"about":[{"href":"https:\/\/www.erudio.si\/erudiobeauty\/wp-json\/wp\/v2\/types\/page"}],"author":[{"embeddable":true,"href":"https:\/\/www.erudio.si\/erudiobeauty\/wp-json\/wp\/v2\/users\/1"}],"replies":[{"embeddable":true,"href":"https:\/\/www.erudio.si\/erudiobeauty\/wp-json\/wp\/v2\/comments?post=2339"}],"version-history":[{"count":13,"href":"https:\/\/www.erudio.si\/erudiobeauty\/wp-json\/wp\/v2\/pages\/2339\/revisions"}],"predecessor-version":[{"id":2965,"href":"https:\/\/www.erudio.si\/erudiobeauty\/wp-json\/wp\/v2\/pages\/2339\/revisions\/2965"}],"wp:attachment":[{"href":"https:\/\/www.erudio.si\/erudiobeauty\/wp-json\/wp\/v2\/media?parent=2339"}],"curies":[{"name":"wp","href":"https:\/\/api.w.org\/{rel}","templated":true}]}}