{"id":2318,"date":"2018-12-04T12:25:08","date_gmt":"2018-12-04T10:25:08","guid":{"rendered":"https:\/\/makeover.erudiobeauty.si\/?page_id=2318"},"modified":"2019-05-23T08:24:57","modified_gmt":"2019-05-23T06:24:57","slug":"makeup-masterclass","status":"publish","type":"page","link":"https:\/\/www.erudio.si\/erudiobeauty\/makeup-masterclass\/","title":{"rendered":"MAKEUP MASTERCLASS"},"content":{"rendered":"\r\n<section class=\"sh-section sh-section-d03f2085bcd32faf51a3cd123dfdc21f fw-main-row sh-section-visibility-everywhere\">\r\n\t\r\n\t\r\n\t<div class=\"sh-section-container container\">\r\n\t\t<div class=\"fw-row\">\n\t\r\n<div class=\"sh-column sh-column-4c6ec150a28021547576614082670578 fw-col-xs-12 fw-col-sm-6\" >\r\n\r\n\t\r\n\t<div class=\"sh-column-wrapper\">\r\n\t\t\r\n<div id=\"text-block-c3c64b36effc89ea745a20f01ecec46e\" class=\"sh-text-block\">\r\n\t<h2>MAKEUP <span class=\"visible-xs-inline\"><br \/><\/span>MASTER<span class=\"visible-xs-inline\"><br \/><\/span>CLASS<\/h2><p>Si \u017eelite svoj hobi pretvoriti v poklic? Potem je te\u010daj Makeup Masterclass kot nala\u0161\u010d za vas.<\/p><\/div>\r\n\r\n<div class=\"sh-empty-space\" id=\"empty-space-fcae95798beee9d989020a6ab037acbe\"><\/div>\r\n\r\n<div id=\"button-effd0f64fd7bef9fcb06f856fee860e6\" class=\"sh-button-container sh-button-style-5\">\r\n\t<a href=\"#form\" target=\"_self\" class=\"sh-button sh-button-xlarge \">\r\n\r\n\t\t\r\n\t\t\t\t\t<span class=\"sh-button-text\">\r\n\t\t\t\tPRIJAVI SE\t\t\t<\/span>\r\n\t\t\r\n\t\t\r\n\t<\/a>\r\n\t<\/div>\r\n\r\n<div class=\"sh-empty-space\" id=\"empty-space-9f70d65e06fe8a4ab836751198a56d3a\"><\/div>\r\n\r\n<div id=\"divider-98cbd892d2999d97733ec376081dfa72\" class=\"sh-divider sh-divider-center sh-divider-content-none\">\r\n\t\t\t<div class=\"sh-divider-line\"><\/div>\r\n\t<\/div>\r\n\r\n<div id=\"text-block-615c79c4fde6eb1a0b19daa91e2f3192\" class=\"sh-text-block\">\r\n\t<p><span style=\"font-size: 18px;\"><strong>VSEBINA<\/strong><\/span><\/p><ul><li><strong>PRIPRAVA KO\u017dE<\/strong><br \/>Prava priprava ko\u017ee je eden izmed najpomembnej\u0161ih korakov pri samem postopku li\u010denja.\u00a0Na zdravi in o\u010di\u0161\u010deni ko\u017ei bo makeup izgledal lep\u0161e ter zdr\u017eal dlje.<\/li><li><strong>PRAVILNA IZBIRA PODLAGE IN NANOS<\/strong><br \/>Kako izbrati pravi odtenek, vrsto podlage?\u00a0Precizno nane\u0161ena podlaga je prvo vodilo za lep in profesionalen makeup.<\/li><li><strong>KOREKCIJA<\/strong><br \/>Spoznali se bomo s kromatologijo ter jo prenesli v prakso.\u00a0Nau\u010dili se bomo kako in na kak\u0161en na\u010din prekriti vse nepravilnosti na obrazu.<\/li><li><strong>OSVETLJEVANJE IN SEN\u010cENJE<\/strong><br \/>Je osnova pri vsakem makeupu in klju\u010dnega pri ustvarjanju in poudarjanju naravne lepote.\u00a0Z osvetljevanjem in sen\u010denjem poudarimo vse kar je lepo in skrijemo nepravilno.<\/li><li><strong>LI\u010cENJE O\u010cI<\/strong><br \/>Je podro\u010dje, kjer imamo najve\u010d prostora za ustvarjanje.\u00a0Spoznali se bomo z razli\u010dnimi tehnikami nanosa sen\u010dil glede na obliko o\u010di, eyeliner-ja ter nanosom umetnih trepalnic. Poudarek bo tudi na oblikovanju obrvi.<\/li><li><strong>LI\u010cENJE UST<\/strong><br \/>Kako pravilno ob\u010drtati ustnice, nanesti rde\u010do \u0161minko in ustvariti poln videz ustnic se nau\u010dimo tekom celotnega izobra\u017eevanja.<\/li><li><strong>IZDELAVA CELOTNEGA MAKEUPA<\/strong><br \/> S pridobljenim znanjem se boste preizkusili v ustvarjanju celovitih makeupov.\u00a0\u010casovna omejenost in profesionalno fotografiranje va\u0161ega kon\u010dnega izdelka vam bosta dala ob\u010dutek in izku\u0161njo profesionalnega dela make-up artista. <\/li><\/ul><p>&nbsp;<\/p><p><span style=\"font-size: 18px;\"><strong>TRAJANJE:\u00a0<\/strong>85 ur<\/span><\/p><\/div>\r\n\r\n<div id=\"text-block-e30d3babf05326f5d02d3e7e966fddc7\" class=\"sh-text-block\">\r\n\t<p>&nbsp;<\/p><p><span style=\"font-size: 18px;\"><strong>CENA:<\/strong> 1.599,00\u20ac<\/span><\/p><p>&nbsp;<\/p><p> <span style=\"font-size: 18px;\"><strong>NA\u010cIN PLA\u010cILA:<\/strong><\/span><\/p><ul><li>ENKRATNO PLA\u010cILO - 8% popust<br \/>1.471,08 \u20ac <\/li><li>NA DVA OBROKA<br \/>Vpisnina 400\u20ac in pla\u010dilo preostalega zneska v 2 obrokih<\/li><li>NA TRI OBROKE <br \/>Vpisnina 400\u20ac in pla\u010dilo preostalega zneska v 3 obrokih <\/li><\/ul><p><em>Vpisnino v vi\u0161ini 400\u20ac je potrebno poravnati najkasneje 10 dni pred za\u010detkom usposabljanja, preostali znesek pa do konca izvedbe te\u010daja. Ra\u010dun boste (ob prijavi) prejeli po po\u0161ti.<\/em><\/p><p> <\/p><p>&nbsp;<\/p><p><span style=\"font-size: 18px;\"><strong>TE\u010cAJ VAM PONUJA:<\/strong><\/span><\/p><ul><li>torbo z li\u010dili in pripomo\u010dki<\/li><li>gradivo: Makeup Masterclass 1 \u2013 Osnove li\u010denja<\/li><li>izpit in izdajo certifikata o uspe\u0161no zaklju\u010denem usposabljanju<\/li><li>profesionalno fotografiranje in dve profesionalni sliki za portfolio<\/li><\/ul><p> <\/p><p>&nbsp;<\/p><p><strong>PONUJAMO TUDI INDIVIDUALNI MAKEUP MASTERCLASS TE\u010cAJ S FLEKSIBILNIM URNIKOM<\/strong><\/p><p>Za ve\u010d informacij pi\u0161ite na aja.jesih@erudio.si<\/p><\/div>\r\n\r\n<div class=\"sh-empty-space\" id=\"empty-space-93480a64727a38d219303bda9dc32e2e\"><\/div>\r\n\r\n<div id=\"button-5d334591abb6d27a0e1eda9b53b260ed\" class=\"sh-button-container sh-button-style-5\">\r\n\t<a href=\"#form\" target=\"_self\" class=\"sh-button sh-button-xlarge \">\r\n\r\n\t\t\r\n\t\t\t\t\t<span class=\"sh-button-text\">\r\n\t\t\t\tPRIJAVI SE\t\t\t<\/span>\r\n\t\t\r\n\t\t\r\n\t<\/a>\r\n\t<\/div>\r\n\t<\/div>\r\n<\/div>\r\n\r\n<div class=\"sh-column sh-column-b22a5662eb1e9348bfbba965f5fd5171 fw-col-xs-12 fw-col-sm-6\" >\r\n\r\n\t\r\n\t<div class=\"sh-column-wrapper\">\r\n\t\t\r\n<div id=\"single-image-51f8b60df03549b2ac9840af25fbb7f1\" class=\"sh-single-image\">\r\n\t\r\n\t\r\n\t\t<div class=\"sh-single-image-container\">\r\n\t\t\t\t\t\t\t\t\t\t\t\t<a href=\"\/\/www.erudio.si\/erudiobeauty\/wp-content\/uploads\/2018\/12\/mu-master_4.png\" rel=\"lightbox\">\r\n\t\t\t\t\r\n\t\t\t\t\t\t\t\t\t\t\t<img class=\"sh-image-url\" src=\"https:\/\/www.erudio.si\/erudiobeauty\/wp-content\/uploads\/2018\/12\/mu-master_4.png\" alt=\"mu master_4\" \/>\r\n\t\t\t\t\t\t\t\t\t\t\t\r\n\t\t\t\t\t\t\t\t\t<\/a>\r\n\t\t\t\t\t\t\t\r\n\t\t\t\t\t<\/div>\r\n\r\n\t\r\n<\/div>\r\n\r\n<div class=\"sh-empty-space\" id=\"empty-space-d4f1f103daa2fe351e0c79e772012940\"><\/div>\r\n\r\n<div id=\"single-image-9ba9e609d4ee09d56dd396d7e131aeaf\" class=\"sh-single-image\">\r\n\t\r\n\t\r\n\t\t<div class=\"sh-single-image-container\">\r\n\t\t\t\t\t\t\t\t\t\t\t\t<a href=\"\/\/www.erudio.si\/erudiobeauty\/wp-content\/uploads\/2018\/12\/mu-master_3.png\" rel=\"lightbox\">\r\n\t\t\t\t\r\n\t\t\t\t\t\t\t\t\t\t\t<img class=\"sh-image-url\" src=\"https:\/\/www.erudio.si\/erudiobeauty\/wp-content\/uploads\/2018\/12\/mu-master_3.png\" alt=\"mu master_3\" \/>\r\n\t\t\t\t\t\t\t\t\t\t\t\r\n\t\t\t\t\t\t\t\t\t<\/a>\r\n\t\t\t\t\t\t\t\r\n\t\t\t\t\t<\/div>\r\n\r\n\t\r\n<\/div>\r\n\r\n<div class=\"sh-empty-space\" id=\"empty-space-5b306e0ce5179ff31d46e1c396095c95\"><\/div>\r\n\r\n<div id=\"single-image-e84da58ec7ebdd0a43b5e628265f7c7d\" class=\"sh-single-image\">\r\n\t\r\n\t\r\n\t\t<div class=\"sh-single-image-container\">\r\n\t\t\t\t\t\t\t\t\t\t\t\t<a href=\"\/\/www.erudio.si\/erudiobeauty\/wp-content\/uploads\/2018\/12\/mu-master_2.png\" rel=\"lightbox\">\r\n\t\t\t\t\r\n\t\t\t\t\t\t\t\t\t\t\t<img class=\"sh-image-url\" src=\"https:\/\/www.erudio.si\/erudiobeauty\/wp-content\/uploads\/2018\/12\/mu-master_2.png\" alt=\"mu master_2\" \/>\r\n\t\t\t\t\t\t\t\t\t\t\t\r\n\t\t\t\t\t\t\t\t\t<\/a>\r\n\t\t\t\t\t\t\t\r\n\t\t\t\t\t<\/div>\r\n\r\n\t\r\n<\/div>\r\n\t<\/div>\r\n<\/div>\r\n<\/div>\n\n<div class=\"fw-row\">\n\t\r\n<div class=\"sh-column sh-column-a5c074235ac767fc79e3e41a5196e00c fw-col-xs-12\" >\r\n\r\n\t\r\n\t<div class=\"sh-column-wrapper\">\r\n\t\t\r\n<div class=\"sh-empty-space\" id=\"empty-space-2fa160dd509950d249f2e420796ebf2e\"><\/div>\r\n\r\n<div id=\"divider-b0359d8c3d11a0ff9ee0eb662f5baf1f\" class=\"sh-divider sh-divider-center sh-divider-content-none\">\r\n\t\t\t<div class=\"sh-divider-line\"><\/div>\r\n\t<\/div>\r\n\r\n<div class=\"sh-empty-space\" id=\"empty-space-5b0a8fadcfdd6a3a64c66403638afcac\"><\/div>\r\n\r\n<div id=\"text-block-7dbaed4e29c3389567acb205341ae0bb\" class=\"sh-text-block\">\r\n\t<p><a id=\"form\"><\/a><\/p><\/div>\r\n\r\n<div class=\"sh-heading\" id=\"heading-e575ede7fa03387889d3aede0bd7b6c2\">\r\n\t<h3 class=\"sh-heading-content size-custom text-center\">\r\n\t\tPRIJAVI SE\t<\/h3>\r\n<\/div>\r\n\r\n<div class=\"sh-empty-space\" id=\"empty-space-414cb088cf79eec7ca14b86a91118aab\"><\/div>\r\n\r\n<div id=\"cf7-2885\" class=\"sh-cf7 sh-cf7-style4\">\r\n    <div role=\"form\" class=\"wpcf7\" id=\"wpcf7-f2885-o1\" lang=\"sl-SI\" dir=\"ltr\">\n<div class=\"screen-reader-response\"><p role=\"status\" aria-live=\"polite\" aria-atomic=\"true\"><\/p> <ul><\/ul><\/div>\n<form action=\"\/erudiobeauty\/wp-json\/wp\/v2\/pages\/2318#wpcf7-f2885-o1\" method=\"post\" class=\"wpcf7-form init\" novalidate=\"novalidate\" data-status=\"init\">\n<div style=\"display: none;\">\n<input type=\"hidden\" name=\"_wpcf7\" value=\"2885\" \/>\n<input type=\"hidden\" name=\"_wpcf7_version\" value=\"5.3.2\" \/>\n<input type=\"hidden\" name=\"_wpcf7_locale\" value=\"sl_SI\" \/>\n<input type=\"hidden\" name=\"_wpcf7_unit_tag\" value=\"wpcf7-f2885-o1\" \/>\n<input type=\"hidden\" name=\"_wpcf7_container_post\" value=\"0\" \/>\n<input type=\"hidden\" name=\"_wpcf7_posted_data_hash\" value=\"\" \/>\n<input type=\"hidden\" name=\"_wpcf7_recaptcha_response\" value=\"\" \/>\n<\/div>\n<p><span class=\"wpcf7-form-control-wrap firstname\"><input type=\"text\" name=\"firstname\" value=\"\" size=\"40\" class=\"wpcf7-form-control wpcf7-text wpcf7-validates-as-required\" aria-required=\"true\" aria-invalid=\"false\" placeholder=\"Va\u0161e ime \/ First name\" \/><\/span><br \/>\n<span class=\"wpcf7-form-control-wrap lastname\"><input type=\"text\" name=\"lastname\" value=\"\" size=\"40\" class=\"wpcf7-form-control wpcf7-text wpcf7-validates-as-required\" aria-required=\"true\" aria-invalid=\"false\" placeholder=\"Va\u0161 priimek \/ Last name\" \/><\/span><br \/>\n<span class=\"wpcf7-form-control-wrap telephone\"><input type=\"tel\" name=\"telephone\" value=\"\" size=\"40\" class=\"wpcf7-form-control wpcf7-text wpcf7-tel wpcf7-validates-as-required wpcf7-validates-as-tel\" aria-required=\"true\" aria-invalid=\"false\" placeholder=\"Telefon \/ Phone number\" \/><\/span><br \/>\n<span class=\"wpcf7-form-control-wrap your-email\"><input type=\"email\" name=\"your-email\" value=\"\" size=\"40\" class=\"wpcf7-form-control wpcf7-text wpcf7-email wpcf7-validates-as-required wpcf7-validates-as-email\" aria-required=\"true\" aria-invalid=\"false\" placeholder=\"Va\u0161 email \/ Email\" \/><\/span><br \/>\n<span class=\"wpcf7-form-control-wrap streetaddress\"><input type=\"text\" name=\"streetaddress\" value=\"\" size=\"40\" class=\"wpcf7-form-control wpcf7-text wpcf7-validates-as-required\" aria-required=\"true\" aria-invalid=\"false\" placeholder=\"Ulica in hi\u0161na \u0161tevilka \/ Street Address\" \/><\/span><br \/>\n<span class=\"wpcf7-form-control-wrap city\"><input type=\"text\" name=\"city\" value=\"\" size=\"40\" class=\"wpcf7-form-control wpcf7-text wpcf7-validates-as-required\" aria-required=\"true\" aria-invalid=\"false\" placeholder=\"Kraj \/ City\" \/><\/span><br \/>\n<span class=\"wpcf7-form-control-wrap postcode\"><input type=\"text\" name=\"postcode\" value=\"\" size=\"40\" class=\"wpcf7-form-control wpcf7-text\" aria-invalid=\"false\" placeholder=\"Po\u0161tna \u0161tevilka \/ Postal code\" \/><\/span><br \/>\n<span class=\"wpcf7-form-control-wrap masterclass\"><select name=\"masterclass\" class=\"wpcf7-form-control wpcf7-select wpcf7-validates-as-required\" aria-required=\"true\" aria-invalid=\"false\"><option value=\"MAKEUP MASTERCLASS\">MAKEUP MASTERCLASS<\/option><\/select><\/span><br \/>\n<span class=\"wpcf7-form-control-wrap acceptance-920\"><span class=\"wpcf7-form-control wpcf7-acceptance\"><span class=\"wpcf7-list-item\"><label><input type=\"checkbox\" name=\"acceptance-920\" value=\"1\" aria-invalid=\"false\" \/><span class=\"wpcf7-list-item-label\">Sogla\u0161am z uporabo mojih osebnih podatkov (oddanih preko tega obrazca) za namen sporo\u010danja informacij o ponudbi za oddano povpra\u0161evanje in obve\u0161\u010danje o na\u0161i novi ponudbi ter novicah. Skladno z GDPR imate pravico do umika soglasja. Za umik kontaktirajte info@erudiobeauty.eu<\/span><\/label><\/span><\/span><\/span><\/p>\n\n<p><input type=\"submit\" value=\"Po\u0161lji podatke\" class=\"wpcf7-form-control wpcf7-submit\" \/><\/p>\n<div class=\"wpcf7-response-output\" aria-hidden=\"true\"><\/div><\/form><\/div><\/div>\r\n\t<\/div>\r\n<\/div>\r\n<\/div>\n\n\t<\/div>\r\n<\/section>\r\n\n","protected":false},"excerpt":{"rendered":"<p>MAKEUP MASTERCLASSSi \u017eelite svoj hobi pretvoriti v poklic? Potem je te\u010daj Makeup Masterclass kot nala\u0161\u010d za vas. PRIJAVI SE VSEBINAPRIPRAVA KO\u017dEPrava priprava ko\u017ee je eden izmed najpomembnej\u0161ih&#8230;<\/p>\n","protected":false},"author":1,"featured_media":0,"parent":0,"menu_order":0,"comment_status":"closed","ping_status":"closed","template":"","meta":{"_monsterinsights_skip_tracking":false,"_monsterinsights_sitenote_active":false,"_monsterinsights_sitenote_note":"","_monsterinsights_sitenote_category":0},"_links":{"self":[{"href":"https:\/\/www.erudio.si\/erudiobeauty\/wp-json\/wp\/v2\/pages\/2318"}],"collection":[{"href":"https:\/\/www.erudio.si\/erudiobeauty\/wp-json\/wp\/v2\/pages"}],"about":[{"href":"https:\/\/www.erudio.si\/erudiobeauty\/wp-json\/wp\/v2\/types\/page"}],"author":[{"embeddable":true,"href":"https:\/\/www.erudio.si\/erudiobeauty\/wp-json\/wp\/v2\/users\/1"}],"replies":[{"embeddable":true,"href":"https:\/\/www.erudio.si\/erudiobeauty\/wp-json\/wp\/v2\/comments?post=2318"}],"version-history":[{"count":55,"href":"https:\/\/www.erudio.si\/erudiobeauty\/wp-json\/wp\/v2\/pages\/2318\/revisions"}],"predecessor-version":[{"id":3093,"href":"https:\/\/www.erudio.si\/erudiobeauty\/wp-json\/wp\/v2\/pages\/2318\/revisions\/3093"}],"wp:attachment":[{"href":"https:\/\/www.erudio.si\/erudiobeauty\/wp-json\/wp\/v2\/media?parent=2318"}],"curies":[{"name":"wp","href":"https:\/\/api.w.org\/{rel}","templated":true}]}}