{"id":750,"date":"2017-06-19T17:16:37","date_gmt":"2017-06-19T15:16:37","guid":{"rendered":"https:\/\/test.zaris.si\/?post_type=product&#038;p=750"},"modified":"2026-03-18T22:44:17","modified_gmt":"2026-03-18T21:44:17","slug":"odstranjevalec-obnohtne-kozice-15ml","status":"publish","type":"product","link":"https:\/\/www.erudio.si\/erudiobeauty\/shop\/izdelek\/odstranjevalec-obnohtne-kozice-15ml\/","title":{"rendered":"Odstranjevalec obnohtne ko\u017eice 15ml"},"content":{"rendered":"<p>Ne\u017eno odstrani odve\u010dno obnohtno ko\u017eic, hkrati jo \u00a0meh\u010da in vla\u017ei globoko v notranjost.<\/p>\n","protected":false},"excerpt":{"rendered":"<p>Ne\u017eno odstrani odve\u010dno obnohtno ko\u017eic, hkrati jo \u00a0meh\u010da in vla\u017ei globoko v notranjost.<\/p>\n","protected":false},"featured_media":1225,"comment_status":"closed","ping_status":"closed","template":"","meta":[],"_links":{"self":[{"href":"https:\/\/www.erudio.si\/erudiobeauty\/shop\/wp-json\/wp\/v2\/product\/750"}],"collection":[{"href":"https:\/\/www.erudio.si\/erudiobeauty\/shop\/wp-json\/wp\/v2\/product"}],"about":[{"href":"https:\/\/www.erudio.si\/erudiobeauty\/shop\/wp-json\/wp\/v2\/types\/product"}],"replies":[{"embeddable":true,"href":"https:\/\/www.erudio.si\/erudiobeauty\/shop\/wp-json\/wp\/v2\/comments?post=750"}],"wp:featuredmedia":[{"embeddable":true,"href":"https:\/\/www.erudio.si\/erudiobeauty\/shop\/wp-json\/wp\/v2\/media\/1225"}],"wp:attachment":[{"href":"https:\/\/www.erudio.si\/erudiobeauty\/shop\/wp-json\/wp\/v2\/media?parent=750"}],"curies":[{"name":"wp","href":"https:\/\/api.w.org\/{rel}","templated":true}]}}