{"id":736,"date":"2017-06-19T16:38:58","date_gmt":"2017-06-19T14:38:58","guid":{"rendered":"https:\/\/test.zaris.si\/?post_type=product&#038;p=736"},"modified":"2026-03-18T22:44:17","modified_gmt":"2026-03-18T21:44:17","slug":"copic-exclusive-line-swarovski-one-stroke-2","status":"publish","type":"product","link":"https:\/\/www.erudio.si\/erudiobeauty\/shop\/izdelek\/copic-exclusive-line-swarovski-one-stroke-2\/","title":{"rendered":"\u010copi\u010d Exclusive Line Swarovski One Stroke 2"},"content":{"rendered":"<p>\u010copi\u010d za risanje One Stroke \u00a0vzorcev, okra\u0161en s kristali Swarovski.<\/p>\n","protected":false},"excerpt":{"rendered":"<p>\u010copi\u010d za risanje One Stroke \u00a0vzorcev, okra\u0161en s kristali Swarovski.<\/p>\n","protected":false},"featured_media":740,"comment_status":"closed","ping_status":"closed","template":"","meta":[],"_links":{"self":[{"href":"https:\/\/www.erudio.si\/erudiobeauty\/shop\/wp-json\/wp\/v2\/product\/736"}],"collection":[{"href":"https:\/\/www.erudio.si\/erudiobeauty\/shop\/wp-json\/wp\/v2\/product"}],"about":[{"href":"https:\/\/www.erudio.si\/erudiobeauty\/shop\/wp-json\/wp\/v2\/types\/product"}],"replies":[{"embeddable":true,"href":"https:\/\/www.erudio.si\/erudiobeauty\/shop\/wp-json\/wp\/v2\/comments?post=736"}],"wp:featuredmedia":[{"embeddable":true,"href":"https:\/\/www.erudio.si\/erudiobeauty\/shop\/wp-json\/wp\/v2\/media\/740"}],"wp:attachment":[{"href":"https:\/\/www.erudio.si\/erudiobeauty\/shop\/wp-json\/wp\/v2\/media?parent=736"}],"curies":[{"name":"wp","href":"https:\/\/api.w.org\/{rel}","templated":true}]}}