{"id":732,"date":"2017-06-19T13:31:26","date_gmt":"2017-06-19T11:31:26","guid":{"rendered":"https:\/\/test.zaris.si\/?post_type=product&#038;p=732"},"modified":"2026-03-18T22:44:18","modified_gmt":"2026-03-18T21:44:18","slug":"copic-exclusive-line-swarovski-00","status":"publish","type":"product","link":"https:\/\/www.erudio.si\/erudiobeauty\/shop\/izdelek\/copic-exclusive-line-swarovski-00\/","title":{"rendered":"\u010copi\u010d Exclusive Line Swarovski 00"},"content":{"rendered":"<p>Tanek \u010dopi\u010d za izdelovanje \u00a0linij nail art \u2013 a. Okra\u0161en z kristali Swarovski.<\/p>\n","protected":false},"excerpt":{"rendered":"<p>Tanek \u010dopi\u010d za izdelovanje \u00a0linij nail art \u2013 a. Okra\u0161en z kristali Swarovski.<\/p>\n","protected":false},"featured_media":733,"comment_status":"closed","ping_status":"closed","template":"","meta":[],"_links":{"self":[{"href":"https:\/\/www.erudio.si\/erudiobeauty\/shop\/wp-json\/wp\/v2\/product\/732"}],"collection":[{"href":"https:\/\/www.erudio.si\/erudiobeauty\/shop\/wp-json\/wp\/v2\/product"}],"about":[{"href":"https:\/\/www.erudio.si\/erudiobeauty\/shop\/wp-json\/wp\/v2\/types\/product"}],"replies":[{"embeddable":true,"href":"https:\/\/www.erudio.si\/erudiobeauty\/shop\/wp-json\/wp\/v2\/comments?post=732"}],"wp:featuredmedia":[{"embeddable":true,"href":"https:\/\/www.erudio.si\/erudiobeauty\/shop\/wp-json\/wp\/v2\/media\/733"}],"wp:attachment":[{"href":"https:\/\/www.erudio.si\/erudiobeauty\/shop\/wp-json\/wp\/v2\/media?parent=732"}],"curies":[{"name":"wp","href":"https:\/\/api.w.org\/{rel}","templated":true}]}}