{"id":683,"date":"2017-06-19T11:15:57","date_gmt":"2017-06-19T09:15:57","guid":{"rendered":"https:\/\/test.zaris.si\/?post_type=product&#038;p=683"},"modified":"2026-03-18T22:47:22","modified_gmt":"2026-03-18T21:47:22","slug":"one-step-4-v-1","status":"publish","type":"product","link":"https:\/\/www.erudio.si\/erudiobeauty\/shop\/izdelek\/one-step-4-v-1\/","title":{"rendered":"One step 4 v 1 12ml"},"content":{"rendered":"<h4 id=\"tw-target-text\" class=\"tw-data-text tw-ta tw-text-small\"><span lang=\"sl\">Cosmonails One Step je brezhiben barvni soak off lak, enostaven za uporabo v 60 neverjetnih odtenkih.<\/span><\/h4>\n<p class=\"tw-data-text tw-ta tw-text-small\" dir=\"ltr\"><span lang=\"sl\">Proizvod je inovativen, prvi na trgu, ki ne zahteva: PRIMERJA-BAZE-TOPA-RAZMA\u0160\u010cEVALCA. Samo lakiranje \u00a0je odli\u010dno, ne kaplja, ne dra\u017ei, da slabi nohte. Primernen tako za \u00a0naravne kot tudi za gelirane\u00a0nohte. Obstojnost na nohtih tudi do 45 dni.<\/span><\/p>\n<p class=\"tw-data-text tw-ta tw-text-small\" dir=\"ltr\"><span lang=\"sl\">Na\u010din uporabe:<\/span><\/p>\n<ul>\n<li class=\"tw-data-text tw-ta tw-text-small\"><span lang=\"sl\">z \u00a0bufferjem zmatirajte noht in odstranite prah z nohta;<\/span><\/li>\n<li class=\"tw-data-text tw-ta tw-text-small\"><span lang=\"sl\">nanesite tanko plast izbranega odtenka One step 4 v 1 ter posu\u0161ite (LED 30 sek, UV 3 min)<\/span><\/li>\n<li class=\"tw-data-text tw-ta tw-text-small\"><span lang=\"sl\">nanesite \u0161e eno plast izbranega odstenka One step 4 v \u00a01 ter posu\u0161ite (LED 30 sek, UV 3 min)<\/span><\/li>\n<li class=\"tw-data-text tw-ta tw-text-small\">\u010di\u0161\u010denje \u00a0nohta ni potrebno, saj nima disperzijske plasti<\/li>\n<\/ul>\n","protected":false},"excerpt":{"rendered":"<h4 id=\"tw-target-text\" class=\"tw-data-text tw-ta tw-text-small\"><span lang=\"sl\">Cosmonails One Step je brezhiben barvni soak off lak, enostaven za uporabo v 60 neverjetnih odtenkih.<\/span><\/h4>\n<p class=\"tw-data-text tw-ta tw-text-small\" dir=\"ltr\"><span lang=\"sl\">Proizvod je inovativen, prvi na trgu, ki ne zahteva: PRIMERJA-BAZE-TOPA-RAZMA\u0160\u010cEVALCA. <\/span><\/p>\n","protected":false},"featured_media":1217,"comment_status":"closed","ping_status":"closed","template":"","meta":[],"_links":{"self":[{"href":"https:\/\/www.erudio.si\/erudiobeauty\/shop\/wp-json\/wp\/v2\/product\/683"}],"collection":[{"href":"https:\/\/www.erudio.si\/erudiobeauty\/shop\/wp-json\/wp\/v2\/product"}],"about":[{"href":"https:\/\/www.erudio.si\/erudiobeauty\/shop\/wp-json\/wp\/v2\/types\/product"}],"replies":[{"embeddable":true,"href":"https:\/\/www.erudio.si\/erudiobeauty\/shop\/wp-json\/wp\/v2\/comments?post=683"}],"wp:featuredmedia":[{"embeddable":true,"href":"https:\/\/www.erudio.si\/erudiobeauty\/shop\/wp-json\/wp\/v2\/media\/1217"}],"wp:attachment":[{"href":"https:\/\/www.erudio.si\/erudiobeauty\/shop\/wp-json\/wp\/v2\/media?parent=683"}],"curies":[{"name":"wp","href":"https:\/\/api.w.org\/{rel}","templated":true}]}}