{"id":660,"date":"2017-06-14T16:48:14","date_gmt":"2017-06-14T14:48:14","guid":{"rendered":"https:\/\/test.zaris.si\/?post_type=product&#038;p=660"},"modified":"2026-03-18T22:47:04","modified_gmt":"2026-03-18T21:47:04","slug":"olje-za-obnohtno-kozico-12ml","status":"publish","type":"product","link":"https:\/\/www.erudio.si\/erudiobeauty\/shop\/izdelek\/olje-za-obnohtno-kozico-12ml\/","title":{"rendered":"Cosmonails Olje za obnohtno ko\u017eico 12ml"},"content":{"rendered":"<h4>Olje za obnohtno ko\u017eico z dodanimi vitamini A, E IN F, jojobo ter p\u0161eni\u010dnih kal\u010dkov .<\/h4>\n<p>Idealen izdelek za negovanje, vla\u017eenje kutikule in meh\u010danje obnohtne ko\u017eice.<\/p>\n","protected":false},"excerpt":{"rendered":"<p>Idealen izdelek za negovanje, vla\u017eenje kutikule in meh\u010danje obnohtne ko\u017eice.<\/p>\n","protected":false},"featured_media":1219,"comment_status":"closed","ping_status":"closed","template":"","meta":[],"_links":{"self":[{"href":"https:\/\/www.erudio.si\/erudiobeauty\/shop\/wp-json\/wp\/v2\/product\/660"}],"collection":[{"href":"https:\/\/www.erudio.si\/erudiobeauty\/shop\/wp-json\/wp\/v2\/product"}],"about":[{"href":"https:\/\/www.erudio.si\/erudiobeauty\/shop\/wp-json\/wp\/v2\/types\/product"}],"replies":[{"embeddable":true,"href":"https:\/\/www.erudio.si\/erudiobeauty\/shop\/wp-json\/wp\/v2\/comments?post=660"}],"wp:featuredmedia":[{"embeddable":true,"href":"https:\/\/www.erudio.si\/erudiobeauty\/shop\/wp-json\/wp\/v2\/media\/1219"}],"wp:attachment":[{"href":"https:\/\/www.erudio.si\/erudiobeauty\/shop\/wp-json\/wp\/v2\/media?parent=660"}],"curies":[{"name":"wp","href":"https:\/\/api.w.org\/{rel}","templated":true}]}}