{"id":410,"date":"2017-05-09T13:32:14","date_gmt":"2017-05-09T11:32:14","guid":{"rendered":"https:\/\/test.zaris.si\/?post_type=product&#038;p=410"},"modified":"2026-03-18T22:48:37","modified_gmt":"2026-03-18T21:48:37","slug":"erudio-beauty-kremna-podlaga-m128","status":"publish","type":"product","link":"https:\/\/www.erudio.si\/erudiobeauty\/shop\/izdelek\/erudio-beauty-kremna-podlaga-m128\/","title":{"rendered":"Podlaga puff &#8211; M128"},"content":{"rendered":"<div class=\"woocommerce-tabs wc-tabs-wrapper\">\n<div id=\"tab-description\" class=\"woocommerce-Tabs-panel woocommerce-Tabs-panel--description panel entry-content wc-tab\">\n<p>HD kremna podlaga ima s kremasto teksturo nudi \u017eameten u\u010dinek na ko\u017ei. Zaradi svoje strukture, ne potrebuje matiranja s pudrom v prahu. Na ko\u017ei pu\u0161\u010da lahek ob\u010dutek.<\/p>\n<p>Lahko se jo uporablja z ali brez Makeup Mixerja. Primerna za televizijsko in fotografsko li\u010denje.<\/p>\n<\/div>\n<p>&nbsp;<\/p>\n<\/div>\n","protected":false},"excerpt":{"rendered":"<p>HD kremna podlaga ima s kremasto teksturo nudi \u017eameten u\u010dinek na ko\u017ei.<\/p>\n<p>&nbsp;<\/p>\n","protected":false},"featured_media":779,"comment_status":"closed","ping_status":"closed","template":"","meta":[],"_links":{"self":[{"href":"https:\/\/www.erudio.si\/erudiobeauty\/shop\/wp-json\/wp\/v2\/product\/410"}],"collection":[{"href":"https:\/\/www.erudio.si\/erudiobeauty\/shop\/wp-json\/wp\/v2\/product"}],"about":[{"href":"https:\/\/www.erudio.si\/erudiobeauty\/shop\/wp-json\/wp\/v2\/types\/product"}],"replies":[{"embeddable":true,"href":"https:\/\/www.erudio.si\/erudiobeauty\/shop\/wp-json\/wp\/v2\/comments?post=410"}],"wp:featuredmedia":[{"embeddable":true,"href":"https:\/\/www.erudio.si\/erudiobeauty\/shop\/wp-json\/wp\/v2\/media\/779"}],"wp:attachment":[{"href":"https:\/\/www.erudio.si\/erudiobeauty\/shop\/wp-json\/wp\/v2\/media?parent=410"}],"curies":[{"name":"wp","href":"https:\/\/api.w.org\/{rel}","templated":true}]}}