{"id":335,"date":"2017-04-12T17:02:20","date_gmt":"2017-04-12T15:02:20","guid":{"rendered":"https:\/\/test.zaris.si\/product\/spatula\/"},"modified":"2026-03-18T22:48:39","modified_gmt":"2026-03-18T21:48:39","slug":"spatula","status":"publish","type":"product","link":"https:\/\/www.erudio.si\/erudiobeauty\/shop\/izdelek\/spatula\/","title":{"rendered":"Spatula"},"content":{"rendered":"<p>Spatula je idealen pripomo\u010dek za me\u0161anje barv ali teko\u010dih ter kremastih podlag. Narejeno iz nerjave\u010dega jekla.<\/p>\n","protected":false},"excerpt":{"rendered":"<p>Spatula je idealen pripomo\u010dek za me\u0161anje barv ali teko\u010dih ter kremastih podlag. Narejeno iz nerjave\u010dega jekla.<\/p>\n","protected":false},"featured_media":1166,"comment_status":"closed","ping_status":"closed","template":"","meta":[],"_links":{"self":[{"href":"https:\/\/www.erudio.si\/erudiobeauty\/shop\/wp-json\/wp\/v2\/product\/335"}],"collection":[{"href":"https:\/\/www.erudio.si\/erudiobeauty\/shop\/wp-json\/wp\/v2\/product"}],"about":[{"href":"https:\/\/www.erudio.si\/erudiobeauty\/shop\/wp-json\/wp\/v2\/types\/product"}],"replies":[{"embeddable":true,"href":"https:\/\/www.erudio.si\/erudiobeauty\/shop\/wp-json\/wp\/v2\/comments?post=335"}],"wp:featuredmedia":[{"embeddable":true,"href":"https:\/\/www.erudio.si\/erudiobeauty\/shop\/wp-json\/wp\/v2\/media\/1166"}],"wp:attachment":[{"href":"https:\/\/www.erudio.si\/erudiobeauty\/shop\/wp-json\/wp\/v2\/media?parent=335"}],"curies":[{"name":"wp","href":"https:\/\/api.w.org\/{rel}","templated":true}]}}