{"id":333,"date":"2017-04-12T17:02:19","date_gmt":"2017-04-12T15:02:19","guid":{"rendered":"https:\/\/test.zaris.si\/product\/gobica-bombazna-crna\/"},"modified":"2026-03-18T22:48:44","modified_gmt":"2026-03-18T21:48:44","slug":"gobica-bombazna-crna","status":"publish","type":"product","link":"https:\/\/www.erudio.si\/erudiobeauty\/shop\/izdelek\/gobica-bombazna-crna\/","title":{"rendered":"Gobica bomba\u017ena \u010drna"},"content":{"rendered":"<p>Mehka gobica je popolni pripomo\u010dek pri nanosu pudrov v kamnu in prahu! <\/p>\n","protected":false},"excerpt":{"rendered":"<p>Mehka gobica je popolni pripomo\u010dek pri nanosu pudrov v kamnu in prahu! <\/p>\n","protected":false},"featured_media":1019,"comment_status":"closed","ping_status":"closed","template":"","meta":[],"_links":{"self":[{"href":"https:\/\/www.erudio.si\/erudiobeauty\/shop\/wp-json\/wp\/v2\/product\/333"}],"collection":[{"href":"https:\/\/www.erudio.si\/erudiobeauty\/shop\/wp-json\/wp\/v2\/product"}],"about":[{"href":"https:\/\/www.erudio.si\/erudiobeauty\/shop\/wp-json\/wp\/v2\/types\/product"}],"replies":[{"embeddable":true,"href":"https:\/\/www.erudio.si\/erudiobeauty\/shop\/wp-json\/wp\/v2\/comments?post=333"}],"wp:featuredmedia":[{"embeddable":true,"href":"https:\/\/www.erudio.si\/erudiobeauty\/shop\/wp-json\/wp\/v2\/media\/1019"}],"wp:attachment":[{"href":"https:\/\/www.erudio.si\/erudiobeauty\/shop\/wp-json\/wp\/v2\/media?parent=333"}],"curies":[{"name":"wp","href":"https:\/\/api.w.org\/{rel}","templated":true}]}}