{"id":332,"date":"2017-04-12T17:02:18","date_gmt":"2017-04-12T15:02:18","guid":{"rendered":"https:\/\/test.zaris.si\/product\/torba-za-copice\/"},"modified":"2026-03-18T22:48:44","modified_gmt":"2026-03-18T21:48:44","slug":"torba-za-copice","status":"publish","type":"product","link":"https:\/\/www.erudio.si\/erudiobeauty\/shop\/izdelek\/torba-za-copice\/","title":{"rendered":"Pas za \u010dopi\u010de"},"content":{"rendered":"<p>&#8220;Must have&#8221; vsakega makeup artista. Usnjen pas je izdelan za la\u017eje no\u0161enje \u010dopi\u010dev in uporabo \u010dopi\u010dev med samim delom. Profesionalni pas ima ogromno \u017eepkov in zati\u010dev za lahkotno no\u0161njo pripomo\u010dkov.<\/p>\n","protected":false},"excerpt":{"rendered":"<p>&#8220;Must have&#8221; vsakega makeup artista.<\/p>\n","protected":false},"featured_media":1025,"comment_status":"closed","ping_status":"closed","template":"","meta":[],"_links":{"self":[{"href":"https:\/\/www.erudio.si\/erudiobeauty\/shop\/wp-json\/wp\/v2\/product\/332"}],"collection":[{"href":"https:\/\/www.erudio.si\/erudiobeauty\/shop\/wp-json\/wp\/v2\/product"}],"about":[{"href":"https:\/\/www.erudio.si\/erudiobeauty\/shop\/wp-json\/wp\/v2\/types\/product"}],"replies":[{"embeddable":true,"href":"https:\/\/www.erudio.si\/erudiobeauty\/shop\/wp-json\/wp\/v2\/comments?post=332"}],"wp:featuredmedia":[{"embeddable":true,"href":"https:\/\/www.erudio.si\/erudiobeauty\/shop\/wp-json\/wp\/v2\/media\/1025"}],"wp:attachment":[{"href":"https:\/\/www.erudio.si\/erudiobeauty\/shop\/wp-json\/wp\/v2\/media?parent=332"}],"curies":[{"name":"wp","href":"https:\/\/api.w.org\/{rel}","templated":true}]}}