{"id":326,"date":"2017-04-12T17:02:15","date_gmt":"2017-04-12T15:02:15","guid":{"rendered":"https:\/\/test.zaris.si\/product\/copic-za-obrvi-1-eb-eb1\/"},"modified":"2026-03-18T22:48:44","modified_gmt":"2026-03-18T21:48:44","slug":"copic-za-obrvi-1-eb-eb1","status":"publish","type":"product","link":"https:\/\/www.erudio.si\/erudiobeauty\/shop\/izdelek\/copic-za-obrvi-1-eb-eb1\/","title":{"rendered":"\u010copi\u010d za obrvi 1 &#8211; EB-EB1"},"content":{"rendered":"<p>Po\u0161evni \u010dopi\u010d, narejen iz veveri\u010dje dlake \u00a0primeren za popolno oblikovanje obrvi.<\/p>\n<p>&nbsp;<\/p>\n<p>&nbsp;<\/p>\n<p><!-- Protanopia filter -->    <!-- Deuteranopia filter -->    <!-- Tritanopia filter --><\/p>\n","protected":false},"excerpt":{"rendered":"<p>Po\u0161evni \u010dopi\u010d, narejen iz veveri\u010dje dlake \u00a0primeren za popolno oblikovanje obrvi.<\/p>\n<p><!-- Protanopia filter -->    <!-- Deuteranopia filter -->    <!-- Tritanopia filter --><\/p>\n","protected":false},"featured_media":1137,"comment_status":"closed","ping_status":"closed","template":"","meta":[],"_links":{"self":[{"href":"https:\/\/www.erudio.si\/erudiobeauty\/shop\/wp-json\/wp\/v2\/product\/326"}],"collection":[{"href":"https:\/\/www.erudio.si\/erudiobeauty\/shop\/wp-json\/wp\/v2\/product"}],"about":[{"href":"https:\/\/www.erudio.si\/erudiobeauty\/shop\/wp-json\/wp\/v2\/types\/product"}],"replies":[{"embeddable":true,"href":"https:\/\/www.erudio.si\/erudiobeauty\/shop\/wp-json\/wp\/v2\/comments?post=326"}],"wp:featuredmedia":[{"embeddable":true,"href":"https:\/\/www.erudio.si\/erudiobeauty\/shop\/wp-json\/wp\/v2\/media\/1137"}],"wp:attachment":[{"href":"https:\/\/www.erudio.si\/erudiobeauty\/shop\/wp-json\/wp\/v2\/media?parent=326"}],"curies":[{"name":"wp","href":"https:\/\/api.w.org\/{rel}","templated":true}]}}