{"id":322,"date":"2017-04-12T17:02:13","date_gmt":"2017-04-12T15:02:13","guid":{"rendered":"https:\/\/test.zaris.si\/product\/copic-za-oci-2-eb-es2-mini\/"},"modified":"2026-03-18T22:48:45","modified_gmt":"2026-03-18T21:48:45","slug":"copic-za-oci-2-eb-es2-mini","status":"publish","type":"product","link":"https:\/\/www.erudio.si\/erudiobeauty\/shop\/izdelek\/copic-za-oci-2-eb-es2-mini\/","title":{"rendered":"\u010copi\u010d za o\u010di 2 &#8211; EB-ES2 mini"},"content":{"rendered":"<h4>\u010copi\u010d za nana\u0161anje sen\u010dil na veke.<\/h4>\n<p>Narejen iz veveri\u010dje dlake. Idealen tudi za zabrisovanje in ustvarjanje popolne linije sen\u010dila ter definiranje linij.<\/p>\n<p>&nbsp;<\/p>\n","protected":false},"excerpt":{"rendered":"<p><strong>\u010copi\u010d za nana\u0161anje sen\u010dil na veke. Narejen iz \u00a0veveri\u010dje dlake.<\/strong><\/p>\n<p>Idealen tudi za zabrisovanje in ustvarjanje popolne linije sen\u010dila ter definiranje linij.<\/p>\n<p>&nbsp;<\/p>\n","protected":false},"featured_media":0,"comment_status":"closed","ping_status":"closed","template":"","meta":[],"_links":{"self":[{"href":"https:\/\/www.erudio.si\/erudiobeauty\/shop\/wp-json\/wp\/v2\/product\/322"}],"collection":[{"href":"https:\/\/www.erudio.si\/erudiobeauty\/shop\/wp-json\/wp\/v2\/product"}],"about":[{"href":"https:\/\/www.erudio.si\/erudiobeauty\/shop\/wp-json\/wp\/v2\/types\/product"}],"replies":[{"embeddable":true,"href":"https:\/\/www.erudio.si\/erudiobeauty\/shop\/wp-json\/wp\/v2\/comments?post=322"}],"wp:attachment":[{"href":"https:\/\/www.erudio.si\/erudiobeauty\/shop\/wp-json\/wp\/v2\/media?parent=322"}],"curies":[{"name":"wp","href":"https:\/\/api.w.org\/{rel}","templated":true}]}}