{"id":321,"date":"2017-04-12T17:02:12","date_gmt":"2017-04-12T15:02:12","guid":{"rendered":"https:\/\/test.zaris.si\/product\/copic-za-oci-1-eb-es1\/"},"modified":"2026-03-18T22:48:45","modified_gmt":"2026-03-18T21:48:45","slug":"copic-za-oci-1-eb-es1","status":"publish","type":"product","link":"https:\/\/www.erudio.si\/erudiobeauty\/shop\/izdelek\/copic-za-oci-1-eb-es1\/","title":{"rendered":"\u010copi\u010d za o\u010di  1 &#8211; EB-ES1"},"content":{"rendered":"<p><span data-sheets-value=\"{&quot;1&quot;:2,&quot;2&quot;:&quot;u010copiu010d za nanau0161anje senu010dil na veke. Narejen iz nkozje dlake.&quot;}\" data-sheets-userformat=\"{&quot;2&quot;:4609,&quot;3&quot;:[null,0],&quot;12&quot;:0,&quot;15&quot;:&quot;Times New Roman&quot;}\">\u010copi\u010d za nana\u0161anje sen\u010dil na veke. Narejen iz kozje dlake.<\/span><\/p>\n","protected":false},"excerpt":{"rendered":"<p>\u010copi\u010d za nana\u0161anje sen\u010dil na veke. Narejen iz kozje dlake.<\/p>\n","protected":false},"featured_media":1327,"comment_status":"closed","ping_status":"closed","template":"","meta":[],"_links":{"self":[{"href":"https:\/\/www.erudio.si\/erudiobeauty\/shop\/wp-json\/wp\/v2\/product\/321"}],"collection":[{"href":"https:\/\/www.erudio.si\/erudiobeauty\/shop\/wp-json\/wp\/v2\/product"}],"about":[{"href":"https:\/\/www.erudio.si\/erudiobeauty\/shop\/wp-json\/wp\/v2\/types\/product"}],"replies":[{"embeddable":true,"href":"https:\/\/www.erudio.si\/erudiobeauty\/shop\/wp-json\/wp\/v2\/comments?post=321"}],"wp:featuredmedia":[{"embeddable":true,"href":"https:\/\/www.erudio.si\/erudiobeauty\/shop\/wp-json\/wp\/v2\/media\/1327"}],"wp:attachment":[{"href":"https:\/\/www.erudio.si\/erudiobeauty\/shop\/wp-json\/wp\/v2\/media?parent=321"}],"curies":[{"name":"wp","href":"https:\/\/api.w.org\/{rel}","templated":true}]}}