{"id":313,"date":"2017-04-12T17:02:08","date_gmt":"2017-04-12T15:02:08","guid":{"rendered":"https:\/\/test.zaris.si\/product\/mixer-60ml\/"},"modified":"2026-03-18T22:48:46","modified_gmt":"2026-03-18T21:48:46","slug":"mixer-60ml","status":"publish","type":"product","link":"https:\/\/www.erudio.si\/erudiobeauty\/shop\/izdelek\/mixer-60ml\/","title":{"rendered":"Mixer &#8211; 60ML"},"content":{"rendered":"<p><span data-sheets-value=\"{&quot;1&quot;:2,&quot;2&quot;:&quot;Makeup Mixer je najbolj univerzalen izdelek v svetu makeup artistov. Je kljuu010dni korak za liu010denje z kvalitetnimi liu010dili. Poglavitna naloga le tega je priprava kou017ee na nanos izredno pigmentiranih liu010dil, predvsem pudrov, narejenih iz voskov, kot so produkti blagovne znamke Erudio Beauty. 1 izdelek = 4 funkcije *VLAu017dILEC KOu017dE: Maekup Mixer uporabite kot bazo za nanos izdredno pigmentiranih podlag oziroma pudrov, predvsem pa pudrov, ki so narejeni iz naravnih voskov. * Razredu010dilo: pri meu0161anju z nau0161imi Erudio Beauty podlgami, si boste lahko naredili meu0161anico podlage, kakru0161no sami u017eelite; od nizke pa vse do izjemno visoke prekrivnosti in gostote. Veu010djo koliu010dino Mixerja boste dodali, bolj tekou010do podlgo boste primeu0161ali. * MEu0160ANJE BARVNIH ODTENKOV: pri meu0161anju dveh odtenkov ali veu010d, lahko Mixer uporabite za redu010denje le teh. Tako boste dobili boste homogeno in gladko meu0161anico, pripravljeno za nanos. *ODSTRANJEVALEC LIu010cIL: Makeup Mixer bo odliu010dno odstranil tudi vsa liu010dila, hkrati pa poskrbel za hidratacijo kou017ee.Zmes je gladka in homogena. Primeren je za vse tipe kou017ee. &quot;}\" data-sheets-userformat=\"{&quot;2&quot;:14720,&quot;10&quot;:1,&quot;11&quot;:4,&quot;14&quot;:{&quot;1&quot;:2,&quot;2&quot;:0},&quot;15&quot;:&quot;Calibri&quot;,&quot;16&quot;:11}\">Makeup Mixer je najbolj univerzalen izdelek v svetu makeup artistov. Je klju\u010dni korak za li\u010denje z kvalitetnimi li\u010dili. Poglavitna naloga le tega je priprava ko\u017ee na nanos izredno pigmentiranih li\u010dil, predvsem pudrov, narejenih iz voskov, kot so produkti blagovne znamke Erudio Beauty. <\/span><\/p>\n<p><span data-sheets-value=\"{&quot;1&quot;:2,&quot;2&quot;:&quot;Makeup Mixer je najbolj univerzalen izdelek v svetu makeup artistov. Je kljuu010dni korak za liu010denje z kvalitetnimi liu010dili. Poglavitna naloga le tega je priprava kou017ee na nanos izredno pigmentiranih liu010dil, predvsem pudrov, narejenih iz voskov, kot so produkti blagovne znamke Erudio Beauty. 1 izdelek = 4 funkcije *VLAu017dILEC KOu017dE: Maekup Mixer uporabite kot bazo za nanos izdredno pigmentiranih podlag oziroma pudrov, predvsem pa pudrov, ki so narejeni iz naravnih voskov. * Razredu010dilo: pri meu0161anju z nau0161imi Erudio Beauty podlgami, si boste lahko naredili meu0161anico podlage, kakru0161no sami u017eelite; od nizke pa vse do izjemno visoke prekrivnosti in gostote. Veu010djo koliu010dino Mixerja boste dodali, bolj tekou010do podlgo boste primeu0161ali. * MEu0160ANJE BARVNIH ODTENKOV: pri meu0161anju dveh odtenkov ali veu010d, lahko Mixer uporabite za redu010denje le teh. Tako boste dobili boste homogeno in gladko meu0161anico, pripravljeno za nanos. *ODSTRANJEVALEC LIu010cIL: Makeup Mixer bo odliu010dno odstranil tudi vsa liu010dila, hkrati pa poskrbel za hidratacijo kou017ee.Zmes je gladka in homogena. Primeren je za vse tipe kou017ee. &quot;}\" data-sheets-userformat=\"{&quot;2&quot;:14720,&quot;10&quot;:1,&quot;11&quot;:4,&quot;14&quot;:{&quot;1&quot;:2,&quot;2&quot;:0},&quot;15&quot;:&quot;Calibri&quot;,&quot;16&quot;:11}\">1 izdelek = 4 funkcije <\/span><\/p>\n<ul>\n<li><span data-sheets-value=\"{&quot;1&quot;:2,&quot;2&quot;:&quot;Makeup Mixer je najbolj univerzalen izdelek v svetu makeup artistov. Je kljuu010dni korak za liu010denje z kvalitetnimi liu010dili. Poglavitna naloga le tega je priprava kou017ee na nanos izredno pigmentiranih liu010dil, predvsem pudrov, narejenih iz voskov, kot so produkti blagovne znamke Erudio Beauty. 1 izdelek = 4 funkcije *VLAu017dILEC KOu017dE: Maekup Mixer uporabite kot bazo za nanos izdredno pigmentiranih podlag oziroma pudrov, predvsem pa pudrov, ki so narejeni iz naravnih voskov. * Razredu010dilo: pri meu0161anju z nau0161imi Erudio Beauty podlgami, si boste lahko naredili meu0161anico podlage, kakru0161no sami u017eelite; od nizke pa vse do izjemno visoke prekrivnosti in gostote. Veu010djo koliu010dino Mixerja boste dodali, bolj tekou010do podlgo boste primeu0161ali. * MEu0160ANJE BARVNIH ODTENKOV: pri meu0161anju dveh odtenkov ali veu010d, lahko Mixer uporabite za redu010denje le teh. Tako boste dobili boste homogeno in gladko meu0161anico, pripravljeno za nanos. *ODSTRANJEVALEC LIu010cIL: Makeup Mixer bo odliu010dno odstranil tudi vsa liu010dila, hkrati pa poskrbel za hidratacijo kou017ee.Zmes je gladka in homogena. Primeren je za vse tipe kou017ee. &quot;}\" data-sheets-userformat=\"{&quot;2&quot;:14720,&quot;10&quot;:1,&quot;11&quot;:4,&quot;14&quot;:{&quot;1&quot;:2,&quot;2&quot;:0},&quot;15&quot;:&quot;Calibri&quot;,&quot;16&quot;:11}\"><strong>VLA\u017dILEC KO\u017dE<\/strong>: Makeup Mixer uporabite kot bazo za nanos izdredno pigmentiranih podlag oziroma pudrov, predvsem pa pudrov, ki so narejeni iz naravnih voskov.<\/span><\/li>\n<li><span data-sheets-value=\"{&quot;1&quot;:2,&quot;2&quot;:&quot;Makeup Mixer je najbolj univerzalen izdelek v svetu makeup artistov. Je kljuu010dni korak za liu010denje z kvalitetnimi liu010dili. Poglavitna naloga le tega je priprava kou017ee na nanos izredno pigmentiranih liu010dil, predvsem pudrov, narejenih iz voskov, kot so produkti blagovne znamke Erudio Beauty. 1 izdelek = 4 funkcije *VLAu017dILEC KOu017dE: Maekup Mixer uporabite kot bazo za nanos izdredno pigmentiranih podlag oziroma pudrov, predvsem pa pudrov, ki so narejeni iz naravnih voskov. * Razredu010dilo: pri meu0161anju z nau0161imi Erudio Beauty podlgami, si boste lahko naredili meu0161anico podlage, kakru0161no sami u017eelite; od nizke pa vse do izjemno visoke prekrivnosti in gostote. Veu010djo koliu010dino Mixerja boste dodali, bolj tekou010do podlgo boste primeu0161ali. * MEu0160ANJE BARVNIH ODTENKOV: pri meu0161anju dveh odtenkov ali veu010d, lahko Mixer uporabite za redu010denje le teh. Tako boste dobili boste homogeno in gladko meu0161anico, pripravljeno za nanos. *ODSTRANJEVALEC LIu010cIL: Makeup Mixer bo odliu010dno odstranil tudi vsa liu010dila, hkrati pa poskrbel za hidratacijo kou017ee.Zmes je gladka in homogena. Primeren je za vse tipe kou017ee. &quot;}\" data-sheets-userformat=\"{&quot;2&quot;:14720,&quot;10&quot;:1,&quot;11&quot;:4,&quot;14&quot;:{&quot;1&quot;:2,&quot;2&quot;:0},&quot;15&quot;:&quot;Calibri&quot;,&quot;16&quot;:11}\"><strong>RED\u010cILO<\/strong>: pri me\u0161anju z na\u0161imi Erudio Beauty podlgami, si boste lahko naredili me\u0161anico podlage, kakr\u0161no sami \u017eelite; od nizke pa vse do izjemno visoke prekrivnosti in gostote. Ve\u010djo koli\u010dino Mixerja boste dodali, bolj teko\u010do podlago boste prime\u0161ali.<\/span><\/li>\n<li><span data-sheets-value=\"{&quot;1&quot;:2,&quot;2&quot;:&quot;Makeup Mixer je najbolj univerzalen izdelek v svetu makeup artistov. Je kljuu010dni korak za liu010denje z kvalitetnimi liu010dili. Poglavitna naloga le tega je priprava kou017ee na nanos izredno pigmentiranih liu010dil, predvsem pudrov, narejenih iz voskov, kot so produkti blagovne znamke Erudio Beauty. 1 izdelek = 4 funkcije *VLAu017dILEC KOu017dE: Maekup Mixer uporabite kot bazo za nanos izdredno pigmentiranih podlag oziroma pudrov, predvsem pa pudrov, ki so narejeni iz naravnih voskov. * Razredu010dilo: pri meu0161anju z nau0161imi Erudio Beauty podlgami, si boste lahko naredili meu0161anico podlage, kakru0161no sami u017eelite; od nizke pa vse do izjemno visoke prekrivnosti in gostote. Veu010djo koliu010dino Mixerja boste dodali, bolj tekou010do podlgo boste primeu0161ali. * MEu0160ANJE BARVNIH ODTENKOV: pri meu0161anju dveh odtenkov ali veu010d, lahko Mixer uporabite za redu010denje le teh. Tako boste dobili boste homogeno in gladko meu0161anico, pripravljeno za nanos. *ODSTRANJEVALEC LIu010cIL: Makeup Mixer bo odliu010dno odstranil tudi vsa liu010dila, hkrati pa poskrbel za hidratacijo kou017ee.Zmes je gladka in homogena. Primeren je za vse tipe kou017ee. &quot;}\" data-sheets-userformat=\"{&quot;2&quot;:14720,&quot;10&quot;:1,&quot;11&quot;:4,&quot;14&quot;:{&quot;1&quot;:2,&quot;2&quot;:0},&quot;15&quot;:&quot;Calibri&quot;,&quot;16&quot;:11}\">\u00a0<strong>ME\u0160ANJE BARVNIH ODTENKOV:<\/strong> pri me\u0161anju dveh odtenkov ali ve\u010d, lahko Mixer uporabite za red\u010denje le teh. Tako boste dobili boste homogeno in gladko me\u0161anico, pripravljeno za nanos. <\/span><\/li>\n<li><span data-sheets-value=\"{&quot;1&quot;:2,&quot;2&quot;:&quot;Makeup Mixer je najbolj univerzalen izdelek v svetu makeup artistov. Je kljuu010dni korak za liu010denje z kvalitetnimi liu010dili. Poglavitna naloga le tega je priprava kou017ee na nanos izredno pigmentiranih liu010dil, predvsem pudrov, narejenih iz voskov, kot so produkti blagovne znamke Erudio Beauty. 1 izdelek = 4 funkcije *VLAu017dILEC KOu017dE: Maekup Mixer uporabite kot bazo za nanos izdredno pigmentiranih podlag oziroma pudrov, predvsem pa pudrov, ki so narejeni iz naravnih voskov. * Razredu010dilo: pri meu0161anju z nau0161imi Erudio Beauty podlgami, si boste lahko naredili meu0161anico podlage, kakru0161no sami u017eelite; od nizke pa vse do izjemno visoke prekrivnosti in gostote. Veu010djo koliu010dino Mixerja boste dodali, bolj tekou010do podlgo boste primeu0161ali. * MEu0160ANJE BARVNIH ODTENKOV: pri meu0161anju dveh odtenkov ali veu010d, lahko Mixer uporabite za redu010denje le teh. Tako boste dobili boste homogeno in gladko meu0161anico, pripravljeno za nanos. *ODSTRANJEVALEC LIu010cIL: Makeup Mixer bo odliu010dno odstranil tudi vsa liu010dila, hkrati pa poskrbel za hidratacijo kou017ee.Zmes je gladka in homogena. Primeren je za vse tipe kou017ee. &quot;}\" data-sheets-userformat=\"{&quot;2&quot;:14720,&quot;10&quot;:1,&quot;11&quot;:4,&quot;14&quot;:{&quot;1&quot;:2,&quot;2&quot;:0},&quot;15&quot;:&quot;Calibri&quot;,&quot;16&quot;:11}\"><strong>ODSTRANJEVALEC LI\u010cIL<\/strong>: Makeup Mixer bo odli\u010dno odstranil tudi vsa li\u010dila, hkrati pa poskrbel za hidratacijo ko\u017ee.Zmes je gladka in homogena. Primeren je za vse tipe ko\u017ee. <\/span><\/li>\n<\/ul>\n","protected":false},"excerpt":{"rendered":"<p>Makeup Mixer je najbolj univerzalen izdelek v svetu makeup artistov. Je klju\u010dni korak za li\u010denje z kvalitetnimi li\u010dili. Poglavitna naloga le tega je priprava ko\u017ee na nanos izredno pigmentiranih li\u010dil, predvsem pudrov, narejenih iz voskov, kot so produkti blagovne znamke Erudio Beauty.<\/p>\n","protected":false},"featured_media":912,"comment_status":"closed","ping_status":"closed","template":"","meta":[],"_links":{"self":[{"href":"https:\/\/www.erudio.si\/erudiobeauty\/shop\/wp-json\/wp\/v2\/product\/313"}],"collection":[{"href":"https:\/\/www.erudio.si\/erudiobeauty\/shop\/wp-json\/wp\/v2\/product"}],"about":[{"href":"https:\/\/www.erudio.si\/erudiobeauty\/shop\/wp-json\/wp\/v2\/types\/product"}],"replies":[{"embeddable":true,"href":"https:\/\/www.erudio.si\/erudiobeauty\/shop\/wp-json\/wp\/v2\/comments?post=313"}],"wp:featuredmedia":[{"embeddable":true,"href":"https:\/\/www.erudio.si\/erudiobeauty\/shop\/wp-json\/wp\/v2\/media\/912"}],"wp:attachment":[{"href":"https:\/\/www.erudio.si\/erudiobeauty\/shop\/wp-json\/wp\/v2\/media?parent=313"}],"curies":[{"name":"wp","href":"https:\/\/api.w.org\/{rel}","templated":true}]}}