{"id":310,"date":"2017-04-12T17:02:07","date_gmt":"2017-04-12T15:02:07","guid":{"rendered":"https:\/\/test.zaris.si\/product\/sencila-za-oci-4mixed-eb-702\/"},"modified":"2026-03-18T22:48:46","modified_gmt":"2026-03-18T21:48:46","slug":"sencila-za-oci-4mixed-eb-702","status":"publish","type":"product","link":"https:\/\/www.erudio.si\/erudiobeauty\/shop\/izdelek\/sencila-za-oci-4mixed-eb-702\/","title":{"rendered":"Sen\u010dila za o\u010di &#8211; 4mixed  &#8211; EB.702"},"content":{"rendered":"<p><span data-sheets-value=\"{&quot;1&quot;:2,&quot;2&quot;:&quot;Paleta 5-ih senu010dil  bo vau0161 idealen partner in obvezen pripomou010dek pri liu010denju. Senu010dila Erudio Beauty  so visoko pigmentirana, izjemno obstojna ter lahka za zabrisovanje. Posebnost nau0161ih senu010dil je poleg tega, da se ne usuvajo ter so odporna na udarce tudi v tem, da se jih lahko uporablja kot senu010dilo za veke, rdeu010dilo za lica in senu010denje obrvi.  u010cudoviti shimmer odtenki bodo tako u0161e dodatno poudarili vau0161o lepoto. &quot;}\" data-sheets-userformat=\"{&quot;2&quot;:14592,&quot;11&quot;:4,&quot;14&quot;:{&quot;1&quot;:2,&quot;2&quot;:0},&quot;15&quot;:&quot;Calibri&quot;,&quot;16&quot;:11}\">Paleta 4-ih sen\u010dil bo va\u0161 idealen partner in obvezen pripomo\u010dek pri li\u010denju. Sen\u010dila Erudio Beauty so visoko pigmentirana, izjemno obstojna ter lahka za zabrisovanje. Posebnost na\u0161ih sen\u010dil je poleg tega, da se ne \u00a0vsuvajo ter so odporna na udarce tudi v tem, da se jih lahko uporablja kot sen\u010dilo za veke, rde\u010dilo za lica in sen\u010denje obrvi. \u010cudoviti shimmer odtenki bodo tako \u0161e dodatno poudarili va\u0161o lepoto.<\/span><\/p>\n","protected":false},"excerpt":{"rendered":"<p>Sen\u010dila Erudio Beauty so visoko pigmentirana, izjemno obstojna ter lahka za zabrisovanje.<\/p>\n","protected":false},"featured_media":808,"comment_status":"closed","ping_status":"closed","template":"","meta":[],"_links":{"self":[{"href":"https:\/\/www.erudio.si\/erudiobeauty\/shop\/wp-json\/wp\/v2\/product\/310"}],"collection":[{"href":"https:\/\/www.erudio.si\/erudiobeauty\/shop\/wp-json\/wp\/v2\/product"}],"about":[{"href":"https:\/\/www.erudio.si\/erudiobeauty\/shop\/wp-json\/wp\/v2\/types\/product"}],"replies":[{"embeddable":true,"href":"https:\/\/www.erudio.si\/erudiobeauty\/shop\/wp-json\/wp\/v2\/comments?post=310"}],"wp:featuredmedia":[{"embeddable":true,"href":"https:\/\/www.erudio.si\/erudiobeauty\/shop\/wp-json\/wp\/v2\/media\/808"}],"wp:attachment":[{"href":"https:\/\/www.erudio.si\/erudiobeauty\/shop\/wp-json\/wp\/v2\/media?parent=310"}],"curies":[{"name":"wp","href":"https:\/\/api.w.org\/{rel}","templated":true}]}}