{"id":309,"date":"2017-04-12T17:02:06","date_gmt":"2017-04-12T15:02:06","guid":{"rendered":"https:\/\/test.zaris.si\/product\/sencila-za-oci-5-svetlece-eb-703\/"},"modified":"2026-03-18T22:48:46","modified_gmt":"2026-03-18T21:48:46","slug":"sencila-za-oci-5-svetlece-eb-703","status":"publish","type":"product","link":"https:\/\/www.erudio.si\/erudiobeauty\/shop\/izdelek\/sencila-za-oci-5-svetlece-eb-703\/","title":{"rendered":"Sen\u010dila za o\u010di &#8211; 5 &#8211; svetle\u010de &#8211; EB.703"},"content":{"rendered":"<h4>Sen\u010dila Erudio Beauty so visoko pigmentirana, izjemno obstojna ter lahka za zabrisovanje.<\/h4>\n<p>Posebnost na\u0161ih sen\u010dil je poleg tega, da se ne vsuvajo ter so odporna na udarce tudi v tem, da se jih lahko uporablja kot sen\u010dilo za veke, rde\u010dilo za lica in sen\u010denje obrvi.<\/p>\n","protected":false},"excerpt":{"rendered":"<p>Sen\u010dila Erudio Beauty so visoko pigmentirana, izjemno obstojna ter lahka za zabrisovanje.<\/p>\n","protected":false},"featured_media":1113,"comment_status":"closed","ping_status":"closed","template":"","meta":[],"_links":{"self":[{"href":"https:\/\/www.erudio.si\/erudiobeauty\/shop\/wp-json\/wp\/v2\/product\/309"}],"collection":[{"href":"https:\/\/www.erudio.si\/erudiobeauty\/shop\/wp-json\/wp\/v2\/product"}],"about":[{"href":"https:\/\/www.erudio.si\/erudiobeauty\/shop\/wp-json\/wp\/v2\/types\/product"}],"replies":[{"embeddable":true,"href":"https:\/\/www.erudio.si\/erudiobeauty\/shop\/wp-json\/wp\/v2\/comments?post=309"}],"wp:featuredmedia":[{"embeddable":true,"href":"https:\/\/www.erudio.si\/erudiobeauty\/shop\/wp-json\/wp\/v2\/media\/1113"}],"wp:attachment":[{"href":"https:\/\/www.erudio.si\/erudiobeauty\/shop\/wp-json\/wp\/v2\/media?parent=309"}],"curies":[{"name":"wp","href":"https:\/\/api.w.org\/{rel}","templated":true}]}}