{"id":306,"date":"2017-04-12T17:02:04","date_gmt":"2017-04-12T15:02:04","guid":{"rendered":"https:\/\/test.zaris.si\/product\/korektor-kremni-cr\/"},"modified":"2026-03-18T22:48:47","modified_gmt":"2026-03-18T21:48:47","slug":"korektor-kremni-cr","status":"publish","type":"product","link":"https:\/\/www.erudio.si\/erudiobeauty\/shop\/izdelek\/korektor-kremni-cr\/","title":{"rendered":"Korektor kremni &#8211; CR"},"content":{"rendered":"<h4>Kremni korektor v zelenem odtenku je sestavljen iz pigmentov ter naravnih voskov.<\/h4>\n<p>Lahko se uporablja samostojno, za prekrivanje rde\u010dice na obrazu, ali kot primes na\u0161i barvni paleti 6-ih kremnih podlag in sicer za osebe, ki imajo izrazit oliven podton ko\u017ee.<\/p>\n","protected":false},"excerpt":{"rendered":"<p>Kremni korektor v zelenem odtenku je sestavljen iz pigmentov ter naravnih voskov. Lahko se uporablja samostojno, za prekrivanje rde\u010dice na obrazu, ali kot primes na\u0161i barvni paleti 6-ih kremnih podlag in sicer za osebe, ki imajo izrazit oliven podton ko\u017ee.<\/p>\n","protected":false},"featured_media":1148,"comment_status":"closed","ping_status":"closed","template":"","meta":[],"_links":{"self":[{"href":"https:\/\/www.erudio.si\/erudiobeauty\/shop\/wp-json\/wp\/v2\/product\/306"}],"collection":[{"href":"https:\/\/www.erudio.si\/erudiobeauty\/shop\/wp-json\/wp\/v2\/product"}],"about":[{"href":"https:\/\/www.erudio.si\/erudiobeauty\/shop\/wp-json\/wp\/v2\/types\/product"}],"replies":[{"embeddable":true,"href":"https:\/\/www.erudio.si\/erudiobeauty\/shop\/wp-json\/wp\/v2\/comments?post=306"}],"wp:featuredmedia":[{"embeddable":true,"href":"https:\/\/www.erudio.si\/erudiobeauty\/shop\/wp-json\/wp\/v2\/media\/1148"}],"wp:attachment":[{"href":"https:\/\/www.erudio.si\/erudiobeauty\/shop\/wp-json\/wp\/v2\/media?parent=306"}],"curies":[{"name":"wp","href":"https:\/\/api.w.org\/{rel}","templated":true}]}}