{"id":305,"date":"2017-04-12T17:02:04","date_gmt":"2017-04-12T15:02:04","guid":{"rendered":"https:\/\/test.zaris.si\/product\/korektor-kremni-t5-reft5-trio\/"},"modified":"2026-03-18T22:48:47","modified_gmt":"2026-03-18T21:48:47","slug":"korektor-kremni-t5-reft5-trio","status":"publish","type":"product","link":"https:\/\/www.erudio.si\/erudiobeauty\/shop\/izdelek\/korektor-kremni-t5-reft5-trio\/","title":{"rendered":"Korektor kremni &#8211; T5 &#8211; REFT5 &#8211; trio"},"content":{"rendered":"<h4>Paleta treh kremnih korektorjev je idealen pripomo\u010dek za prekrivanje nepravilnosti.<\/h4>\n<p>Zelena prekriva rde\u010dico, oran\u017ena prekriva temne kolobarje ter pigmentacijo, najsvetlej\u0161i odtenek pa je odli\u010den za svetlenje \u017eeljenih predelov.<\/p>\n","protected":false},"excerpt":{"rendered":"<p>Paleta treh kremnih korektorjev je idealen pripomo\u010dek za prekrivanje nepravilnosti.<\/p>\n","protected":false},"featured_media":1146,"comment_status":"closed","ping_status":"closed","template":"","meta":[],"_links":{"self":[{"href":"https:\/\/www.erudio.si\/erudiobeauty\/shop\/wp-json\/wp\/v2\/product\/305"}],"collection":[{"href":"https:\/\/www.erudio.si\/erudiobeauty\/shop\/wp-json\/wp\/v2\/product"}],"about":[{"href":"https:\/\/www.erudio.si\/erudiobeauty\/shop\/wp-json\/wp\/v2\/types\/product"}],"replies":[{"embeddable":true,"href":"https:\/\/www.erudio.si\/erudiobeauty\/shop\/wp-json\/wp\/v2\/comments?post=305"}],"wp:featuredmedia":[{"embeddable":true,"href":"https:\/\/www.erudio.si\/erudiobeauty\/shop\/wp-json\/wp\/v2\/media\/1146"}],"wp:attachment":[{"href":"https:\/\/www.erudio.si\/erudiobeauty\/shop\/wp-json\/wp\/v2\/media?parent=305"}],"curies":[{"name":"wp","href":"https:\/\/api.w.org\/{rel}","templated":true}]}}