{"id":300,"date":"2017-04-12T17:02:01","date_gmt":"2017-04-12T15:02:01","guid":{"rendered":"https:\/\/test.zaris.si\/product\/podlaga-kremna-6-barvna-paleta-eb-100\/"},"modified":"2026-03-18T22:48:47","modified_gmt":"2026-03-18T21:48:47","slug":"podlaga-kremna-6-barvna-paleta-eb-100","status":"publish","type":"product","link":"https:\/\/www.erudio.si\/erudiobeauty\/shop\/izdelek\/podlaga-kremna-6-barvna-paleta-eb-100\/","title":{"rendered":"Podlaga kremna \/ 6 barvna paleta  \/ EB.100"},"content":{"rendered":"<h4>Paleta kremnih podlag Erduio Beauty je n<span lang=\"sl\">arejena iz naravnih voskov in \u010distih pigmentov. <\/span><\/h4>\n<p><span lang=\"sl\">Lahko se jo uporablja\u00a0<\/span><span lang=\"sl\">kot korektor ali kremno podlago. \u00a0V kolikor jo \u017eelite uporabljati kot korektor, vam priporo\u010damo, da majhno koi\u010dino podlage nanesete neposredno na \u017eeljeno mesto kotekcije. V kolikor pa jo \u017eelite uporabiti kot kremno podlago, jo lahko s \u010dopi\u010dem nanesete na obraz ali pa predhodno zme\u0161ate z Erudio Beauty Makeup Mixer &#8211; jem in si tako sami izdelate me\u0161anico, katera vam ustreza. S tem imate ne\u0161teto mo\u017enosti za ustvarjanje popodlne podlage. Paleta je idealna tudi za contouring obraza.\u00a0<\/span><\/p>\n","protected":false},"excerpt":{"rendered":"<p>Edinstvena tekstura, narejena iz naravnih voskov in \u010distih pigmentov. Obstojna tudi do 12 ur. Ve\u010dnamenska paleta se lahko uporablja kot korektor, kremna podlaga, nevtralizator, lahko pa se uporablja tudi za li\u010denje o\u010di ter ustnic. Idealna je tudi za korekcijo obraza ter zakrivanje nepravilnosti.<\/p>\n","protected":false},"featured_media":1140,"comment_status":"closed","ping_status":"closed","template":"","meta":[],"_links":{"self":[{"href":"https:\/\/www.erudio.si\/erudiobeauty\/shop\/wp-json\/wp\/v2\/product\/300"}],"collection":[{"href":"https:\/\/www.erudio.si\/erudiobeauty\/shop\/wp-json\/wp\/v2\/product"}],"about":[{"href":"https:\/\/www.erudio.si\/erudiobeauty\/shop\/wp-json\/wp\/v2\/types\/product"}],"replies":[{"embeddable":true,"href":"https:\/\/www.erudio.si\/erudiobeauty\/shop\/wp-json\/wp\/v2\/comments?post=300"}],"wp:featuredmedia":[{"embeddable":true,"href":"https:\/\/www.erudio.si\/erudiobeauty\/shop\/wp-json\/wp\/v2\/media\/1140"}],"wp:attachment":[{"href":"https:\/\/www.erudio.si\/erudiobeauty\/shop\/wp-json\/wp\/v2\/media?parent=300"}],"curies":[{"name":"wp","href":"https:\/\/api.w.org\/{rel}","templated":true}]}}