{"id":2307,"date":"2019-09-03T15:30:45","date_gmt":"2019-09-03T13:30:45","guid":{"rendered":"https:\/\/www.erudio.si\/erudiobeauty\/shop\/?post_type=product&#038;p=2307"},"modified":"2019-09-03T15:30:45","modified_gmt":"2019-09-03T13:30:45","slug":"vitha-machera-argan","status":"publish","type":"product","link":"https:\/\/www.erudio.si\/erudiobeauty\/shop\/izdelek\/vitha-machera-argan\/","title":{"rendered":"Vitha Machera Argan"},"content":{"rendered":"<p>Krinity Argan maska za lase po\u017eivlja vse tipe las, hkrati pa nudi optimalno ravnovesje lasnih vlaken. Prepre\u010duje prezgodnje staranje las. Vsebuje arganovo olje, ki je obogateno z vitaminom E, poznan kot naravni antioksidant. Medtem kot vitamin E lase \u0161\u010diti pred prostimi radikali, pa vsebnost beta karotena obnavlja lasna vlakna ter lase \u0161\u010diti pred UV \u017earki.<\/p>\n<p>&nbsp;<\/p>\n<p>Po uporabi Vitha Krinity Argan maske so lasje mehki, nahranjeni ter sijo\u010di.<\/p>\n<p>&nbsp;<\/p>\n<p>Na\u010din uporabe: po \u0161amponiranju nanesite masko ter ne\u017eno masirajte, nato pa lase sperite. Za intenzivnej\u0161i u\u010dinek lahko na laseh pustite nekaj minut in nato lase temeljito sperite.<\/p>\n<p>&nbsp;<\/p>\n<p>Kapaciteta: 200ml<\/p>\n","protected":false},"excerpt":{"rendered":"<h5>Krinity Argan maska za lase po\u017eivlja vse tipe las, hkrati pa nudi optimalno ravnovesje lasnih vlaken.<\/h5>\n<p>Prepre\u010duje prezgodnje staranje las. Vsebuje arganovo olje, ki je obogateno z vitaminom E, poznan kot naravni antioksidant. Medtem kot vitamin E lase \u0161\u010diti pred prostimi radikali, pa vsebnost beta karotena obnavlja lasna vlakna ter lase \u0161\u010diti pred UV \u017earki.<\/p>\n<p>&nbsp;<\/p>\n","protected":false},"featured_media":2308,"comment_status":"closed","ping_status":"closed","template":"","meta":[],"_links":{"self":[{"href":"https:\/\/www.erudio.si\/erudiobeauty\/shop\/wp-json\/wp\/v2\/product\/2307"}],"collection":[{"href":"https:\/\/www.erudio.si\/erudiobeauty\/shop\/wp-json\/wp\/v2\/product"}],"about":[{"href":"https:\/\/www.erudio.si\/erudiobeauty\/shop\/wp-json\/wp\/v2\/types\/product"}],"replies":[{"embeddable":true,"href":"https:\/\/www.erudio.si\/erudiobeauty\/shop\/wp-json\/wp\/v2\/comments?post=2307"}],"wp:featuredmedia":[{"embeddable":true,"href":"https:\/\/www.erudio.si\/erudiobeauty\/shop\/wp-json\/wp\/v2\/media\/2308"}],"wp:attachment":[{"href":"https:\/\/www.erudio.si\/erudiobeauty\/shop\/wp-json\/wp\/v2\/media?parent=2307"}],"curies":[{"name":"wp","href":"https:\/\/api.w.org\/{rel}","templated":true}]}}