{"id":1989,"date":"2018-06-20T12:53:15","date_gmt":"2018-06-20T10:53:15","guid":{"rendered":"https:\/\/www.erudio.si\/erudiobeauty\/shop\/?post_type=product&#038;p=1989"},"modified":"2026-03-18T22:43:28","modified_gmt":"2026-03-18T21:43:28","slug":"vitha-krinity-organic-antiage-mask","status":"publish","type":"product","link":"https:\/\/www.erudio.si\/erudiobeauty\/shop\/izdelek\/vitha-krinity-organic-antiage-mask\/","title":{"rendered":"Vitha Krinity Organic Antiage Mask"},"content":{"rendered":"<h3 id=\"tw-target-text\" class=\"tw-data-text tw-ta tw-text-small\"><span lang=\"sl\">Vitha Krinity Organic Antiage\u00a0 linija je primerna za lase, ki so podvr\u017eeni atmosferskim in mehanskim stresom, onesna\u017eenju in kemi\u010dni obdelavi. Antiage je linija, ki tonira in krepi lasna vlakna od korena do konic. Lase naredi bolj odporne, za\u0161\u010ditene ter jim da volumen.\u00a0<\/span><\/h3>\n<h3 id=\"tw-target-text\" class=\"tw-data-text tw-ta tw-text-small\"><span lang=\"sl\">Eteri\u010dno olje Mandarina prepre\u010duje krhkost las, olje iz p\u0161eni\u010dnih kal\u010dkov vsebuje omega 3 in omega 6 ter deluje kot antioksidant.<\/span><\/h3>\n<p id=\"tw-target-text\" class=\"tw-data-text tw-ta tw-text-small\" dir=\"ltr\"><span lang=\"sl\">Vitha Krinity Organic Antiagen maska za lase vsebuje<\/span><span style=\"font-weight: 400\">\u00a0formulo, ki temelji na olju p\u0161eni\u010dnega kal\u010dka in eteri\u010dnem olju mandarine, \u0161\u010diti lase pred zunanjimi vplivi in krepi sijaj. Krepi lase in prepre\u010duje \u0161ibkost lasnega vlakna od korena do konice. Tako so lasje za\u0161\u010diteni, mo\u010dnej\u0161i in polni sijaja. <\/span><\/p>\n<p class=\"tw-data-text tw-ta tw-text-small\" dir=\"ltr\"><span style=\"font-weight: 400\">NAVODILA ZA UPORABO: enakomerno razporedite na mokre lase, pustite delovati 5 \u2013 10 minut, odvisno od tega, koliko so va\u0161i lasje po\u0161kodovani. Natan\u010dno izperite.<\/span><\/p>\n<p dir=\"ltr\"><span lang=\"sl\">Primerna tudi za ob\u010dutljiva lasi\u0161\u010da, saj ne vsebuje:sulfatov (SLS, SLES), parabenov,\u00a0<\/span><span lang=\"sl\">vazelina, silikonov,umetnih barvil, pafumov, alergenov.<\/span><\/p>\n<p dir=\"ltr\">Kapaciteta: 500ml<\/p>\n","protected":false},"excerpt":{"rendered":"<h3 id=\"tw-target-text\" class=\"tw-data-text tw-ta tw-text-small\"><span lang=\"sl\">Eteri\u010dno olje Mandarina prepre\u010duje krhkost las, olje iz p\u0161eni\u010dnih kal\u010dkov vsebuje omega 3 in omega 6 ter deluje kot antioksidant.<\/span><\/h3>\n<p id=\"tw-target-text\" class=\"tw-data-text tw-ta tw-text-small\" dir=\"ltr\"><span lang=\"sl\">Vitha Krinity Organic Antiagen maska za lase vsebuje<\/span><span style=\"font-weight: 400\">\u00a0formulo, ki temelji na olju p\u0161eni\u010dnega kal\u010dka in eteri\u010dnem olju mandarine, \u0161\u010diti lase pred zunanjimi vplivi in krepi sijaj. Krepi lase in prepre\u010duje \u0161ibkost lasnega vlakna od korena do konice. Tako so lasje za\u0161\u010diteni, mo\u010dnej\u0161i in polni sijaja.<\/span><\/p>\n","protected":false},"featured_media":0,"comment_status":"closed","ping_status":"closed","template":"","meta":[],"_links":{"self":[{"href":"https:\/\/www.erudio.si\/erudiobeauty\/shop\/wp-json\/wp\/v2\/product\/1989"}],"collection":[{"href":"https:\/\/www.erudio.si\/erudiobeauty\/shop\/wp-json\/wp\/v2\/product"}],"about":[{"href":"https:\/\/www.erudio.si\/erudiobeauty\/shop\/wp-json\/wp\/v2\/types\/product"}],"replies":[{"embeddable":true,"href":"https:\/\/www.erudio.si\/erudiobeauty\/shop\/wp-json\/wp\/v2\/comments?post=1989"}],"wp:attachment":[{"href":"https:\/\/www.erudio.si\/erudiobeauty\/shop\/wp-json\/wp\/v2\/media?parent=1989"}],"curies":[{"name":"wp","href":"https:\/\/api.w.org\/{rel}","templated":true}]}}