{"id":1970,"date":"2018-06-19T18:07:58","date_gmt":"2018-06-19T16:07:58","guid":{"rendered":"https:\/\/www.erudio.si\/erudiobeauty\/shop\/?post_type=product&#038;p=1970"},"modified":"2026-03-18T22:43:30","modified_gmt":"2026-03-18T21:43:30","slug":"vitha-krinity-organic-loss-control-serum-vitha-krinity-organic-serum-proti-izpadanju-las","status":"publish","type":"product","link":"https:\/\/www.erudio.si\/erudiobeauty\/shop\/izdelek\/vitha-krinity-organic-loss-control-serum-vitha-krinity-organic-serum-proti-izpadanju-las\/","title":{"rendered":"Vitha Krinity Organic Loss Control Serum \/ Vitha Krinity Organic Serum proti izpadanju las"},"content":{"rendered":"<h2>Vitha Krinity Loss Control linija je primerna za \u0161ibke lase, nagnjene k izpadanju. Namenjena je prepre\u010devanju izpadanja las, saj krepi lasno \u010debulico, obenem pa utrjuje lasno steblo in konice.<\/h2>\n<h3>\u010crni \u010daj, beli vol\u010dji bob ter eteri\u010dno olje evkaliptusa v sinergiji\u00a0 spodbujajo celi\u010dni metabolizem in cikel rasti las.<\/h3>\n<p id=\"tw-target-text\" class=\"tw-data-text tw-ta tw-text-small\" dir=\"ltr\"><span lang=\"sl\">Vitha Krinity Organic Serum zahvaljujo\u010d inovativni formuli prepre\u010duje izpadanja las.<\/p>\n<p><\/span><\/p>\n<p dir=\"ltr\">Na\u010din uporabe: Na umite lase, s kro\u017enimi gibi ne\u017eno\u00a0 umasirajte serum na lasi\u0161\u010de. Za kurativo uporabljajte vsak drugi dan 23 zaporenih tednov. Za preventivo ali vzdr\u017eevanje enkrat tedensko. Ne izpirajte.<\/p>\n<pre id=\"tw-target-text\" class=\"tw-data-text tw-ta tw-text-small\"><\/pre>\n","protected":false},"excerpt":{"rendered":"<h3>\u010crni \u010daj, beli vol\u010dji bob ter eteri\u010dno olje evkaliptusa v sinergiji\u00a0 spodbujajo celi\u010dni metabolizem in cikel rasti las.<\/h3>\n<p id=\"tw-target-text\" class=\"tw-data-text tw-ta tw-text-small\" dir=\"ltr\"><span lang=\"sl\">Vitha Krinity Organic Serum zahvaljujo\u010d inovativni formuli prepre\u010duje izpadanja las. <\/span><\/p>\n","protected":false},"featured_media":1971,"comment_status":"closed","ping_status":"closed","template":"","meta":[],"_links":{"self":[{"href":"https:\/\/www.erudio.si\/erudiobeauty\/shop\/wp-json\/wp\/v2\/product\/1970"}],"collection":[{"href":"https:\/\/www.erudio.si\/erudiobeauty\/shop\/wp-json\/wp\/v2\/product"}],"about":[{"href":"https:\/\/www.erudio.si\/erudiobeauty\/shop\/wp-json\/wp\/v2\/types\/product"}],"replies":[{"embeddable":true,"href":"https:\/\/www.erudio.si\/erudiobeauty\/shop\/wp-json\/wp\/v2\/comments?post=1970"}],"wp:featuredmedia":[{"embeddable":true,"href":"https:\/\/www.erudio.si\/erudiobeauty\/shop\/wp-json\/wp\/v2\/media\/1971"}],"wp:attachment":[{"href":"https:\/\/www.erudio.si\/erudiobeauty\/shop\/wp-json\/wp\/v2\/media?parent=1970"}],"curies":[{"name":"wp","href":"https:\/\/api.w.org\/{rel}","templated":true}]}}