{"id":1961,"date":"2018-06-19T13:26:48","date_gmt":"2018-06-19T11:26:48","guid":{"rendered":"https:\/\/www.erudio.si\/erudiobeauty\/shop\/?post_type=product&#038;p=1961"},"modified":"2026-03-18T22:43:31","modified_gmt":"2026-03-18T21:43:31","slug":"vitha-krinity-macadamia-10-in-1-color-rebalancing-treatment","status":"publish","type":"product","link":"https:\/\/www.erudio.si\/erudiobeauty\/shop\/izdelek\/vitha-krinity-macadamia-10-in-1-color-rebalancing-treatment\/","title":{"rendered":"Vitha Krinity Macadamia 10 in 1 Color Rebalancing Treatment"},"content":{"rendered":"<h3><span style=\"font-weight: 400\">Vitha Krinity Macadamia 10 in 1 Color Rebalancing Treatment \/ Vitha Krinity Macadamia 10 v 1\u00a0 nega za enakomeren ten las<\/span><\/h3>\n<p><span style=\"font-weight: 400\">Krema v spreju za barvane in uni\u010dene lase. Koncentracija tretmajev za bolj zdrave lase, ki v kombinaciji predstavljajo enostavno re\u0161itev in v enem nanosu poskrbijo za takoj\u0161nje izjemne rezultate. \u017de z eno uporabo lahko dose\u017eemo: hidratacijo in nego barvanih in uni\u010denih las, za\u0161\u010dito pred UVA in UVB \u017earki, za\u0161\u010dito pred visokimi temperaturami su\u0161ilnikov in ravnalcev za lase, hitrej\u0161e in la\u017eje raz\u010desevanje in oblikovanje, nadzor nad stati\u010dnostjo las, ble\u0161\u010de\u010d sijaj, svilnato mehke in \u017eametne lase, negovane in nerazcepljene konice ter bolj zdrave lase, ki so polni \u017eivljenja. <\/span><\/p>\n<p>&nbsp;<\/p>\n<p><span style=\"font-weight: 400\">NAVODILA ZA UPORABO: razpr\u0161ite produkt direktno na oprane in z brisa\u010do osu\u0161ene lase. Ne izpirajte in posu\u0161ite, kot sicer. Samo za zunanjo uporabo. \u00a0Za optimalni rezultat pritisnite na razpr\u0161ilec mo\u010dno in enakomerno.<\/span><\/p>\n<p>Kapaciteta: 150 ml<\/p>\n","protected":false},"excerpt":{"rendered":"<h2><span style=\"font-weight: 400\">Koncentracija tretmajev za bolj zdrave lase, ki v kombinaciji predstavljajo enostavno re\u0161itev in v enem nanosu poskrbijo za takoj\u0161nje izjemne rezultate.<\/span><\/h2>\n","protected":false},"featured_media":1962,"comment_status":"closed","ping_status":"closed","template":"","meta":[],"_links":{"self":[{"href":"https:\/\/www.erudio.si\/erudiobeauty\/shop\/wp-json\/wp\/v2\/product\/1961"}],"collection":[{"href":"https:\/\/www.erudio.si\/erudiobeauty\/shop\/wp-json\/wp\/v2\/product"}],"about":[{"href":"https:\/\/www.erudio.si\/erudiobeauty\/shop\/wp-json\/wp\/v2\/types\/product"}],"replies":[{"embeddable":true,"href":"https:\/\/www.erudio.si\/erudiobeauty\/shop\/wp-json\/wp\/v2\/comments?post=1961"}],"wp:featuredmedia":[{"embeddable":true,"href":"https:\/\/www.erudio.si\/erudiobeauty\/shop\/wp-json\/wp\/v2\/media\/1962"}],"wp:attachment":[{"href":"https:\/\/www.erudio.si\/erudiobeauty\/shop\/wp-json\/wp\/v2\/media?parent=1961"}],"curies":[{"name":"wp","href":"https:\/\/api.w.org\/{rel}","templated":true}]}}