{"id":1934,"date":"2018-06-05T17:10:51","date_gmt":"2018-06-05T15:10:51","guid":{"rendered":"https:\/\/www.erudio.si\/erudiobeauty\/shop\/?post_type=product&#038;p=1934"},"modified":"2026-03-18T22:43:31","modified_gmt":"2026-03-18T21:43:31","slug":"ladylya-lak-za-nohte-3-v-1","status":"publish","type":"product","link":"https:\/\/www.erudio.si\/erudiobeauty\/shop\/izdelek\/ladylya-lak-za-nohte-3-v-1\/","title":{"rendered":"LadyLya Lak za nohte 3 v 1"},"content":{"rendered":"<h4>LadyLya Lak za nohte 3 v 1 je nastal iz potrebe po celjenju, negovanju in obnovitvi nohtov. Sestava je izjemna, saj vsebuje do 85% naravno pridobljenih sestavin, kar pomeni, da je lak ekolo\u0161ko prijazen okolju, hkrati pa neguje nohte.<\/h4>\n<p>Lak za nohte 3 v 1 izbolj\u0161a oprijem, \u0161\u010diti nohte pred porumenelostjo in razbarvanostjo ter pove\u010duje sijaj lakiranih nohtov. Kot <strong>podlak<\/strong> nanesite eno plast na nelakiran noht, nanesite lak \u017eelene barve in ga kot <strong>nadlak<\/strong> nanesite \u010dez barvo, da pove\u010date njen sijaj. Za dodaten sijaj nanesite kot nadlak vsake dva dni. Lahko pa ga uporabite tudi kot <strong>samostojen lak<\/strong> in ga v dveh plasteh nanesete na nalakiran noht.<\/p>\n","protected":false},"excerpt":{"rendered":"<h4>LadyLya Lak za nohte 3 v 1 je nastal iz potrebe po celjenju, negovanju in obnovitvi nohtov.<\/h4>\n<p>Sestava je izjemna, saj vsebuje do 85% naravno pridobljenih sestavin, kar pomeni, da je lak ekolo\u0161ko prijazen okolju, hkrati pa neguje nohte.<\/p>\n","protected":false},"featured_media":1935,"comment_status":"closed","ping_status":"closed","template":"","meta":[],"_links":{"self":[{"href":"https:\/\/www.erudio.si\/erudiobeauty\/shop\/wp-json\/wp\/v2\/product\/1934"}],"collection":[{"href":"https:\/\/www.erudio.si\/erudiobeauty\/shop\/wp-json\/wp\/v2\/product"}],"about":[{"href":"https:\/\/www.erudio.si\/erudiobeauty\/shop\/wp-json\/wp\/v2\/types\/product"}],"replies":[{"embeddable":true,"href":"https:\/\/www.erudio.si\/erudiobeauty\/shop\/wp-json\/wp\/v2\/comments?post=1934"}],"wp:featuredmedia":[{"embeddable":true,"href":"https:\/\/www.erudio.si\/erudiobeauty\/shop\/wp-json\/wp\/v2\/media\/1935"}],"wp:attachment":[{"href":"https:\/\/www.erudio.si\/erudiobeauty\/shop\/wp-json\/wp\/v2\/media?parent=1934"}],"curies":[{"name":"wp","href":"https:\/\/api.w.org\/{rel}","templated":true}]}}