{"id":1914,"date":"2018-06-05T16:19:30","date_gmt":"2018-06-05T14:19:30","guid":{"rendered":"https:\/\/www.erudio.si\/erudiobeauty\/shop\/?post_type=product&#038;p=1914"},"modified":"2026-03-18T22:43:36","modified_gmt":"2026-03-18T21:43:36","slug":"ladylya-rdecilo-za-ustnice","status":"publish","type":"product","link":"https:\/\/www.erudio.si\/erudiobeauty\/shop\/izdelek\/ladylya-rdecilo-za-ustnice\/","title":{"rendered":"LadyLya Rde\u010dilo za ustnice"},"content":{"rendered":"<h4>Posebna formula z vla\u017eilnimi, negovalnimi in za\u0161\u010ditnimi sestavinami je mehka, se lepo nana\u0161a in je visoko prekrivna.<\/h4>\n<p>Na ustnicah pusti svilnat ob\u010dutek, nabor barv pa omogo\u010da naraven ali mo\u010dnej\u0161i ve\u010derni videz.<\/p>\n<p>&nbsp;<\/p>\n","protected":false},"excerpt":{"rendered":"<h4>Posebna formula z vla\u017eilnimi, negovalnimi in za\u0161\u010ditnimi sestavinami je mehka, se lepo nana\u0161a in je visoko prekrivna.<\/h4>\n","protected":false},"featured_media":1915,"comment_status":"closed","ping_status":"closed","template":"","meta":[],"_links":{"self":[{"href":"https:\/\/www.erudio.si\/erudiobeauty\/shop\/wp-json\/wp\/v2\/product\/1914"}],"collection":[{"href":"https:\/\/www.erudio.si\/erudiobeauty\/shop\/wp-json\/wp\/v2\/product"}],"about":[{"href":"https:\/\/www.erudio.si\/erudiobeauty\/shop\/wp-json\/wp\/v2\/types\/product"}],"replies":[{"embeddable":true,"href":"https:\/\/www.erudio.si\/erudiobeauty\/shop\/wp-json\/wp\/v2\/comments?post=1914"}],"wp:featuredmedia":[{"embeddable":true,"href":"https:\/\/www.erudio.si\/erudiobeauty\/shop\/wp-json\/wp\/v2\/media\/1915"}],"wp:attachment":[{"href":"https:\/\/www.erudio.si\/erudiobeauty\/shop\/wp-json\/wp\/v2\/media?parent=1914"}],"curies":[{"name":"wp","href":"https:\/\/api.w.org\/{rel}","templated":true}]}}