{"id":1906,"date":"2018-06-05T16:05:49","date_gmt":"2018-06-05T14:05:49","guid":{"rendered":"https:\/\/www.erudio.si\/erudiobeauty\/shop\/?post_type=product&#038;p=1906"},"modified":"2026-03-18T22:43:36","modified_gmt":"2026-03-18T21:43:36","slug":"ladylya-rdecilo-za-lica","status":"publish","type":"product","link":"https:\/\/www.erudio.si\/erudiobeauty\/shop\/izdelek\/ladylya-rdecilo-za-lica\/","title":{"rendered":"LadyLya Rde\u010dilo za lica"},"content":{"rendered":"<h5>Formula rde\u010dila je sestavljena iz aktivnih sestavin, pridobljenih izklju\u010dno iz rastlin, z vla\u017eilnimi in pomirjevalnimi u\u010dinkovinami, ki ohranjajo elasti\u010dnost ko\u017ee.<\/h5>\n<p>Rde\u010dilo se lepo nana\u0161a in ima svilnat videz. Barve so zasnovane, da kar najbolje poudarijo naravno lepoto in vsem tipom ko\u017ee zagotavljajo zdrav in sve\u017e videz.<\/p>\n","protected":false},"excerpt":{"rendered":"<h5>Formula rde\u010dila je sestavljena iz aktivnih sestavin, pridobljenih izklju\u010dno iz rastlin, z vla\u017eilnimi in pomirjevalnimi u\u010dinkovinami, ki ohranjajo elasti\u010dnost ko\u017ee.<\/h5>\n","protected":false},"featured_media":1957,"comment_status":"closed","ping_status":"closed","template":"","meta":[],"_links":{"self":[{"href":"https:\/\/www.erudio.si\/erudiobeauty\/shop\/wp-json\/wp\/v2\/product\/1906"}],"collection":[{"href":"https:\/\/www.erudio.si\/erudiobeauty\/shop\/wp-json\/wp\/v2\/product"}],"about":[{"href":"https:\/\/www.erudio.si\/erudiobeauty\/shop\/wp-json\/wp\/v2\/types\/product"}],"replies":[{"embeddable":true,"href":"https:\/\/www.erudio.si\/erudiobeauty\/shop\/wp-json\/wp\/v2\/comments?post=1906"}],"wp:featuredmedia":[{"embeddable":true,"href":"https:\/\/www.erudio.si\/erudiobeauty\/shop\/wp-json\/wp\/v2\/media\/1957"}],"wp:attachment":[{"href":"https:\/\/www.erudio.si\/erudiobeauty\/shop\/wp-json\/wp\/v2\/media?parent=1906"}],"curies":[{"name":"wp","href":"https:\/\/api.w.org\/{rel}","templated":true}]}}