{"id":1855,"date":"2018-06-01T15:16:55","date_gmt":"2018-06-01T13:16:55","guid":{"rendered":"https:\/\/www.erudio.si\/erudiobeauty\/shop\/?post_type=product&#038;p=1855"},"modified":"2026-03-18T22:43:56","modified_gmt":"2026-03-18T21:43:56","slug":"ladylya-svincnik-za-oci","status":"publish","type":"product","link":"https:\/\/www.erudio.si\/erudiobeauty\/shop\/izdelek\/ladylya-svincnik-za-oci\/","title":{"rendered":"LADYLYA Svin\u010dnik za o\u010di"},"content":{"rendered":"<h4>Svin\u010dnik za o\u010di definira kremna in udobna tekstura, ki poskrbi za izrazito, bogato \u010drto, ki pa je hkrati enostavna za zabrisovanje.<\/h4>\n<p>Uporabimo ga lahko na zunanji in notranji o\u010desni liniji. Vsebuje oljne minerale, mandljevo olje, sezamovo olje ter vitamine A, B in E.<\/p>\n","protected":false},"excerpt":{"rendered":"<h4>Svin\u010dnik za o\u010di definira kremna in udobna tekstura, ki poskrbi za izrazito, bogato \u010drto, ki pa je hkrati enostavna za zabrisovanje.<\/h4>\n","protected":false},"featured_media":1856,"comment_status":"closed","ping_status":"closed","template":"","meta":[],"_links":{"self":[{"href":"https:\/\/www.erudio.si\/erudiobeauty\/shop\/wp-json\/wp\/v2\/product\/1855"}],"collection":[{"href":"https:\/\/www.erudio.si\/erudiobeauty\/shop\/wp-json\/wp\/v2\/product"}],"about":[{"href":"https:\/\/www.erudio.si\/erudiobeauty\/shop\/wp-json\/wp\/v2\/types\/product"}],"replies":[{"embeddable":true,"href":"https:\/\/www.erudio.si\/erudiobeauty\/shop\/wp-json\/wp\/v2\/comments?post=1855"}],"wp:featuredmedia":[{"embeddable":true,"href":"https:\/\/www.erudio.si\/erudiobeauty\/shop\/wp-json\/wp\/v2\/media\/1856"}],"wp:attachment":[{"href":"https:\/\/www.erudio.si\/erudiobeauty\/shop\/wp-json\/wp\/v2\/media?parent=1855"}],"curies":[{"name":"wp","href":"https:\/\/api.w.org\/{rel}","templated":true}]}}