{"id":1847,"date":"2018-06-01T15:05:17","date_gmt":"2018-06-01T13:05:17","guid":{"rendered":"https:\/\/www.erudio.si\/erudiobeauty\/shop\/?post_type=product&#038;p=1847"},"modified":"2026-03-18T22:43:56","modified_gmt":"2026-03-18T21:43:56","slug":"ladylya-tekoci-puder","status":"publish","type":"product","link":"https:\/\/www.erudio.si\/erudiobeauty\/shop\/izdelek\/ladylya-tekoci-puder\/","title":{"rendered":"LadyLya Teko\u010di puder"},"content":{"rendered":"<h4>Puder je sestavljen iz p\u0161eni\u010dnih proteinov, organskega zelenjavnega glicerina, jojobinega olja in \u017eajblja.<\/h4>\n<p>Te sestavine negujejo in vla\u017eijo ko\u017eo ter skrbijo za njeno pro\u017enost. Svilnata tekstura je prijetna na ko\u017ei, puder pa prekriva nepravilnosti z naravnim mat u\u010dinkom.<\/p>\n<p>&nbsp;<\/p>\n<p>Kapaciteta: 30ml<\/p>\n","protected":false},"excerpt":{"rendered":"<h4>Puder je sestavljen iz p\u0161eni\u010dnih proteinov, organskega zelenjavnega glicerina, jojobinega olja in \u017eajblja.<\/h4>\n","protected":false},"featured_media":1848,"comment_status":"closed","ping_status":"closed","template":"","meta":[],"_links":{"self":[{"href":"https:\/\/www.erudio.si\/erudiobeauty\/shop\/wp-json\/wp\/v2\/product\/1847"}],"collection":[{"href":"https:\/\/www.erudio.si\/erudiobeauty\/shop\/wp-json\/wp\/v2\/product"}],"about":[{"href":"https:\/\/www.erudio.si\/erudiobeauty\/shop\/wp-json\/wp\/v2\/types\/product"}],"replies":[{"embeddable":true,"href":"https:\/\/www.erudio.si\/erudiobeauty\/shop\/wp-json\/wp\/v2\/comments?post=1847"}],"wp:featuredmedia":[{"embeddable":true,"href":"https:\/\/www.erudio.si\/erudiobeauty\/shop\/wp-json\/wp\/v2\/media\/1848"}],"wp:attachment":[{"href":"https:\/\/www.erudio.si\/erudiobeauty\/shop\/wp-json\/wp\/v2\/media?parent=1847"}],"curies":[{"name":"wp","href":"https:\/\/api.w.org\/{rel}","templated":true}]}}