{"id":1835,"date":"2018-06-01T14:50:08","date_gmt":"2018-06-01T12:50:08","guid":{"rendered":"https:\/\/www.erudio.si\/erudiobeauty\/shop\/?post_type=product&#038;p=1835"},"modified":"2026-03-18T22:43:45","modified_gmt":"2026-03-18T21:43:45","slug":"ladylya-kremna-maskara","status":"publish","type":"product","link":"https:\/\/www.erudio.si\/erudiobeauty\/shop\/izdelek\/ladylya-kremna-maskara\/","title":{"rendered":"LADYLYA Kremna maskara"},"content":{"rendered":"<h4>Maskara je primerna za ob\u010dutljive o\u010di.<\/h4>\n<p>Definira jo mehka, kremna tekstura, ki je enostavna za nana\u0161anje in ne pu\u0161\u010da grudic. Ovije vsako posamezno trepalnico in jih lo\u010di, pri tem pa poskrbi za naraven videz in trepalnic ne obte\u017ei. Primerna je za vsako prilo\u017enost.<\/p>\n","protected":false},"excerpt":{"rendered":"<h4>Definira jo mehka, kremna tekstura, ki je enostavna za nana\u0161anje in ne pu\u0161\u010da grudic.<\/h4>\n","protected":false},"featured_media":1838,"comment_status":"closed","ping_status":"closed","template":"","meta":[],"_links":{"self":[{"href":"https:\/\/www.erudio.si\/erudiobeauty\/shop\/wp-json\/wp\/v2\/product\/1835"}],"collection":[{"href":"https:\/\/www.erudio.si\/erudiobeauty\/shop\/wp-json\/wp\/v2\/product"}],"about":[{"href":"https:\/\/www.erudio.si\/erudiobeauty\/shop\/wp-json\/wp\/v2\/types\/product"}],"replies":[{"embeddable":true,"href":"https:\/\/www.erudio.si\/erudiobeauty\/shop\/wp-json\/wp\/v2\/comments?post=1835"}],"wp:featuredmedia":[{"embeddable":true,"href":"https:\/\/www.erudio.si\/erudiobeauty\/shop\/wp-json\/wp\/v2\/media\/1838"}],"wp:attachment":[{"href":"https:\/\/www.erudio.si\/erudiobeauty\/shop\/wp-json\/wp\/v2\/media?parent=1835"}],"curies":[{"name":"wp","href":"https:\/\/api.w.org\/{rel}","templated":true}]}}