{"id":1816,"date":"2018-06-01T10:23:51","date_gmt":"2018-06-01T08:23:51","guid":{"rendered":"https:\/\/www.erudio.si\/erudiobeauty\/shop\/?post_type=product&#038;p=1816"},"modified":"2026-03-18T22:43:56","modified_gmt":"2026-03-18T21:43:56","slug":"cosmonails-fiber-gel","status":"publish","type":"product","link":"https:\/\/www.erudio.si\/erudiobeauty\/shop\/izdelek\/cosmonails-fiber-gel\/","title":{"rendered":"COSMONAILS Fiber Gel"},"content":{"rendered":"<h5>COSMONAILS Fiber Gel je revolucionaren artikel v nohtni industriji.<\/h5>\n<p>Inovativen gel z steklenimi vlakni, brez dodanih kislin je odli\u010den za kraj\u0161a podalj\u0161evanja nohtov, korekcijo ali samo nanos na naravne nohte. Izjemno lahek nanos.<\/p>\n<p>Nana\u0161a se kot lak, obstojen kot gel.<\/p>\n<p>\u010cas su\u0161enja: 30 &#8211; 60 sekund v UV \/ LED lu\u010dki.<\/p>\n<p>Kapaciteta: 15ml<\/p>\n<p>Na voljo v dveh razli\u010dnih odtenkih.<\/p>\n","protected":false},"excerpt":{"rendered":"<h5>COSMONAILS Fiber Gel je revolucionaren artikel v nohtni industriji.<\/h5>\n","protected":false},"featured_media":1823,"comment_status":"closed","ping_status":"closed","template":"","meta":[],"_links":{"self":[{"href":"https:\/\/www.erudio.si\/erudiobeauty\/shop\/wp-json\/wp\/v2\/product\/1816"}],"collection":[{"href":"https:\/\/www.erudio.si\/erudiobeauty\/shop\/wp-json\/wp\/v2\/product"}],"about":[{"href":"https:\/\/www.erudio.si\/erudiobeauty\/shop\/wp-json\/wp\/v2\/types\/product"}],"replies":[{"embeddable":true,"href":"https:\/\/www.erudio.si\/erudiobeauty\/shop\/wp-json\/wp\/v2\/comments?post=1816"}],"wp:featuredmedia":[{"embeddable":true,"href":"https:\/\/www.erudio.si\/erudiobeauty\/shop\/wp-json\/wp\/v2\/media\/1823"}],"wp:attachment":[{"href":"https:\/\/www.erudio.si\/erudiobeauty\/shop\/wp-json\/wp\/v2\/media?parent=1816"}],"curies":[{"name":"wp","href":"https:\/\/api.w.org\/{rel}","templated":true}]}}