{"id":1799,"date":"2018-05-31T17:21:10","date_gmt":"2018-05-31T15:21:10","guid":{"rendered":"https:\/\/www.erudio.si\/erudiobeauty\/shop\/?post_type=product&#038;p=1799"},"modified":"2026-03-18T22:43:47","modified_gmt":"2026-03-18T21:43:47","slug":"cosmonails-etui-za-copice-skatla","status":"publish","type":"product","link":"https:\/\/www.erudio.si\/erudiobeauty\/shop\/izdelek\/cosmonails-etui-za-copice-skatla\/","title":{"rendered":"COSMONAILS Etui za \u010dopi\u010de &#8211; \u0161katla"},"content":{"rendered":"<h5>Za \u010diste in urejene \u010dopi\u010de bo poskrbel \u010dudovit etui za \u010dopi\u010de v obliki \u0161katle.<\/h5>\n<p>Zahvaljujo\u010d Cosmonails \u0161katli za \u010dopi\u010de, lahko le te brezhibno prena\u0161at, ter svoje dragocene \u010dopi\u010de tudi za\u0161\u010ditite.<\/p>\n","protected":false},"excerpt":{"rendered":"<h4>Za \u010diste in urejene \u010dopi\u010de bo poskrbel \u010dudovit etui za \u010dopi\u010de v obliki \u0161katle.<\/h4>\n","protected":false},"featured_media":1800,"comment_status":"closed","ping_status":"closed","template":"","meta":[],"_links":{"self":[{"href":"https:\/\/www.erudio.si\/erudiobeauty\/shop\/wp-json\/wp\/v2\/product\/1799"}],"collection":[{"href":"https:\/\/www.erudio.si\/erudiobeauty\/shop\/wp-json\/wp\/v2\/product"}],"about":[{"href":"https:\/\/www.erudio.si\/erudiobeauty\/shop\/wp-json\/wp\/v2\/types\/product"}],"replies":[{"embeddable":true,"href":"https:\/\/www.erudio.si\/erudiobeauty\/shop\/wp-json\/wp\/v2\/comments?post=1799"}],"wp:featuredmedia":[{"embeddable":true,"href":"https:\/\/www.erudio.si\/erudiobeauty\/shop\/wp-json\/wp\/v2\/media\/1800"}],"wp:attachment":[{"href":"https:\/\/www.erudio.si\/erudiobeauty\/shop\/wp-json\/wp\/v2\/media?parent=1799"}],"curies":[{"name":"wp","href":"https:\/\/api.w.org\/{rel}","templated":true}]}}