{"id":1728,"date":"2018-03-08T11:24:37","date_gmt":"2018-03-08T10:24:37","guid":{"rendered":"https:\/\/www.erudio.si\/erudiobeauty\/shop\/?post_type=product&#038;p=1728"},"modified":"2026-03-18T22:43:56","modified_gmt":"2026-03-18T21:43:56","slug":"akcijski-paket-za-cudovit-pogled","status":"publish","type":"product","link":"https:\/\/www.erudio.si\/erudiobeauty\/shop\/izdelek\/akcijski-paket-za-cudovit-pogled\/","title":{"rendered":"AKCIJSKI PAKET  &#8211; ZA \u010cUDOVIT POGLED"},"content":{"rendered":"<h4>Razvajajte se z Erudio Beauty paketom Za \u010dudovit pogled.<\/h4>\n<p>Paket sestavljata:<\/p>\n<h4>Paleta 5-ih sen\u010dil bo va\u0161 idealen partner in obvezen pripomo\u010dek pri li\u010denju.<\/h4>\n<p>Sen\u010dila Erudio Beauty so visoko pigmentirana, izjemno obstojna ter lahka za zabrisovanje. Posebnost na\u0161ih sen\u010dil je poleg tega, da se ne usuvajo ter so odporna na udarce tudi v tem, da se jih lahko uporablja kot sen\u010dilo za veke, rde\u010dilo za lica in sen\u010denje obrvi. \u010cudoviti mat odtenki bodo tako \u0161e dodatno poudarili va\u0161o lepoto.<\/p>\n<p>ter<\/p>\n<h4>\u010copi\u010d za nana\u0161anje sen\u010dil na veke.<\/h4>\n<p>Narejen iz veveri\u010dje dlake. Idealen tudi za zabrisovanje in ustvarjanje popolne linije sen\u010dila.<\/p>\n","protected":false},"excerpt":{"rendered":"<h4>Razvajajte se z Erudio Beauty paketom Za \u010dudovit pogled.<\/h4>\n","protected":false},"featured_media":1729,"comment_status":"closed","ping_status":"closed","template":"","meta":[],"_links":{"self":[{"href":"https:\/\/www.erudio.si\/erudiobeauty\/shop\/wp-json\/wp\/v2\/product\/1728"}],"collection":[{"href":"https:\/\/www.erudio.si\/erudiobeauty\/shop\/wp-json\/wp\/v2\/product"}],"about":[{"href":"https:\/\/www.erudio.si\/erudiobeauty\/shop\/wp-json\/wp\/v2\/types\/product"}],"replies":[{"embeddable":true,"href":"https:\/\/www.erudio.si\/erudiobeauty\/shop\/wp-json\/wp\/v2\/comments?post=1728"}],"wp:featuredmedia":[{"embeddable":true,"href":"https:\/\/www.erudio.si\/erudiobeauty\/shop\/wp-json\/wp\/v2\/media\/1729"}],"wp:attachment":[{"href":"https:\/\/www.erudio.si\/erudiobeauty\/shop\/wp-json\/wp\/v2\/media?parent=1728"}],"curies":[{"name":"wp","href":"https:\/\/api.w.org\/{rel}","templated":true}]}}