{"id":1697,"date":"2018-02-22T11:55:02","date_gmt":"2018-02-22T10:55:02","guid":{"rendered":"https:\/\/www.erudio.si\/erudiobeauty\/shop\/?post_type=product&#038;p=1697"},"modified":"2026-03-18T22:43:59","modified_gmt":"2026-03-18T21:43:59","slug":"cosmonails-etui-za-copice","status":"publish","type":"product","link":"https:\/\/www.erudio.si\/erudiobeauty\/shop\/izdelek\/cosmonails-etui-za-copice\/","title":{"rendered":"Cosmonails etui za \u010dopi\u010de"},"content":{"rendered":"<h4>Cosmonails etui za \u010dopi\u010de bo poskrbel za va\u0161e \u010dopi\u010de za nohte.<\/h4>\n<p><strong>Prakti\u010den plasti\u010den etui v \u010drni barvi za shranjevanje \u010dopi\u010dev za nohte. Etui \u0161\u010diti \u010dopi\u010de pred po\u0161kodbami.<\/strong><\/p>\n","protected":false},"excerpt":{"rendered":"<h4>Poskrbite za svoje \u010dopi\u010de z etuijem za \u010dopi\u010de Cosmonails.<\/h4>\n","protected":false},"featured_media":1700,"comment_status":"closed","ping_status":"closed","template":"","meta":[],"_links":{"self":[{"href":"https:\/\/www.erudio.si\/erudiobeauty\/shop\/wp-json\/wp\/v2\/product\/1697"}],"collection":[{"href":"https:\/\/www.erudio.si\/erudiobeauty\/shop\/wp-json\/wp\/v2\/product"}],"about":[{"href":"https:\/\/www.erudio.si\/erudiobeauty\/shop\/wp-json\/wp\/v2\/types\/product"}],"replies":[{"embeddable":true,"href":"https:\/\/www.erudio.si\/erudiobeauty\/shop\/wp-json\/wp\/v2\/comments?post=1697"}],"wp:featuredmedia":[{"embeddable":true,"href":"https:\/\/www.erudio.si\/erudiobeauty\/shop\/wp-json\/wp\/v2\/media\/1700"}],"wp:attachment":[{"href":"https:\/\/www.erudio.si\/erudiobeauty\/shop\/wp-json\/wp\/v2\/media?parent=1697"}],"curies":[{"name":"wp","href":"https:\/\/api.w.org\/{rel}","templated":true}]}}