{"id":1644,"date":"2018-01-17T16:09:33","date_gmt":"2018-01-17T15:09:33","guid":{"rendered":"https:\/\/www.erudio.si\/erudiobeauty\/shop\/?post_type=product&#038;p=1644\/"},"modified":"2026-03-18T22:44:00","modified_gmt":"2026-03-18T21:44:00","slug":"cosmonails-camouflage-02-kamuflazni-gel-50ml","status":"publish","type":"product","link":"https:\/\/www.erudio.si\/erudiobeauty\/shop\/izdelek\/cosmonails-camouflage-02-kamuflazni-gel-50ml\/","title":{"rendered":"Cosmonails Camouflage 02 &#8211; kamufla\u017eni gel 50ml"},"content":{"rendered":"<h4>Cosmonails Camouflage je monofazni kamufla\u017eni gel, srednje gostote. Naloga gela je prekrivanje nepravilnosti nohtne plo\u0161\u010de. Zaradi svoje formulacije, je delo z gelom zelo enostavno.<\/h4>\n<p>&nbsp;<\/p>\n<p>Navodila za uporabo:<\/p>\n<p>Nanesite sloj gela na noht ali na umetno konico in utrjujte pod UV svetlobo 3 minute. Po utrjevanju odstranite disperzijsko plast z celulozno vato napojeno z Razma\u0161\u010devalcem- Cleanerjem.<\/p>\n<p><strong>Samo za profesionalno uporabo.<\/strong><\/p>\n<p>&nbsp;<\/p>\n","protected":false},"excerpt":{"rendered":"<h4>Cosmonails Camouflage je monofazni kamufla\u017eni gel, srednje gostote.<\/h4>\n<p>Naloga gela je prekrivanje nepravilnosti nohtne plo\u0161\u010de. Zaradi svoje formulacije, je delo z gelom zelo enostavno.<\/p>\n","protected":false},"featured_media":1645,"comment_status":"closed","ping_status":"closed","template":"","meta":[],"_links":{"self":[{"href":"https:\/\/www.erudio.si\/erudiobeauty\/shop\/wp-json\/wp\/v2\/product\/1644"}],"collection":[{"href":"https:\/\/www.erudio.si\/erudiobeauty\/shop\/wp-json\/wp\/v2\/product"}],"about":[{"href":"https:\/\/www.erudio.si\/erudiobeauty\/shop\/wp-json\/wp\/v2\/types\/product"}],"replies":[{"embeddable":true,"href":"https:\/\/www.erudio.si\/erudiobeauty\/shop\/wp-json\/wp\/v2\/comments?post=1644"}],"wp:featuredmedia":[{"embeddable":true,"href":"https:\/\/www.erudio.si\/erudiobeauty\/shop\/wp-json\/wp\/v2\/media\/1645"}],"wp:attachment":[{"href":"https:\/\/www.erudio.si\/erudiobeauty\/shop\/wp-json\/wp\/v2\/media?parent=1644"}],"curies":[{"name":"wp","href":"https:\/\/api.w.org\/{rel}","templated":true}]}}