{"id":1539,"date":"2017-10-04T12:02:35","date_gmt":"2017-10-04T10:02:35","guid":{"rendered":"https:\/\/www.erudio.si\/erudiobeauty\/shop\/?post_type=product&#038;p=1539\/"},"modified":"2026-03-18T22:44:07","modified_gmt":"2026-03-18T21:44:07","slug":"yodeyma-moski-parfum-aqua-per-uomo-100ml","status":"publish","type":"product","link":"https:\/\/www.erudio.si\/erudiobeauty\/shop\/izdelek\/yodeyma-moski-parfum-aqua-per-uomo-100ml\/","title":{"rendered":"YODEYMA MO\u0160KI PARFUM AQUA PER UOMO 100ml"},"content":{"rendered":"<h4 class=\"page-heading\">ACQUA PER UOMO<\/h4>\n<h4>Eau de Parfum 100ml.<\/h4>\n<p>Citrusno sve\u017e<br \/>\nAcqua per Uomo je sve\u017e parfum za naravnega in modernega mo\u0161kega.<\/p>\n<p>Vrhnje note, izra\u017eajo prvi stik s parfumom.<br \/>\nSr\u010dne note, izra\u017eajo du\u0161o parfumov.<br \/>\nBazne note, dajejo globino parfumom.<\/p>\n","protected":false},"excerpt":{"rendered":"<h4 class=\"page-heading\">ACQUA PER UOMO<\/h4>\n<h4>Eau de Parfum 100ml.<\/h4>\n<p>Citrusno sve\u017e<br \/>\nAcqua per Uomo je sve\u017e parfum za naravnega in modernega mo\u0161kega.<\/p>\n<p>Vrhnje note, izra\u017eajo prvi stik s parfumom.<br \/>\nSr\u010dne note, izra\u017eajo du\u0161o parfumov.<br \/>\nBazne note, dajejo globino parfumom.<\/p>\n","protected":false},"featured_media":1558,"comment_status":"closed","ping_status":"closed","template":"","meta":[],"_links":{"self":[{"href":"https:\/\/www.erudio.si\/erudiobeauty\/shop\/wp-json\/wp\/v2\/product\/1539"}],"collection":[{"href":"https:\/\/www.erudio.si\/erudiobeauty\/shop\/wp-json\/wp\/v2\/product"}],"about":[{"href":"https:\/\/www.erudio.si\/erudiobeauty\/shop\/wp-json\/wp\/v2\/types\/product"}],"replies":[{"embeddable":true,"href":"https:\/\/www.erudio.si\/erudiobeauty\/shop\/wp-json\/wp\/v2\/comments?post=1539"}],"wp:featuredmedia":[{"embeddable":true,"href":"https:\/\/www.erudio.si\/erudiobeauty\/shop\/wp-json\/wp\/v2\/media\/1558"}],"wp:attachment":[{"href":"https:\/\/www.erudio.si\/erudiobeauty\/shop\/wp-json\/wp\/v2\/media?parent=1539"}],"curies":[{"name":"wp","href":"https:\/\/api.w.org\/{rel}","templated":true}]}}