{"id":1529,"date":"2017-10-04T11:54:54","date_gmt":"2017-10-04T09:54:54","guid":{"rendered":"https:\/\/www.erudio.si\/erudiobeauty\/shop\/?post_type=product&#038;p=1529\/"},"modified":"2026-03-18T22:44:07","modified_gmt":"2026-03-18T21:44:07","slug":"yodeyma-zenski-parfum-transparencia-100ml","status":"publish","type":"product","link":"https:\/\/www.erudio.si\/erudiobeauty\/shop\/izdelek\/yodeyma-zenski-parfum-transparencia-100ml\/","title":{"rendered":"YODEYMA \u017dENSKI PARFUM TRANSPARENCIA 100ml"},"content":{"rendered":"<h4>Transparencia je di\u0161ava\u00a0sve\u017eega vonja, primerna za privla\u010dno \u017eensko.<\/h4>\n<p>Vrhnje note, izra\u017eajo prvi stik s parfumom.<br \/>\nSr\u010dne note, izra\u017eajo du\u0161o parfumov.<br \/>\nBazne note, dajejo globino parfumom.<\/p>\n<div class=\"notas-img clearfix\"><\/div>\n","protected":false},"excerpt":{"rendered":"<h4>Transparencia je di\u0161ava\u00a0sve\u017eega vonja, primerna za privla\u010dno \u017eensko.<\/h4>\n<p>Vrhnje note, izra\u017eajo prvi stik s parfumom.<br \/>\nSr\u010dne note, izra\u017eajo du\u0161o parfumov.<br \/>\nBazne note, dajejo globino parfumom.<\/p>\n<div class=\"notas-img clearfix\"><\/div>\n","protected":false},"featured_media":1532,"comment_status":"closed","ping_status":"closed","template":"","meta":[],"_links":{"self":[{"href":"https:\/\/www.erudio.si\/erudiobeauty\/shop\/wp-json\/wp\/v2\/product\/1529"}],"collection":[{"href":"https:\/\/www.erudio.si\/erudiobeauty\/shop\/wp-json\/wp\/v2\/product"}],"about":[{"href":"https:\/\/www.erudio.si\/erudiobeauty\/shop\/wp-json\/wp\/v2\/types\/product"}],"replies":[{"embeddable":true,"href":"https:\/\/www.erudio.si\/erudiobeauty\/shop\/wp-json\/wp\/v2\/comments?post=1529"}],"wp:featuredmedia":[{"embeddable":true,"href":"https:\/\/www.erudio.si\/erudiobeauty\/shop\/wp-json\/wp\/v2\/media\/1532"}],"wp:attachment":[{"href":"https:\/\/www.erudio.si\/erudiobeauty\/shop\/wp-json\/wp\/v2\/media?parent=1529"}],"curies":[{"name":"wp","href":"https:\/\/api.w.org\/{rel}","templated":true}]}}