{"id":1526,"date":"2017-10-04T11:49:36","date_gmt":"2017-10-04T09:49:36","guid":{"rendered":"https:\/\/www.erudio.si\/erudiobeauty\/shop\/?post_type=product&#038;p=1526\/"},"modified":"2026-03-18T22:44:07","modified_gmt":"2026-03-18T21:44:07","slug":"yodeyma-zenski-parfum-nicolas-100ml","status":"publish","type":"product","link":"https:\/\/www.erudio.si\/erudiobeauty\/shop\/izdelek\/yodeyma-zenski-parfum-nicolas-100ml\/","title":{"rendered":"YODEYMA \u017dENSKI PARFUM NICOLAS FOR HER  100ml"},"content":{"rendered":"<h4>Nicol\u00e1s for her je prefinjena di\u0161ava za dana\u0161njo moderno \u017eensko.<\/h4>\n<h5>Cvetli\u010dno lesni<\/h5>\n<p>Vrhnje note, izra\u017eajo prvi stik s parfumom.<br \/>\nSr\u010dne note, izra\u017eajo du\u0161o parfumov.<br \/>\nBazne note, dajejo globino parfumom.<\/p>\n","protected":false},"excerpt":{"rendered":"<h4>Nicol\u00e1s for her je prefinjena di\u0161ava za dana\u0161njo moderno \u017eensko.<\/h4>\n<h5>Cvetli\u010dno lesni<\/h5>\n<p>Vrhnje note, izra\u017eajo prvi stik s parfumom.<br \/>\nSr\u010dne note, izra\u017eajo du\u0161o parfumov.<br \/>\nBazne note, dajejo globino parfumom.<\/p>\n","protected":false},"featured_media":1562,"comment_status":"closed","ping_status":"closed","template":"","meta":[],"_links":{"self":[{"href":"https:\/\/www.erudio.si\/erudiobeauty\/shop\/wp-json\/wp\/v2\/product\/1526"}],"collection":[{"href":"https:\/\/www.erudio.si\/erudiobeauty\/shop\/wp-json\/wp\/v2\/product"}],"about":[{"href":"https:\/\/www.erudio.si\/erudiobeauty\/shop\/wp-json\/wp\/v2\/types\/product"}],"replies":[{"embeddable":true,"href":"https:\/\/www.erudio.si\/erudiobeauty\/shop\/wp-json\/wp\/v2\/comments?post=1526"}],"wp:featuredmedia":[{"embeddable":true,"href":"https:\/\/www.erudio.si\/erudiobeauty\/shop\/wp-json\/wp\/v2\/media\/1562"}],"wp:attachment":[{"href":"https:\/\/www.erudio.si\/erudiobeauty\/shop\/wp-json\/wp\/v2\/media?parent=1526"}],"curies":[{"name":"wp","href":"https:\/\/api.w.org\/{rel}","templated":true}]}}