{"id":1496,"date":"2017-08-29T12:27:49","date_gmt":"2017-08-29T10:27:49","guid":{"rendered":"https:\/\/www.erudio.si\/erudiobeauty\/shop\/?post_type=product&#038;p=1496\/"},"modified":"2026-03-18T22:44:07","modified_gmt":"2026-03-18T21:44:07","slug":"cistilni-gel-za-copice","status":"publish","type":"product","link":"https:\/\/www.erudio.si\/erudiobeauty\/shop\/izdelek\/cistilni-gel-za-copice\/","title":{"rendered":"\u010cISTILNI GEL ZA \u010cOPI\u010cE"},"content":{"rendered":"<h4 id=\"tw-target-text\" class=\"tw-data-text tw-ta tw-text-small\"><span lang=\"sl\">Ohranite lepoto va\u0161ih \u010dopi\u010dev in gobic z Erudio Beauty \u00a0\u010distilnim gelom.<\/span><\/h4>\n<p class=\"tw-data-text tw-ta tw-text-small\" dir=\"ltr\"><span lang=\"sl\"> U\u010dinkovita formula hitro odstrani ostanke li\u010dil iz \u010dopi\u010dev, \u0161\u010detine ne izsu\u0161i. Po uporabi so \u0161\u010detine mehke in di\u0161e\u010de. Idealen je za globinsko \u010di\u0161\u010denje \u010dopi\u010dev in gobic.<\/span><\/p>\n<p dir=\"ltr\">Kapaciteta: 40g<\/p>\n","protected":false},"excerpt":{"rendered":"<p><span lang=\"sl\">U\u010dinkovita formula hitro odstrani ostanke li\u010dil iz \u010dopi\u010dev, \u0161\u010detine ne izsu\u0161i. Po uporabi so \u0161\u010detine mehke in di\u0161e\u010de. Idealen je za globinsko \u010di\u0161\u010denje \u010dopi\u010dev in gobic. Privo\u0161\u010dite sebi in va\u0161im strankam mehkobo in ugodje.\u00a0<\/span><\/p>\n","protected":false},"featured_media":1497,"comment_status":"closed","ping_status":"closed","template":"","meta":[],"_links":{"self":[{"href":"https:\/\/www.erudio.si\/erudiobeauty\/shop\/wp-json\/wp\/v2\/product\/1496"}],"collection":[{"href":"https:\/\/www.erudio.si\/erudiobeauty\/shop\/wp-json\/wp\/v2\/product"}],"about":[{"href":"https:\/\/www.erudio.si\/erudiobeauty\/shop\/wp-json\/wp\/v2\/types\/product"}],"replies":[{"embeddable":true,"href":"https:\/\/www.erudio.si\/erudiobeauty\/shop\/wp-json\/wp\/v2\/comments?post=1496"}],"wp:featuredmedia":[{"embeddable":true,"href":"https:\/\/www.erudio.si\/erudiobeauty\/shop\/wp-json\/wp\/v2\/media\/1497"}],"wp:attachment":[{"href":"https:\/\/www.erudio.si\/erudiobeauty\/shop\/wp-json\/wp\/v2\/media?parent=1496"}],"curies":[{"name":"wp","href":"https:\/\/api.w.org\/{rel}","templated":true}]}}