{"id":1298,"date":"2017-07-03T10:08:49","date_gmt":"2017-07-03T08:08:49","guid":{"rendered":"https:\/\/test.zaris.si\/?post_type=product&#038;p=1298\/"},"modified":"2026-03-18T22:44:08","modified_gmt":"2026-03-18T21:44:08","slug":"cosmonails-klesce-za-umetne-konice","status":"publish","type":"product","link":"https:\/\/www.erudio.si\/erudiobeauty\/shop\/izdelek\/cosmonails-klesce-za-umetne-konice\/","title":{"rendered":"Cosmonails kle\u0161\u010de za umetne konice"},"content":{"rendered":"<h4>Kle\u0161\u010de za umetne konice so kle\u0161\u010de za kraj\u0161anje umetnih konic.<\/h4>\n<p>Lahko si z njimi pomagamo tudi pri kraj\u0161anju geliranih nohtov pri korekciji. Da konice ne pokajo je zelo pomembna pravilna uporaba kle\u0161\u010d.<\/p>\n","protected":false},"excerpt":{"rendered":"<h4>Kle\u0161\u010de za umetne konice so kle\u0161\u010de za kraj\u0161anje umetnih konic.<\/h4>\n","protected":false},"featured_media":1299,"comment_status":"closed","ping_status":"closed","template":"","meta":[],"_links":{"self":[{"href":"https:\/\/www.erudio.si\/erudiobeauty\/shop\/wp-json\/wp\/v2\/product\/1298"}],"collection":[{"href":"https:\/\/www.erudio.si\/erudiobeauty\/shop\/wp-json\/wp\/v2\/product"}],"about":[{"href":"https:\/\/www.erudio.si\/erudiobeauty\/shop\/wp-json\/wp\/v2\/types\/product"}],"replies":[{"embeddable":true,"href":"https:\/\/www.erudio.si\/erudiobeauty\/shop\/wp-json\/wp\/v2\/comments?post=1298"}],"wp:featuredmedia":[{"embeddable":true,"href":"https:\/\/www.erudio.si\/erudiobeauty\/shop\/wp-json\/wp\/v2\/media\/1299"}],"wp:attachment":[{"href":"https:\/\/www.erudio.si\/erudiobeauty\/shop\/wp-json\/wp\/v2\/media?parent=1298"}],"curies":[{"name":"wp","href":"https:\/\/api.w.org\/{rel}","templated":true}]}}