{"id":1295,"date":"2017-07-03T10:03:53","date_gmt":"2017-07-03T08:03:53","guid":{"rendered":"https:\/\/test.zaris.si\/?post_type=product&#038;p=1295\/"},"modified":"2026-03-18T22:44:08","modified_gmt":"2026-03-18T21:44:08","slug":"cosmonails-pinceta-za-pincanje","status":"publish","type":"product","link":"https:\/\/www.erudio.si\/erudiobeauty\/shop\/izdelek\/cosmonails-pinceta-za-pincanje\/","title":{"rendered":"Cosmonails pinceta za pin\u010danje"},"content":{"rendered":"<h4>Danes skoraj nepogre\u0161ljiv pripomo\u010dek pri izdelovanju in modeliranju nohtov po sistemu \u0161ablon, tako v svetu UV gela kot tudi v svetu akrila.<\/h4>\n<p>Ta pinceta vam omogo\u010da oblikovati noht v perfektno &#8220;C &#8211; inijo&#8221; ter tako dose\u010di perfektni videz nohta in ustvariti stabilen noht. Pri uporabi gela vam za &#8220;pinchanje&#8221; svetujemo Cosmonails Steel Builder gel. Po priblizno 10-15 sekundah utrjevanja v UV lu\u010dki je ta \u0161e vedno dovolj pro\u017een za oblikovanje v C krivuljo in to obliko bo noht tudi ohranil po odstranitvi \u0161ablone.<\/p>\n","protected":false},"excerpt":{"rendered":"<h4>Danes skoraj nepogre\u0161ljiv pripomo\u010dek pri izdelovanju in modeliranju nohtov po sistemu \u0161ablon, tako v svetu UV gela kot tudi v svetu akrila.<\/h4>\n","protected":false},"featured_media":1296,"comment_status":"closed","ping_status":"closed","template":"","meta":[],"_links":{"self":[{"href":"https:\/\/www.erudio.si\/erudiobeauty\/shop\/wp-json\/wp\/v2\/product\/1295"}],"collection":[{"href":"https:\/\/www.erudio.si\/erudiobeauty\/shop\/wp-json\/wp\/v2\/product"}],"about":[{"href":"https:\/\/www.erudio.si\/erudiobeauty\/shop\/wp-json\/wp\/v2\/types\/product"}],"replies":[{"embeddable":true,"href":"https:\/\/www.erudio.si\/erudiobeauty\/shop\/wp-json\/wp\/v2\/comments?post=1295"}],"wp:featuredmedia":[{"embeddable":true,"href":"https:\/\/www.erudio.si\/erudiobeauty\/shop\/wp-json\/wp\/v2\/media\/1296"}],"wp:attachment":[{"href":"https:\/\/www.erudio.si\/erudiobeauty\/shop\/wp-json\/wp\/v2\/media?parent=1295"}],"curies":[{"name":"wp","href":"https:\/\/api.w.org\/{rel}","templated":true}]}}