{"id":1241,"date":"2017-07-01T15:43:42","date_gmt":"2017-07-01T13:43:42","guid":{"rendered":"https:\/\/test.zaris.si\/?post_type=product&#038;p=1241\/"},"modified":"2026-03-18T22:44:14","modified_gmt":"2026-03-18T21:44:14","slug":"comonails-brezkislinski-primer-12ml","status":"publish","type":"product","link":"https:\/\/www.erudio.si\/erudiobeauty\/shop\/izdelek\/comonails-brezkislinski-primer-12ml\/","title":{"rendered":"Comonails Brezkislinski Primer 12ml"},"content":{"rendered":"<h4>Visoko kvaliteten brezkislinski primer.<\/h4>\n<p>Podalj\u0161a obstojnost nohtov in pove\u010da oprijem gela ali akrila ali gel laka. Premaz nohta s primerjem je osnovni premaz nohta pred za\u010detkom modeliranja z gelom ali akrilom. Primer se su\u0161i na naravnem zraku.<\/p>\n<p>Ni potrebno utrjevanje v UV lu\u010dki.<\/p>\n","protected":false},"excerpt":{"rendered":"<h4>Visoko kvaliteten brezkislinski primer.<\/h4>\n<p>Podalj\u0161a obstojnost nohtov in pove\u010da oprijem gela ali akrila ali gel laka.<\/p>\n","protected":false},"featured_media":1242,"comment_status":"closed","ping_status":"closed","template":"","meta":[],"_links":{"self":[{"href":"https:\/\/www.erudio.si\/erudiobeauty\/shop\/wp-json\/wp\/v2\/product\/1241"}],"collection":[{"href":"https:\/\/www.erudio.si\/erudiobeauty\/shop\/wp-json\/wp\/v2\/product"}],"about":[{"href":"https:\/\/www.erudio.si\/erudiobeauty\/shop\/wp-json\/wp\/v2\/types\/product"}],"replies":[{"embeddable":true,"href":"https:\/\/www.erudio.si\/erudiobeauty\/shop\/wp-json\/wp\/v2\/comments?post=1241"}],"wp:featuredmedia":[{"embeddable":true,"href":"https:\/\/www.erudio.si\/erudiobeauty\/shop\/wp-json\/wp\/v2\/media\/1242"}],"wp:attachment":[{"href":"https:\/\/www.erudio.si\/erudiobeauty\/shop\/wp-json\/wp\/v2\/media?parent=1241"}],"curies":[{"name":"wp","href":"https:\/\/api.w.org\/{rel}","templated":true}]}}